{"id":139365,"date":"2022-12-25T06:01:01","date_gmt":"2022-12-25T06:01:01","guid":{"rendered":"https:\/\/cerebra-nootropics.com\/datenschutz-und-cookie-richtlinie\/"},"modified":"2024-05-27T19:26:00","modified_gmt":"2024-05-27T19:26:00","slug":"datenschutz-und-cookie-richtlinie","status":"publish","type":"page","link":"https:\/\/cerebra-nootropics.com\/de\/datenschutz-und-cookie-richtlinie\/","title":{"rendered":"Datenschutz- und Cookie-Richtlinie"},"content":{"rendered":"\t\t<div data-elementor-type=\"wp-page\" data-elementor-id=\"139365\" class=\"elementor elementor-139365 elementor-3\">\n\t\t\t\t<div class=\"elementor-element elementor-element-774a636 e-flex e-con-boxed e-con e-parent\" data-id=\"774a636\" data-element_type=\"container\">\n\t\t\t\t\t<div class=\"e-con-inner\">\n\t\t\t\t<div class=\"elementor-element elementor-element-27cd657 elementor-widget elementor-widget-text-editor\" data-id=\"27cd657\" data-element_type=\"widget\" data-widget_type=\"text-editor.default\">\n\t\t\t\t<div class=\"elementor-widget-container\">\n\t\t\t\t\t\t\t<p class=\"p1\">Diese Datenschutzrichtlinie legt fest, wie diese Website (im Folgenden \u201eder Store\u201c) alle Informationen nutzt und sch\u00fctzt, die Sie dem Store bei der Nutzung dieser Website \u00fcbermitteln. Der Shop verpflichtet sich, den Schutz Ihrer Privatsph\u00e4re zu gew\u00e4hrleisten. Sollten wir Sie um die Angabe bestimmter Informationen bitten, anhand derer Sie bei der Nutzung dieser Website identifiziert werden k\u00f6nnen, k\u00f6nnen Sie sicher sein, dass diese nur in \u00dcbereinstimmung mit dieser Datenschutzerkl\u00e4rung verwendet werden. Der Store kann diese Richtlinie von Zeit zu Zeit durch Aktualisierung dieser Seite \u00e4ndern. Sie sollten diese Seite von Zeit zu Zeit \u00fcberpr\u00fcfen, um sicherzustellen, dass Sie mit etwaigen \u00c4nderungen zufrieden sind.<\/p>\n\t\t\t\t\t\t<\/div>\n\t\t\t\t<\/div>\n\t\t\t\t\t<\/div>\n\t\t\t\t<\/div>\n\t\t<div class=\"elementor-element elementor-element-03add33 e-flex e-con-boxed e-con e-parent\" data-id=\"03add33\" data-element_type=\"container\">\n\t\t\t\t\t<div class=\"e-con-inner\">\n\t\t\t\t<div class=\"elementor-element elementor-element-55be52f elementor-widget elementor-widget-text-editor\" data-id=\"55be52f\" data-element_type=\"widget\" data-widget_type=\"text-editor.default\">\n\t\t\t\t<div class=\"elementor-widget-container\">\n\t\t\t\t\t\t\t<h2>Was wir sammeln<\/h2>\n<p class=\"p1\">Wir k\u00f6nnen die folgenden Informationen sammeln:<\/p>\n<ul>\n<li class=\"li1\">name<\/li>\n<li class=\"li1\">Kontaktinformationen einschlie\u00dflich E-Mail-Adresse<\/li>\n<li class=\"li1\">demografische Informationen wie Postleitzahl, Vorlieben und Interessen<\/li>\n<li class=\"li1\">sonstige f\u00fcr Kundenumfragen und\/oder Angebote relevante Informationen<\/li>\n<\/ul>\n<p class=\"p1\">Die vollst\u00e4ndige Liste der von uns erfassten Cookies finden Sie in der \u201eListe der von uns erfassten Cookies\u201c am Ende dieser Seite.<\/p>\n\t\t\t\t\t\t<\/div>\n\t\t\t\t<\/div>\n\t\t\t\t\t<\/div>\n\t\t\t\t<\/div>\n\t\t<div class=\"elementor-element elementor-element-bd9d62f e-flex e-con-boxed e-con e-parent\" data-id=\"bd9d62f\" data-element_type=\"container\">\n\t\t\t\t\t<div class=\"e-con-inner\">\n\t\t\t\t<div class=\"elementor-element elementor-element-2137959 elementor-widget elementor-widget-text-editor\" data-id=\"2137959\" data-element_type=\"widget\" data-widget_type=\"text-editor.default\">\n\t\t\t\t<div class=\"elementor-widget-container\">\n\t\t\t\t\t\t\t<h2>Was wir mit den von uns gesammelten Informationen machen<\/h2>\n<p class=\"p1\">Wir ben\u00f6tigen diese Informationen, um Ihre Bed\u00fcrfnisse zu verstehen und Ihnen einen besseren Service bieten zu k\u00f6nnen, insbesondere aus folgenden Gr\u00fcnden:<\/p>\n<ul>\n<li class=\"li1\">Interne Aufzeichnungen.<\/li>\n<li class=\"li1\">Wir k\u00f6nnen die Informationen verwenden, um unsere Produkte und Dienstleistungen zu verbessern.<\/li>\n<li class=\"li1\">An die von Ihnen angegebene E-Mail-Adresse k\u00f6nnen wir in regelm\u00e4\u00dfigen Abst\u00e4nden Werbe-E-Mails \u00fcber neue Produkte, Sonderangebote oder andere Informationen senden, die unserer Meinung nach f\u00fcr Sie interessant sein k\u00f6nnten.<\/li>\n<li class=\"li2\">Von Zeit zu Zeit k\u00f6nnen wir Ihre Daten auch dazu verwenden, Sie zu Marktforschungszwecken zu kontaktieren. Wir k\u00f6nnen Sie per E-Mail, Telefon, Fax oder Post kontaktieren. Wir k\u00f6nnen die Informationen verwenden, um die Website entsprechend Ihren Interessen anzupassen.<\/li>\n<\/ul>\n\t\t\t\t\t\t<\/div>\n\t\t\t\t<\/div>\n\t\t\t\t\t<\/div>\n\t\t\t\t<\/div>\n\t\t<div class=\"elementor-element elementor-element-99798cc e-flex e-con-boxed e-con e-parent\" data-id=\"99798cc\" data-element_type=\"container\">\n\t\t\t\t\t<div class=\"e-con-inner\">\n\t\t\t\t<div class=\"elementor-element elementor-element-57eec1e elementor-widget elementor-widget-text-editor\" data-id=\"57eec1e\" data-element_type=\"widget\" data-widget_type=\"text-editor.default\">\n\t\t\t\t<div class=\"elementor-widget-container\">\n\t\t\t\t\t\t\t<h2 class=\"p1\"><b>Sicherheit<\/b><\/h2>\n<p class=\"p1\">Wir setzen uns daf\u00fcr ein, dass Ihre Daten sicher sind. Um einen unbefugten Zugriff oder eine unbefugte Offenlegung zu verhindern, haben wir geeignete physische, elektronische und verwaltungstechnische Verfahren zum Schutz und zur Sicherung der von uns online erfassten Informationen eingerichtet.<\/p>\n\t\t\t\t\t\t<\/div>\n\t\t\t\t<\/div>\n\t\t\t\t\t<\/div>\n\t\t\t\t<\/div>\n\t\t<div class=\"elementor-element elementor-element-7279cd5 e-flex e-con-boxed e-con e-parent\" data-id=\"7279cd5\" data-element_type=\"container\">\n\t\t\t\t\t<div class=\"e-con-inner\">\n\t\t\t\t<div class=\"elementor-element elementor-element-7dee85b elementor-widget elementor-widget-text-editor\" data-id=\"7dee85b\" data-element_type=\"widget\" data-widget_type=\"text-editor.default\">\n\t\t\t\t<div class=\"elementor-widget-container\">\n\t\t\t\t\t\t\t<h2 class=\"p1\"><b>Wie wir Cookies verwenden<\/b><\/h2>\n<p class=\"p1\">Ein Cookie ist eine kleine Datei, die um Erlaubnis bittet, auf der Festplatte Ihres Computers abgelegt zu werden. Sobald Sie zustimmen, wird die Datei hinzugef\u00fcgt und das Cookie hilft bei der Analyse des Webverkehrs oder informiert Sie, wenn Sie eine bestimmte Website besuchen. Cookies erm\u00f6glichen es Webanwendungen, auf Sie als Einzelperson zu reagieren. Die Webanwendung kann ihre Vorg\u00e4nge an Ihre Bed\u00fcrfnisse, Vorlieben und Abneigungen anpassen, indem sie Informationen \u00fcber Ihre Pr\u00e4ferenzen sammelt und speichert.<\/p>\n<p class=\"p1\">Wir verwenden Traffic-Log-Cookies, um zu identifizieren, welche Seiten verwendet werden. Dies hilft uns, Daten \u00fcber den Webseitenverkehr zu analysieren und unsere Website zu verbessern, um sie an die Bed\u00fcrfnisse der Kunden anzupassen. Wir verwenden diese Informationen nur f\u00fcr statistische Analysezwecke und anschlie\u00dfend werden die Daten aus dem System entfernt.<\/p>\n<p class=\"p2\">Insgesamt helfen uns Cookies dabei, Ihnen eine bessere Website bereitzustellen, indem sie es uns erm\u00f6glichen, zu \u00fcberwachen, welche Seiten Sie n\u00fctzlich finden und welche nicht. Ein Cookie gew\u00e4hrt uns in keiner Weise Zugriff auf Ihren Computer oder andere Informationen \u00fcber Sie, mit Ausnahme der Daten, die Sie uns mitteilen. Sie k\u00f6nnen Cookies akzeptieren oder ablehnen. Diese Datenschutzrichtlinie legt fest, wie diese Website (im Folgenden \u201eder Store\u201c) alle Informationen nutzt und sch\u00fctzt, die Sie dem Store w\u00e4hrend der Nutzung dieser Website \u00fcbermitteln. Dies kann dazu f\u00fchren, dass Sie die Website nicht in vollem Umfang nutzen k\u00f6nnen.<\/p><\/p>\n\t\t\t\t\t\t<\/div>\n\t\t\t\t<\/div>\n\t\t\t\t\t<\/div>\n\t\t\t\t<\/div>\n\t\t<div class=\"elementor-element elementor-element-5736a37 e-flex e-con-boxed e-con e-parent\" data-id=\"5736a37\" data-element_type=\"container\">\n\t\t\t\t\t<div class=\"e-con-inner\">\n\t\t\t\t<div class=\"elementor-element elementor-element-4e6acc8 elementor-widget elementor-widget-text-editor\" data-id=\"4e6acc8\" data-element_type=\"widget\" data-widget_type=\"text-editor.default\">\n\t\t\t\t<div class=\"elementor-widget-container\">\n\t\t\t\t\t\t\t<h2 class=\"p1\"><b>Links zu anderen Websites<\/b><\/h2>\n<p class=\"p1\">Unsere Website kann Links zu anderen interessanten Websites enthalten. Sobald Sie diese Links jedoch zum Verlassen unserer Website verwendet haben, sollten Sie beachten, dass wir keine Kontrolle \u00fcber diese andere Website haben. Daher k\u00f6nnen wir nicht f\u00fcr den Schutz und die Privatsph\u00e4re der Informationen verantwortlich sein, die Sie beim Besuch solcher Websites bereitstellen, und diese Datenschutzerkl\u00e4rung unterliegt nicht den Bestimmungen dieser Datenschutzerkl\u00e4rung. Sie sollten Vorsicht walten lassen und sich die Datenschutzerkl\u00e4rung der betreffenden Website ansehen.<\/p>\n\t\t\t\t\t\t<\/div>\n\t\t\t\t<\/div>\n\t\t\t\t\t<\/div>\n\t\t\t\t<\/div>\n\t\t<div class=\"elementor-element elementor-element-50b887a e-flex e-con-boxed e-con e-parent\" data-id=\"50b887a\" data-element_type=\"container\">\n\t\t\t\t\t<div class=\"e-con-inner\">\n\t\t\t\t<div class=\"elementor-element elementor-element-ca899b0 elementor-widget elementor-widget-text-editor\" data-id=\"ca899b0\" data-element_type=\"widget\" data-widget_type=\"text-editor.default\">\n\t\t\t\t<div class=\"elementor-widget-container\">\n\t\t\t\t\t\t\t<h2 class=\"p1\"><b>Kontrolle Ihrer pers\u00f6nlichen Daten<\/b><\/h2>\n<p class=\"p1\">Sie k\u00f6nnen die Erhebung oder Nutzung Ihrer personenbezogenen Daten auf folgende Weise einschr\u00e4nken:<\/p>\n<ul>\n<li class=\"li1\">Wenn Sie aufgefordert werden, ein Formular auf der Website auszuf\u00fcllen, achten Sie auf das K\u00e4stchen, das Sie anklicken k\u00f6nnen, um anzugeben, dass Sie nicht m\u00f6chten, dass die Informationen von irgendjemandem f\u00fcr Direktmarketingzwecke verwendet werden<\/li>\n<li class=\"li1\">Wenn Sie zuvor zugestimmt haben, dass wir Ihre personenbezogenen Daten f\u00fcr Direktmarketingzwecke verwenden, k\u00f6nnen Sie Ihre Meinung jederzeit \u00e4ndern, indem Sie uns dies \u00fcber unser Kontaktformular auf der Seite \u201eKontakt\u201c mitteilen.<\/li>\n<\/ul>\n<p class=\"p1\">Wir werden Ihre pers\u00f6nlichen Daten nicht an Dritte verkaufen, verteilen oder vermieten, es sei denn, wir haben Ihre Erlaubnis oder sind gesetzlich dazu verpflichtet. Wir k\u00f6nnen Ihre pers\u00f6nlichen Daten verwenden, um Ihnen Werbeinformationen \u00fcber Dritte zuzusenden, die unserer Meinung nach f\u00fcr Sie interessant sein k\u00f6nnten, wenn Sie uns mitteilen, dass Sie dies w\u00fcnschen.<\/p>\n<p class=\"p1\">Sie k\u00f6nnen gem\u00e4\u00df dem Datenschutzgesetz von 1998 Einzelheiten zu den personenbezogenen Daten anfordern, die wir \u00fcber Sie gespeichert haben. Es wird eine geringe Geb\u00fchr erhoben. Wenn Sie eine Kopie der \u00fcber Sie gespeicherten Informationen w\u00fcnschen, senden Sie uns diese Anfrage bitte per E-Mail \u00fcber unser Kontaktformular auf der Seite \u201eKontakt\u201c.<\/p>\n<p class=\"p2\">Wenn Sie der Meinung sind, dass die von uns \u00fcber Sie gespeicherten Informationen falsch oder unvollst\u00e4ndig sind, schreiben Sie uns bitte so schnell wie m\u00f6glich eine E-Mail oder schreiben Sie uns. Wir werden alle Informationen, die sich als falsch herausstellen, umgehend korrigieren.<\/p><\/p>\n\t\t\t\t\t\t<\/div>\n\t\t\t\t<\/div>\n\t\t\t\t\t<\/div>\n\t\t\t\t<\/div>\n\t\t<div class=\"elementor-element elementor-element-6e9eebb e-flex e-con-boxed e-con e-parent\" data-id=\"6e9eebb\" data-element_type=\"container\">\n\t\t\t\t\t<div class=\"e-con-inner\">\n\t\t\t\t<div class=\"elementor-element elementor-element-e52a49d elementor-widget elementor-widget-text-editor\" data-id=\"e52a49d\" data-element_type=\"widget\" data-widget_type=\"text-editor.default\">\n\t\t\t\t<div class=\"elementor-widget-container\">\n\t\t\t\t\t\t\t<h2 class=\"p1\"><b>Kontaktinformationen<\/b><\/h2>\n<p class=\"p1\">Cerebra-Nootropika<br \/><a href=\"mailto:info@cerebra-nootropics.com\"><span class=\"s1\"><strong>info@cerebra-nootropics.com<\/strong><\/span><\/a><\/p>\n\t\t\t\t\t\t<\/div>\n\t\t\t\t<\/div>\n\t\t\t\t\t<\/div>\n\t\t\t\t<\/div>\n\t\t<div class=\"elementor-element elementor-element-a904c9f e-flex e-con-boxed e-con e-parent\" data-id=\"a904c9f\" data-element_type=\"container\">\n\t\t\t\t\t<div class=\"e-con-inner\">\n\t\t\t\t<div class=\"elementor-element elementor-element-a6099f2 elementor-widget elementor-widget-text-editor\" data-id=\"a6099f2\" data-element_type=\"widget\" data-widget_type=\"text-editor.default\">\n\t\t\t\t<div class=\"elementor-widget-container\">\n\t\t\t\t\t\t\t<h2 class=\"p1\"><b>Beschwerden<\/b><\/h2>\n<p class=\"p1\">Wenn Sie eine Beschwerde haben, kontaktieren Sie uns bitte unter <a href=\"mailto:info@cerebra-nootropics.com\"><span class=\"s1\"><strong>info@cerebra-nootropics.com<\/strong><\/span><\/a>. Wir werden Ihre Beschwerde so schnell wie m\u00f6glich beantworten.<\/p>\n\t\t\t\t\t\t<\/div>\n\t\t\t\t<\/div>\n\t\t\t\t\t<\/div>\n\t\t\t\t<\/div>\n\t\t\t\t<\/div>\n\t\t","protected":false},"excerpt":{"rendered":"<p>Diese Datenschutzrichtlinie legt fest, wie diese Website (im Folgenden \u201eder Store\u201c) alle Informationen nutzt und sch\u00fctzt, die Sie dem Store bei der Nutzung dieser Website \u00fcbermitteln. Der Shop verpflichtet sich, den Schutz Ihrer Privatsph\u00e4re zu gew\u00e4hrleisten. Sollten wir Sie um die Angabe bestimmter Informationen bitten, anhand derer Sie bei der Nutzung dieser Website identifiziert werden [&hellip;]<\/p>\n","protected":false},"author":1,"featured_media":0,"parent":0,"menu_order":0,"comment_status":"closed","ping_status":"closed","template":"template-fullwidth.php","meta":{"_acf_changed":false,"footnotes":""},"class_list":["post-139365","page","type-page","status-publish","hentry"],"acf":[],"yoast_head":"<!-- This site is optimized with the Yoast SEO plugin v25.7 - https:\/\/yoast.com\/wordpress\/plugins\/seo\/ -->\n<title>Datenschutz- und Cookie-Richtlinie - cerebra-nootropics.com<\/title>\n<meta name=\"robots\" content=\"index, follow, max-snippet:-1, max-image-preview:large, max-video-preview:-1\" \/>\n<link rel=\"canonical\" href=\"https:\/\/cerebra-nootropics.com\/de\/datenschutz-und-cookie-richtlinie\/\" \/>\n<meta property=\"og:locale\" content=\"de_DE\" \/>\n<meta property=\"og:type\" content=\"article\" \/>\n<meta property=\"og:title\" content=\"Datenschutz- und Cookie-Richtlinie - cerebra-nootropics.com\" \/>\n<meta property=\"og:description\" content=\"Diese Datenschutzrichtlinie legt fest, wie diese Website (im Folgenden \u201eder Store\u201c) alle Informationen nutzt und sch\u00fctzt, die Sie dem Store bei der Nutzung dieser Website \u00fcbermitteln. Der Shop verpflichtet sich, den Schutz Ihrer Privatsph\u00e4re zu gew\u00e4hrleisten. Sollten wir Sie um die Angabe bestimmter Informationen bitten, anhand derer Sie bei der Nutzung dieser Website identifiziert werden [&hellip;]\" \/>\n<meta property=\"og:url\" content=\"https:\/\/cerebra-nootropics.com\/de\/datenschutz-und-cookie-richtlinie\/\" \/>\n<meta property=\"og:site_name\" content=\"cerebra-nootropics.com\" \/>\n<meta property=\"article:publisher\" content=\"https:\/\/www.facebook.com\/CerebraNootropics\/\" \/>\n<meta property=\"article:modified_time\" content=\"2024-05-27T19:26:00+00:00\" \/>\n<meta name=\"twitter:card\" content=\"summary_large_image\" \/>\n<meta name=\"twitter:label1\" content=\"Gesch\u00e4tzte Lesezeit\" \/>\n\t<meta name=\"twitter:data1\" content=\"5\u00a0Minuten\" \/>\n<script type=\"application\/ld+json\" class=\"yoast-schema-graph\">{\"@context\":\"https:\/\/schema.org\",\"@graph\":[{\"@type\":\"WebPage\",\"@id\":\"https:\/\/cerebra-nootropics.com\/de\/datenschutz-und-cookie-richtlinie\/\",\"url\":\"https:\/\/cerebra-nootropics.com\/de\/datenschutz-und-cookie-richtlinie\/\",\"name\":\"Datenschutz- und Cookie-Richtlinie - cerebra-nootropics.com\",\"isPartOf\":{\"@id\":\"https:\/\/cerebra-nootropics.com\/#website\"},\"datePublished\":\"2022-12-25T06:01:01+00:00\",\"dateModified\":\"2024-05-27T19:26:00+00:00\",\"breadcrumb\":{\"@id\":\"https:\/\/cerebra-nootropics.com\/de\/datenschutz-und-cookie-richtlinie\/#breadcrumb\"},\"inLanguage\":\"de\",\"potentialAction\":[{\"@type\":\"ReadAction\",\"target\":[\"https:\/\/cerebra-nootropics.com\/de\/datenschutz-und-cookie-richtlinie\/\"]}]},{\"@type\":\"BreadcrumbList\",\"@id\":\"https:\/\/cerebra-nootropics.com\/de\/datenschutz-und-cookie-richtlinie\/#breadcrumb\",\"itemListElement\":[{\"@type\":\"ListItem\",\"position\":1,\"name\":\"Home\",\"item\":\"https:\/\/cerebra-nootropics.com\/\"},{\"@type\":\"ListItem\",\"position\":2,\"name\":\"Datenschutz- und Cookie-Richtlinie\"}]},{\"@type\":\"WebSite\",\"@id\":\"https:\/\/cerebra-nootropics.com\/#website\",\"url\":\"https:\/\/cerebra-nootropics.com\/\",\"name\":\"Cerebra Nootropics\",\"description\":\"\",\"publisher\":{\"@id\":\"https:\/\/cerebra-nootropics.com\/#organization\"},\"alternateName\":\"Cerebra\",\"potentialAction\":[{\"@type\":\"SearchAction\",\"target\":{\"@type\":\"EntryPoint\",\"urlTemplate\":\"https:\/\/cerebra-nootropics.com\/?s={search_term_string}\"},\"query-input\":{\"@type\":\"PropertyValueSpecification\",\"valueRequired\":true,\"valueName\":\"search_term_string\"}}],\"inLanguage\":\"de\"},{\"@type\":\"Organization\",\"@id\":\"https:\/\/cerebra-nootropics.com\/#organization\",\"name\":\"Cerebra Nootropics\",\"alternateName\":\"Cerebra\",\"url\":\"https:\/\/cerebra-nootropics.com\/\",\"logo\":{\"@type\":\"ImageObject\",\"inLanguage\":\"de\",\"@id\":\"https:\/\/cerebra-nootropics.com\/#\/schema\/logo\/image\/\",\"url\":\"https:\/\/cerebra-nootropics.com\/wp-content\/uploads\/2023\/04\/LOGO_WEB.png\",\"contentUrl\":\"https:\/\/cerebra-nootropics.com\/wp-content\/uploads\/2023\/04\/LOGO_WEB.png\",\"width\":569,\"height\":121,\"caption\":\"Cerebra Nootropics\"},\"image\":{\"@id\":\"https:\/\/cerebra-nootropics.com\/#\/schema\/logo\/image\/\"},\"sameAs\":[\"https:\/\/www.facebook.com\/CerebraNootropics\/\",\"https:\/\/www.instagram.com\/cerebra.nootropics\/\"]}]}<\/script>\n<!-- \/ Yoast SEO plugin. -->","yoast_head_json":{"title":"Datenschutz- und Cookie-Richtlinie - cerebra-nootropics.com","robots":{"index":"index","follow":"follow","max-snippet":"max-snippet:-1","max-image-preview":"max-image-preview:large","max-video-preview":"max-video-preview:-1"},"canonical":"https:\/\/cerebra-nootropics.com\/de\/datenschutz-und-cookie-richtlinie\/","og_locale":"de_DE","og_type":"article","og_title":"Datenschutz- und Cookie-Richtlinie - cerebra-nootropics.com","og_description":"Diese Datenschutzrichtlinie legt fest, wie diese Website (im Folgenden \u201eder Store\u201c) alle Informationen nutzt und sch\u00fctzt, die Sie dem Store bei der Nutzung dieser Website \u00fcbermitteln. Der Shop verpflichtet sich, den Schutz Ihrer Privatsph\u00e4re zu gew\u00e4hrleisten. Sollten wir Sie um die Angabe bestimmter Informationen bitten, anhand derer Sie bei der Nutzung dieser Website identifiziert werden [&hellip;]","og_url":"https:\/\/cerebra-nootropics.com\/de\/datenschutz-und-cookie-richtlinie\/","og_site_name":"cerebra-nootropics.com","article_publisher":"https:\/\/www.facebook.com\/CerebraNootropics\/","article_modified_time":"2024-05-27T19:26:00+00:00","twitter_card":"summary_large_image","twitter_misc":{"Gesch\u00e4tzte Lesezeit":"5\u00a0Minuten"},"schema":{"@context":"https:\/\/schema.org","@graph":[{"@type":"WebPage","@id":"https:\/\/cerebra-nootropics.com\/de\/datenschutz-und-cookie-richtlinie\/","url":"https:\/\/cerebra-nootropics.com\/de\/datenschutz-und-cookie-richtlinie\/","name":"Datenschutz- und Cookie-Richtlinie - cerebra-nootropics.com","isPartOf":{"@id":"https:\/\/cerebra-nootropics.com\/#website"},"datePublished":"2022-12-25T06:01:01+00:00","dateModified":"2024-05-27T19:26:00+00:00","breadcrumb":{"@id":"https:\/\/cerebra-nootropics.com\/de\/datenschutz-und-cookie-richtlinie\/#breadcrumb"},"inLanguage":"de","potentialAction":[{"@type":"ReadAction","target":["https:\/\/cerebra-nootropics.com\/de\/datenschutz-und-cookie-richtlinie\/"]}]},{"@type":"BreadcrumbList","@id":"https:\/\/cerebra-nootropics.com\/de\/datenschutz-und-cookie-richtlinie\/#breadcrumb","itemListElement":[{"@type":"ListItem","position":1,"name":"Home","item":"https:\/\/cerebra-nootropics.com\/"},{"@type":"ListItem","position":2,"name":"Datenschutz- und Cookie-Richtlinie"}]},{"@type":"WebSite","@id":"https:\/\/cerebra-nootropics.com\/#website","url":"https:\/\/cerebra-nootropics.com\/","name":"Cerebra Nootropics","description":"","publisher":{"@id":"https:\/\/cerebra-nootropics.com\/#organization"},"alternateName":"Cerebra","potentialAction":[{"@type":"SearchAction","target":{"@type":"EntryPoint","urlTemplate":"https:\/\/cerebra-nootropics.com\/?s={search_term_string}"},"query-input":{"@type":"PropertyValueSpecification","valueRequired":true,"valueName":"search_term_string"}}],"inLanguage":"de"},{"@type":"Organization","@id":"https:\/\/cerebra-nootropics.com\/#organization","name":"Cerebra Nootropics","alternateName":"Cerebra","url":"https:\/\/cerebra-nootropics.com\/","logo":{"@type":"ImageObject","inLanguage":"de","@id":"https:\/\/cerebra-nootropics.com\/#\/schema\/logo\/image\/","url":"https:\/\/cerebra-nootropics.com\/wp-content\/uploads\/2023\/04\/LOGO_WEB.png","contentUrl":"https:\/\/cerebra-nootropics.com\/wp-content\/uploads\/2023\/04\/LOGO_WEB.png","width":569,"height":121,"caption":"Cerebra Nootropics"},"image":{"@id":"https:\/\/cerebra-nootropics.com\/#\/schema\/logo\/image\/"},"sameAs":["https:\/\/www.facebook.com\/CerebraNootropics\/","https:\/\/www.instagram.com\/cerebra.nootropics\/"]}]}},"_links":{"self":[{"href":"https:\/\/cerebra-nootropics.com\/de\/wp-json\/wp\/v2\/pages\/139365","targetHints":{"allow":["GET"]}}],"collection":[{"href":"https:\/\/cerebra-nootropics.com\/de\/wp-json\/wp\/v2\/pages"}],"about":[{"href":"https:\/\/cerebra-nootropics.com\/de\/wp-json\/wp\/v2\/types\/page"}],"author":[{"embeddable":true,"href":"https:\/\/cerebra-nootropics.com\/de\/wp-json\/wp\/v2\/users\/1"}],"replies":[{"embeddable":true,"href":"https:\/\/cerebra-nootropics.com\/de\/wp-json\/wp\/v2\/comments?post=139365"}],"version-history":[{"count":1,"href":"https:\/\/cerebra-nootropics.com\/de\/wp-json\/wp\/v2\/pages\/139365\/revisions"}],"predecessor-version":[{"id":139366,"href":"https:\/\/cerebra-nootropics.com\/de\/wp-json\/wp\/v2\/pages\/139365\/revisions\/139366"}],"wp:attachment":[{"href":"https:\/\/cerebra-nootropics.com\/de\/wp-json\/wp\/v2\/media?parent=139365"}],"curies":[{"name":"wp","href":"https:\/\/api.w.org\/{rel}","templated":true}]}}