{"id":140125,"date":"2024-06-21T15:06:58","date_gmt":"2024-06-21T15:06:58","guid":{"rendered":"https:\/\/cerebra-nootropics.com\/versandkosten\/"},"modified":"2025-08-12T07:56:52","modified_gmt":"2025-08-12T07:56:52","slug":"versandkosten","status":"publish","type":"page","link":"https:\/\/cerebra-nootropics.com\/de\/versandkosten\/","title":{"rendered":"Versandkosten"},"content":{"rendered":"\t\t<div data-elementor-type=\"wp-post\" data-elementor-id=\"140125\" class=\"elementor elementor-140125 elementor-140054\">\n\t\t\t\t\t\t<section class=\"elementor-section elementor-top-section elementor-element elementor-element-d2866bd elementor-section-stretched elementor-section-height-min-height elementor-section-boxed elementor-section-height-default elementor-section-items-middle\" data-id=\"d2866bd\" data-element_type=\"section\" data-settings=\"{&quot;stretch_section&quot;:&quot;section-stretched&quot;,&quot;background_background&quot;:&quot;classic&quot;}\">\n\t\t\t\t\t\t\t<div class=\"elementor-background-overlay\"><\/div>\n\t\t\t\t\t\t\t<div class=\"elementor-container elementor-column-gap-default\">\n\t\t\t\t\t<div class=\"elementor-column elementor-col-50 elementor-top-column elementor-element elementor-element-8e1fea8\" data-id=\"8e1fea8\" data-element_type=\"column\">\n\t\t\t<div class=\"elementor-widget-wrap elementor-element-populated\">\n\t\t\t\t\t\t<div class=\"elementor-element elementor-element-655728e elementor-invisible elementor-widget elementor-widget-heading\" data-id=\"655728e\" data-element_type=\"widget\" data-settings=\"{&quot;_animation&quot;:&quot;fadeInUp&quot;}\" data-widget_type=\"heading.default\">\n\t\t\t\t<div class=\"elementor-widget-container\">\n\t\t\t<h1 class=\"elementor-heading-title elementor-size-default\">Versandkosten<\/h1>\t\t<\/div>\n\t\t\t\t<\/div>\n\t\t\t\t<div class=\"elementor-element elementor-element-9ac4646 elementor-invisible elementor-widget elementor-widget-heading\" data-id=\"9ac4646\" data-element_type=\"widget\" data-settings=\"{&quot;_animation&quot;:&quot;fadeInDown&quot;}\" data-widget_type=\"heading.default\">\n\t\t\t\t<div class=\"elementor-widget-container\">\n\t\t\t<h3 class=\"elementor-heading-title elementor-size-default\">Kosten f\u00fcr den Versand in Ihr Land<\/h3>\t\t<\/div>\n\t\t\t\t<\/div>\n\t\t\t\t\t<\/div>\n\t\t<\/div>\n\t\t\t\t<div class=\"elementor-column elementor-col-50 elementor-top-column elementor-element elementor-element-5a5f380\" data-id=\"5a5f380\" data-element_type=\"column\">\n\t\t\t<div class=\"elementor-widget-wrap elementor-element-populated\">\n\t\t\t\t\t\t<div class=\"elementor-element elementor-element-05c14c9 elementor-widget elementor-widget-image\" data-id=\"05c14c9\" data-element_type=\"widget\" data-widget_type=\"image.default\">\n\t\t\t\t<div class=\"elementor-widget-container\">\n\t\t\t\t\t\t\t\t\t\t\t\t\t<img fetchpriority=\"high\" decoding=\"async\" width=\"1227\" height=\"938\" src=\"https:\/\/cerebra-nootropics.com\/wp-content\/uploads\/2024\/06\/Remove-bg.ai_1719049814281-min.png\" class=\"attachment-full size-full wp-image-140106\" alt=\"\" srcset=\"https:\/\/cerebra-nootropics.com\/wp-content\/uploads\/2024\/06\/Remove-bg.ai_1719049814281-min.png 1227w, https:\/\/cerebra-nootropics.com\/wp-content\/uploads\/2024\/06\/Remove-bg.ai_1719049814281-min-300x229.png 300w, https:\/\/cerebra-nootropics.com\/wp-content\/uploads\/2024\/06\/Remove-bg.ai_1719049814281-min-150x115.png 150w, https:\/\/cerebra-nootropics.com\/wp-content\/uploads\/2024\/06\/Remove-bg.ai_1719049814281-min-800x612.png 800w, https:\/\/cerebra-nootropics.com\/wp-content\/uploads\/2024\/06\/Remove-bg.ai_1719049814281-min-64x49.png 64w, https:\/\/cerebra-nootropics.com\/wp-content\/uploads\/2024\/06\/Remove-bg.ai_1719049814281-min-1024x783.png 1024w, https:\/\/cerebra-nootropics.com\/wp-content\/uploads\/2024\/06\/Remove-bg.ai_1719049814281-min-768x587.png 768w, https:\/\/cerebra-nootropics.com\/wp-content\/uploads\/2024\/06\/Remove-bg.ai_1719049814281-min-990x757.png 990w, https:\/\/cerebra-nootropics.com\/wp-content\/uploads\/2024\/06\/Remove-bg.ai_1719049814281-min-441x337.png 441w\" sizes=\"(max-width: 360px) 147px, (max-width: 1227px) 100vw, 1227px\" \/>\t\t\t\t\t\t\t\t\t\t\t\t\t<\/div>\n\t\t\t\t<\/div>\n\t\t\t\t\t<\/div>\n\t\t<\/div>\n\t\t\t\t\t<\/div>\n\t\t<\/section>\n\t\t<div class=\"elementor-element elementor-element-67ff365 e-flex e-con-boxed e-con e-parent\" data-id=\"67ff365\" data-element_type=\"container\" data-settings=\"{&quot;background_background&quot;:&quot;classic&quot;}\">\n\t\t\t\t\t<div class=\"e-con-inner\">\n\t\t\t\t<div class=\"elementor-element elementor-element-b247b2c elementor-widget__width-initial elementor-widget elementor-widget-heading\" data-id=\"b247b2c\" data-element_type=\"widget\" data-widget_type=\"heading.default\">\n\t\t\t\t<div class=\"elementor-widget-container\">\n\t\t\t<p class=\"elementor-heading-title elementor-size-default\">Ab einem Bestellwert von 50 \u20ac ist der Versand kostenlos.<\/br>Genaue Informationen finden Sie weiter unten.<\/p>\t\t<\/div>\n\t\t\t\t<\/div>\n\t\t\t\t\t<\/div>\n\t\t\t\t<\/div>\n\t\t\t\t<section class=\"elementor-section elementor-top-section elementor-element elementor-element-16127448 elementor-section-content-top elementor-section-boxed elementor-section-height-default elementor-section-height-default\" data-id=\"16127448\" data-element_type=\"section\">\n\t\t\t\t\t\t<div class=\"elementor-container elementor-column-gap-no\">\n\t\t\t\t\t<div class=\"elementor-column elementor-col-50 elementor-top-column elementor-element elementor-element-2bd57262\" data-id=\"2bd57262\" data-element_type=\"column\">\n\t\t\t<div class=\"elementor-widget-wrap elementor-element-populated\">\n\t\t\t\t\t\t<div class=\"elementor-element elementor-element-43cfc330 elementor-widget elementor-widget-heading\" data-id=\"43cfc330\" data-element_type=\"widget\" data-widget_type=\"heading.default\">\n\t\t\t\t<div class=\"elementor-widget-container\">\n\t\t\t<h2 class=\"elementor-heading-title elementor-size-default\">Versandkosten<\/h2>\t\t<\/div>\n\t\t\t\t<\/div>\n\t\t\t\t<div class=\"elementor-element elementor-element-23fef56 table-x elementor-widget elementor-widget-html\" data-id=\"23fef56\" data-element_type=\"widget\" data-widget_type=\"html.default\">\n\t\t\t\t<div class=\"elementor-widget-container\">\n\t\t\t<table><tr><th>Country<\/th><th>Pricing<\/th><th>Free Shipping from<\/th><\/tr><tr><td>Netherlands<\/td><td>\u20ac4,99<\/td><td>\u20ac50<\/td><\/tr><tr><td>Belgium<\/td><td>\u20ac7,99<\/td><td>\u20ac50<\/td><\/tr><tr><td>Germany<\/td><td>\u20ac7,99<\/td><td>\u20ac50<\/td><\/tr><tr><td>France<\/td><td>\u20ac9,99<\/td><td>\u20ac50<\/td><\/tr><tr><td>Spain<\/td><td>\u20ac9,99<\/td><td>\u20ac50<\/td><\/tr><tr><td style=\"color: #6B092E;\">Zone 1<\/td><td>\u20ac13,99<\/td><td>\u20ac150<\/td><\/tr><tr><td style=\"color: #EF7D00;\">Zone 2<\/td><td>\u20ac19,99<\/td><td>\u20ac150<\/td><\/tr><tr><td style=\"color: #39936D;\">Zone 3<\/td><td>\u20ac24,99<\/td><td>\u20ac150<\/td><\/tr><tr><td style=\"color: #292166;\">Zone 4<\/td><td>\u20ac29,99<\/td><td>\u20ac150<\/td><\/tr><\/table><style>table td, table th {\n    padding: 8px 12px;\n    border: 0.2px solid #e9e9e9;\n}\n\ntable th {\n    background: #fafafa;\n}\n\n.table-x .elementor-widget-container {\n    overflow-x: auto;\n}\n<\/style>\t\t<\/div>\n\t\t\t\t<\/div>\n\t\t\t\t\t<\/div>\n\t\t<\/div>\n\t\t\t\t<div class=\"elementor-column elementor-col-50 elementor-top-column elementor-element elementor-element-7936c04f\" data-id=\"7936c04f\" data-element_type=\"column\">\n\t\t\t<div class=\"elementor-widget-wrap elementor-element-populated\">\n\t\t\t\t\t\t<div class=\"elementor-element elementor-element-3fe26e20 elementor-widget elementor-widget-heading\" data-id=\"3fe26e20\" data-element_type=\"widget\" data-widget_type=\"heading.default\">\n\t\t\t\t<div class=\"elementor-widget-container\">\n\t\t\t<h2 class=\"elementor-heading-title elementor-size-default\">Zonen<\/h2>\t\t<\/div>\n\t\t\t\t<\/div>\n\t\t\t\t<div class=\"elementor-element elementor-element-4c00567 table-x elementor-widget elementor-widget-html\" data-id=\"4c00567\" data-element_type=\"widget\" data-widget_type=\"html.default\">\n\t\t\t\t<div class=\"elementor-widget-container\">\n\t\t\t<table>\n  <tr>\n    <th style=\"color: #6B092E;\">Zone 1<\/th>\n    <th style=\"color: #EF7D00;\">Zone 2<\/th>\n    <th style=\"color: #39936D;\">Zone 3<\/th>\n    <th style=\"color: #292166;\">Zone 4<\/th>\n  <\/tr>\n  <tr>\n    <td>Austria<\/td>\n    <td>Croatia<\/td>\n    <td>Cyprus<\/td>\n    <td>Albania<\/td>\n   <\/tr>\n   <tr>\n    <td>Denmark<\/td>\n    <td>Czechia<\/td>\n    <td>Latvia<\/td>\n    <td>Andorra<\/td>\n   <\/tr>\n   <tr>\n    <td>Italy<\/td>\n    <td>Estonia<\/td>\n    <td>Lithuania<\/td>\n    <td>Armenia<\/td>\n   <\/tr>\n   <tr>\n    <td>Luxembourg<\/td>\n    <td>Finland<\/td>\n    <td>Malta<\/td>\n    <td>Azerbaijan<\/td>\n   <\/tr>\n   <tr>\n    <td>Portugal<\/td>\n    <td>Greece<\/td>\n    <td><\/td>\n    <td>Bosnia and Herzegovina<\/td>\n   <\/tr>\n   <tr>\n    <td><\/td>\n    <td>Hungary<\/td>\n    <td><\/td>\n    <td>Bulgaria<\/td>\n   <\/tr>\n   <tr>\n    <td><\/td>\n    <td>Ireland<\/td>\n    <td><\/td>\n    <td>Iceland<\/td>\n   <\/tr>\n   <tr>\n    <td><\/td>\n    <td>Norway<\/td>\n    <td><\/td>\n    <td>Liechtenstein<\/td>\n   <\/tr>\n   <tr>\n    <td><\/td>\n    <td>Poland<\/td>\n    <td><\/td>\n    <td>Moldova<\/td>\n   <\/tr>\n   <tr>\n    <td><\/td>\n    <td>Slovakia<\/td>\n    <td><\/td>\n    <td>Montenegro<\/td>\n   <\/tr>\n   <tr>\n    <td><\/td>\n    <td>Slovenia<\/td>\n    <td><\/td>\n    <td>Romania<\/td>\n   <\/tr>\n   <tr>\n    <td><\/td>\n    <td>Sweden<\/td>\n    <td><\/td>\n    <td>Ukraine<\/td>\n   <\/tr>\n<\/table>\t\t<\/div>\n\t\t\t\t<\/div>\n\t\t\t\t\t<\/div>\n\t\t<\/div>\n\t\t\t\t\t<\/div>\n\t\t<\/section>\n\t\t<div class=\"elementor-element elementor-element-a7f377b e-con-full e-flex e-con e-parent\" data-id=\"a7f377b\" data-element_type=\"container\" data-settings=\"{&quot;background_background&quot;:&quot;classic&quot;}\">\n\t\t\t\t<div class=\"elementor-element elementor-element-752229f elementor-widget elementor-widget-heading\" data-id=\"752229f\" data-element_type=\"widget\" data-widget_type=\"heading.default\">\n\t\t\t\t<div class=\"elementor-widget-container\">\n\t\t\t<h3 class=\"elementor-heading-title elementor-size-default\">Haben Sie noch Fragen oder Anliegen?<\/h3>\t\t<\/div>\n\t\t\t\t<\/div>\n\t\t\t\t<div class=\"elementor-element elementor-element-8712cba elementor-widget-mobile__width-initial elementor-widget__width-initial elementor-widget elementor-widget-text-editor\" data-id=\"8712cba\" data-element_type=\"widget\" data-widget_type=\"text-editor.default\">\n\t\t\t\t<div class=\"elementor-widget-container\">\n\t\t\t\t\t\t\t<p>Kontaktieren Sie uns gerne. Wir melden uns schnellstm\u00f6glich bei Ihnen. Unser Kundenservice beantwortet E-Mails w\u00e4hrend unserer Gesch\u00e4ftszeiten innerhalb von 24 Stunden.<\/p>\t\t\t\t\t\t<\/div>\n\t\t\t\t<\/div>\n\t\t\t\t<div class=\"elementor-element elementor-element-f20fab6 elementor-align-center elementor-widget elementor-widget-button\" data-id=\"f20fab6\" data-element_type=\"widget\" data-widget_type=\"button.default\">\n\t\t\t\t<div class=\"elementor-widget-container\">\n\t\t\t\t\t\t\t<div class=\"elementor-button-wrapper\">\n\t\t\t\t\t<a class=\"elementor-button elementor-button-link elementor-size-sm\" href=\"https:\/\/cerebra-nootropics.com\/de\/kontaktiere-uns\/\">\n\t\t\t\t\t\t<span class=\"elementor-button-content-wrapper\">\n\t\t\t\t\t\t\t\t\t<span class=\"elementor-button-text\">Kontaktiere uns<\/span>\n\t\t\t\t\t<\/span>\n\t\t\t\t\t<\/a>\n\t\t\t\t<\/div>\n\t\t\t\t\t\t<\/div>\n\t\t\t\t<\/div>\n\t\t\t\t<\/div>\n\t\t\t\t<\/div>\n\t\t","protected":false},"excerpt":{"rendered":"<p>Versandkosten Kosten f\u00fcr den Versand in Ihr Land Ab einem Bestellwert von 50 \u20ac ist der Versand kostenlos.Genaue Informationen finden Sie weiter unten. Versandkosten Country Pricing Free Shipping from Netherlands \u20ac4,99 \u20ac50 Belgium \u20ac7,99 \u20ac50 Germany \u20ac7,99 \u20ac50 France \u20ac9,99 \u20ac50 Spain \u20ac9,99 \u20ac50 Zone 1 \u20ac13,99 \u20ac150 Zone 2 \u20ac19,99 \u20ac150 Zone 3 \u20ac24,99 [&hellip;]<\/p>\n","protected":false},"author":1,"featured_media":0,"parent":0,"menu_order":0,"comment_status":"closed","ping_status":"closed","template":"template-fullwidth-no-heading.php","meta":{"_acf_changed":false,"footnotes":""},"class_list":["post-140125","page","type-page","status-publish","hentry"],"acf":[],"yoast_head":"<!-- This site is optimized with the Yoast SEO plugin v25.7 - https:\/\/yoast.com\/wordpress\/plugins\/seo\/ -->\n<title>Versandkosten<\/title>\n<meta name=\"robots\" content=\"index, follow, max-snippet:-1, max-image-preview:large, max-video-preview:-1\" \/>\n<link rel=\"canonical\" href=\"https:\/\/cerebra-nootropics.com\/de\/versandkosten\/\" \/>\n<meta property=\"og:locale\" content=\"de_DE\" \/>\n<meta property=\"og:type\" content=\"article\" \/>\n<meta property=\"og:title\" content=\"Versandkosten\" \/>\n<meta property=\"og:description\" content=\"Versandkosten Kosten f\u00fcr den Versand in Ihr Land Ab einem Bestellwert von 50 \u20ac ist der Versand kostenlos.Genaue Informationen finden Sie weiter unten. Versandkosten Country Pricing Free Shipping from Netherlands \u20ac4,99 \u20ac50 Belgium \u20ac7,99 \u20ac50 Germany \u20ac7,99 \u20ac50 France \u20ac9,99 \u20ac50 Spain \u20ac9,99 \u20ac50 Zone 1 \u20ac13,99 \u20ac150 Zone 2 \u20ac19,99 \u20ac150 Zone 3 \u20ac24,99 [&hellip;]\" \/>\n<meta property=\"og:url\" content=\"https:\/\/cerebra-nootropics.com\/de\/versandkosten\/\" \/>\n<meta property=\"og:site_name\" content=\"cerebra-nootropics.com\" \/>\n<meta property=\"article:publisher\" content=\"https:\/\/www.facebook.com\/CerebraNootropics\/\" \/>\n<meta property=\"article:modified_time\" content=\"2025-08-12T07:56:52+00:00\" \/>\n<meta property=\"og:image\" content=\"https:\/\/cerebra-nootropics.com\/wp-content\/uploads\/2024\/06\/Remove-bg.ai_1719049814281-min.png\" \/>\n<meta name=\"twitter:card\" content=\"summary_large_image\" \/>\n<meta name=\"twitter:label1\" content=\"Gesch\u00e4tzte Lesezeit\" \/>\n\t<meta name=\"twitter:data1\" content=\"1\u00a0Minute\" \/>\n<script type=\"application\/ld+json\" class=\"yoast-schema-graph\">{\"@context\":\"https:\/\/schema.org\",\"@graph\":[{\"@type\":\"WebPage\",\"@id\":\"https:\/\/cerebra-nootropics.com\/de\/versandkosten\/\",\"url\":\"https:\/\/cerebra-nootropics.com\/de\/versandkosten\/\",\"name\":\"Versandkosten\",\"isPartOf\":{\"@id\":\"https:\/\/cerebra-nootropics.com\/#website\"},\"primaryImageOfPage\":{\"@id\":\"https:\/\/cerebra-nootropics.com\/de\/versandkosten\/#primaryimage\"},\"image\":{\"@id\":\"https:\/\/cerebra-nootropics.com\/de\/versandkosten\/#primaryimage\"},\"thumbnailUrl\":\"https:\/\/cerebra-nootropics.com\/wp-content\/uploads\/2024\/06\/Remove-bg.ai_1719049814281-min.png\",\"datePublished\":\"2024-06-21T15:06:58+00:00\",\"dateModified\":\"2025-08-12T07:56:52+00:00\",\"breadcrumb\":{\"@id\":\"https:\/\/cerebra-nootropics.com\/de\/versandkosten\/#breadcrumb\"},\"inLanguage\":\"de\",\"potentialAction\":[{\"@type\":\"ReadAction\",\"target\":[\"https:\/\/cerebra-nootropics.com\/de\/versandkosten\/\"]}]},{\"@type\":\"ImageObject\",\"inLanguage\":\"de\",\"@id\":\"https:\/\/cerebra-nootropics.com\/de\/versandkosten\/#primaryimage\",\"url\":\"https:\/\/cerebra-nootropics.com\/wp-content\/uploads\/2024\/06\/Remove-bg.ai_1719049814281-min.png\",\"contentUrl\":\"https:\/\/cerebra-nootropics.com\/wp-content\/uploads\/2024\/06\/Remove-bg.ai_1719049814281-min.png\"},{\"@type\":\"BreadcrumbList\",\"@id\":\"https:\/\/cerebra-nootropics.com\/de\/versandkosten\/#breadcrumb\",\"itemListElement\":[{\"@type\":\"ListItem\",\"position\":1,\"name\":\"Home\",\"item\":\"https:\/\/cerebra-nootropics.com\/\"},{\"@type\":\"ListItem\",\"position\":2,\"name\":\"Versandkosten\"}]},{\"@type\":\"WebSite\",\"@id\":\"https:\/\/cerebra-nootropics.com\/#website\",\"url\":\"https:\/\/cerebra-nootropics.com\/\",\"name\":\"Cerebra Nootropics\",\"description\":\"\",\"publisher\":{\"@id\":\"https:\/\/cerebra-nootropics.com\/#organization\"},\"alternateName\":\"Cerebra\",\"potentialAction\":[{\"@type\":\"SearchAction\",\"target\":{\"@type\":\"EntryPoint\",\"urlTemplate\":\"https:\/\/cerebra-nootropics.com\/?s={search_term_string}\"},\"query-input\":{\"@type\":\"PropertyValueSpecification\",\"valueRequired\":true,\"valueName\":\"search_term_string\"}}],\"inLanguage\":\"de\"},{\"@type\":\"Organization\",\"@id\":\"https:\/\/cerebra-nootropics.com\/#organization\",\"name\":\"Cerebra Nootropics\",\"alternateName\":\"Cerebra\",\"url\":\"https:\/\/cerebra-nootropics.com\/\",\"logo\":{\"@type\":\"ImageObject\",\"inLanguage\":\"de\",\"@id\":\"https:\/\/cerebra-nootropics.com\/#\/schema\/logo\/image\/\",\"url\":\"https:\/\/cerebra-nootropics.com\/wp-content\/uploads\/2023\/04\/LOGO_WEB.png\",\"contentUrl\":\"https:\/\/cerebra-nootropics.com\/wp-content\/uploads\/2023\/04\/LOGO_WEB.png\",\"width\":569,\"height\":121,\"caption\":\"Cerebra Nootropics\"},\"image\":{\"@id\":\"https:\/\/cerebra-nootropics.com\/#\/schema\/logo\/image\/\"},\"sameAs\":[\"https:\/\/www.facebook.com\/CerebraNootropics\/\",\"https:\/\/www.instagram.com\/cerebra.nootropics\/\"]}]}<\/script>\n<!-- \/ Yoast SEO plugin. -->","yoast_head_json":{"title":"Versandkosten","robots":{"index":"index","follow":"follow","max-snippet":"max-snippet:-1","max-image-preview":"max-image-preview:large","max-video-preview":"max-video-preview:-1"},"canonical":"https:\/\/cerebra-nootropics.com\/de\/versandkosten\/","og_locale":"de_DE","og_type":"article","og_title":"Versandkosten","og_description":"Versandkosten Kosten f\u00fcr den Versand in Ihr Land Ab einem Bestellwert von 50 \u20ac ist der Versand kostenlos.Genaue Informationen finden Sie weiter unten. Versandkosten Country Pricing Free Shipping from Netherlands \u20ac4,99 \u20ac50 Belgium \u20ac7,99 \u20ac50 Germany \u20ac7,99 \u20ac50 France \u20ac9,99 \u20ac50 Spain \u20ac9,99 \u20ac50 Zone 1 \u20ac13,99 \u20ac150 Zone 2 \u20ac19,99 \u20ac150 Zone 3 \u20ac24,99 [&hellip;]","og_url":"https:\/\/cerebra-nootropics.com\/de\/versandkosten\/","og_site_name":"cerebra-nootropics.com","article_publisher":"https:\/\/www.facebook.com\/CerebraNootropics\/","article_modified_time":"2025-08-12T07:56:52+00:00","og_image":[{"url":"https:\/\/cerebra-nootropics.com\/wp-content\/uploads\/2024\/06\/Remove-bg.ai_1719049814281-min.png","type":"","width":"","height":""}],"twitter_card":"summary_large_image","twitter_misc":{"Gesch\u00e4tzte Lesezeit":"1\u00a0Minute"},"schema":{"@context":"https:\/\/schema.org","@graph":[{"@type":"WebPage","@id":"https:\/\/cerebra-nootropics.com\/de\/versandkosten\/","url":"https:\/\/cerebra-nootropics.com\/de\/versandkosten\/","name":"Versandkosten","isPartOf":{"@id":"https:\/\/cerebra-nootropics.com\/#website"},"primaryImageOfPage":{"@id":"https:\/\/cerebra-nootropics.com\/de\/versandkosten\/#primaryimage"},"image":{"@id":"https:\/\/cerebra-nootropics.com\/de\/versandkosten\/#primaryimage"},"thumbnailUrl":"https:\/\/cerebra-nootropics.com\/wp-content\/uploads\/2024\/06\/Remove-bg.ai_1719049814281-min.png","datePublished":"2024-06-21T15:06:58+00:00","dateModified":"2025-08-12T07:56:52+00:00","breadcrumb":{"@id":"https:\/\/cerebra-nootropics.com\/de\/versandkosten\/#breadcrumb"},"inLanguage":"de","potentialAction":[{"@type":"ReadAction","target":["https:\/\/cerebra-nootropics.com\/de\/versandkosten\/"]}]},{"@type":"ImageObject","inLanguage":"de","@id":"https:\/\/cerebra-nootropics.com\/de\/versandkosten\/#primaryimage","url":"https:\/\/cerebra-nootropics.com\/wp-content\/uploads\/2024\/06\/Remove-bg.ai_1719049814281-min.png","contentUrl":"https:\/\/cerebra-nootropics.com\/wp-content\/uploads\/2024\/06\/Remove-bg.ai_1719049814281-min.png"},{"@type":"BreadcrumbList","@id":"https:\/\/cerebra-nootropics.com\/de\/versandkosten\/#breadcrumb","itemListElement":[{"@type":"ListItem","position":1,"name":"Home","item":"https:\/\/cerebra-nootropics.com\/"},{"@type":"ListItem","position":2,"name":"Versandkosten"}]},{"@type":"WebSite","@id":"https:\/\/cerebra-nootropics.com\/#website","url":"https:\/\/cerebra-nootropics.com\/","name":"Cerebra Nootropics","description":"","publisher":{"@id":"https:\/\/cerebra-nootropics.com\/#organization"},"alternateName":"Cerebra","potentialAction":[{"@type":"SearchAction","target":{"@type":"EntryPoint","urlTemplate":"https:\/\/cerebra-nootropics.com\/?s={search_term_string}"},"query-input":{"@type":"PropertyValueSpecification","valueRequired":true,"valueName":"search_term_string"}}],"inLanguage":"de"},{"@type":"Organization","@id":"https:\/\/cerebra-nootropics.com\/#organization","name":"Cerebra Nootropics","alternateName":"Cerebra","url":"https:\/\/cerebra-nootropics.com\/","logo":{"@type":"ImageObject","inLanguage":"de","@id":"https:\/\/cerebra-nootropics.com\/#\/schema\/logo\/image\/","url":"https:\/\/cerebra-nootropics.com\/wp-content\/uploads\/2023\/04\/LOGO_WEB.png","contentUrl":"https:\/\/cerebra-nootropics.com\/wp-content\/uploads\/2023\/04\/LOGO_WEB.png","width":569,"height":121,"caption":"Cerebra Nootropics"},"image":{"@id":"https:\/\/cerebra-nootropics.com\/#\/schema\/logo\/image\/"},"sameAs":["https:\/\/www.facebook.com\/CerebraNootropics\/","https:\/\/www.instagram.com\/cerebra.nootropics\/"]}]}},"_links":{"self":[{"href":"https:\/\/cerebra-nootropics.com\/de\/wp-json\/wp\/v2\/pages\/140125","targetHints":{"allow":["GET"]}}],"collection":[{"href":"https:\/\/cerebra-nootropics.com\/de\/wp-json\/wp\/v2\/pages"}],"about":[{"href":"https:\/\/cerebra-nootropics.com\/de\/wp-json\/wp\/v2\/types\/page"}],"author":[{"embeddable":true,"href":"https:\/\/cerebra-nootropics.com\/de\/wp-json\/wp\/v2\/users\/1"}],"replies":[{"embeddable":true,"href":"https:\/\/cerebra-nootropics.com\/de\/wp-json\/wp\/v2\/comments?post=140125"}],"version-history":[{"count":10,"href":"https:\/\/cerebra-nootropics.com\/de\/wp-json\/wp\/v2\/pages\/140125\/revisions"}],"predecessor-version":[{"id":144461,"href":"https:\/\/cerebra-nootropics.com\/de\/wp-json\/wp\/v2\/pages\/140125\/revisions\/144461"}],"wp:attachment":[{"href":"https:\/\/cerebra-nootropics.com\/de\/wp-json\/wp\/v2\/media?parent=140125"}],"curies":[{"name":"wp","href":"https:\/\/api.w.org\/{rel}","templated":true}]}}