{"id":140402,"date":"2024-07-03T12:48:53","date_gmt":"2024-07-03T12:48:53","guid":{"rendered":"https:\/\/cerebra-nootropics.com\/rueckgabe-und-rueckerstattungsrichtlinie\/"},"modified":"2025-08-12T07:57:07","modified_gmt":"2025-08-12T07:57:07","slug":"rueckgabe-und-rueckerstattungsrichtlinie","status":"publish","type":"page","link":"https:\/\/cerebra-nootropics.com\/de\/rueckgabe-und-rueckerstattungsrichtlinie\/","title":{"rendered":"R\u00fcckgabe- und R\u00fcckerstattungsrichtlinie"},"content":{"rendered":"\t\t<div data-elementor-type=\"wp-post\" data-elementor-id=\"140402\" class=\"elementor elementor-140402 elementor-140370\">\n\t\t\t\t\t\t<section class=\"elementor-section elementor-top-section elementor-element elementor-element-d2866bd elementor-section-stretched elementor-section-height-min-height elementor-section-boxed elementor-section-height-default elementor-section-items-middle\" data-id=\"d2866bd\" data-element_type=\"section\" data-settings=\"{&quot;stretch_section&quot;:&quot;section-stretched&quot;,&quot;background_background&quot;:&quot;classic&quot;}\">\n\t\t\t\t\t\t\t<div class=\"elementor-background-overlay\"><\/div>\n\t\t\t\t\t\t\t<div class=\"elementor-container elementor-column-gap-default\">\n\t\t\t\t\t<div class=\"elementor-column elementor-col-50 elementor-top-column elementor-element elementor-element-8e1fea8\" data-id=\"8e1fea8\" data-element_type=\"column\">\n\t\t\t<div class=\"elementor-widget-wrap elementor-element-populated\">\n\t\t\t\t\t\t<div class=\"elementor-element elementor-element-655728e elementor-invisible elementor-widget elementor-widget-heading\" data-id=\"655728e\" data-element_type=\"widget\" data-settings=\"{&quot;_animation&quot;:&quot;fadeInUp&quot;}\" data-widget_type=\"heading.default\">\n\t\t\t\t<div class=\"elementor-widget-container\">\n\t\t\t<h1 class=\"elementor-heading-title elementor-size-default\">R\u00fcckgabe- und R\u00fcckerstattungsrichtlinie<\/h1>\t\t<\/div>\n\t\t\t\t<\/div>\n\t\t\t\t<div class=\"elementor-element elementor-element-9ac4646 elementor-invisible elementor-widget elementor-widget-heading\" data-id=\"9ac4646\" data-element_type=\"widget\" data-settings=\"{&quot;_animation&quot;:&quot;fadeInDown&quot;}\" data-widget_type=\"heading.default\">\n\t\t\t\t<div class=\"elementor-widget-container\">\n\t\t\t<h2 class=\"elementor-heading-title elementor-size-default\">Einfache Schritte f\u00fcr R\u00fccksendungen und R\u00fcckerstattungen<\/h2>\t\t<\/div>\n\t\t\t\t<\/div>\n\t\t\t\t\t<\/div>\n\t\t<\/div>\n\t\t\t\t<div class=\"elementor-column elementor-col-50 elementor-top-column elementor-element elementor-element-5a5f380\" data-id=\"5a5f380\" data-element_type=\"column\">\n\t\t\t<div class=\"elementor-widget-wrap elementor-element-populated\">\n\t\t\t\t\t\t<div class=\"elementor-element elementor-element-05c14c9 elementor-widget elementor-widget-image\" data-id=\"05c14c9\" data-element_type=\"widget\" data-widget_type=\"image.default\">\n\t\t\t\t<div class=\"elementor-widget-container\">\n\t\t\t\t\t\t\t\t\t\t\t\t\t<img fetchpriority=\"high\" decoding=\"async\" width=\"405\" height=\"616\" src=\"https:\/\/cerebra-nootropics.com\/wp-content\/uploads\/2024\/07\/CEREBRA_25-4-2023_BrianLubking_LOWRES-40-1-1-min-removebg-preview.png\" class=\"attachment-full size-full wp-image-140378\" alt=\"\" srcset=\"https:\/\/cerebra-nootropics.com\/wp-content\/uploads\/2024\/07\/CEREBRA_25-4-2023_BrianLubking_LOWRES-40-1-1-min-removebg-preview.png 405w, https:\/\/cerebra-nootropics.com\/wp-content\/uploads\/2024\/07\/CEREBRA_25-4-2023_BrianLubking_LOWRES-40-1-1-min-removebg-preview-300x456.png 300w, https:\/\/cerebra-nootropics.com\/wp-content\/uploads\/2024\/07\/CEREBRA_25-4-2023_BrianLubking_LOWRES-40-1-1-min-removebg-preview-150x228.png 150w, https:\/\/cerebra-nootropics.com\/wp-content\/uploads\/2024\/07\/CEREBRA_25-4-2023_BrianLubking_LOWRES-40-1-1-min-removebg-preview-64x97.png 64w, https:\/\/cerebra-nootropics.com\/wp-content\/uploads\/2024\/07\/CEREBRA_25-4-2023_BrianLubking_LOWRES-40-1-1-min-removebg-preview-197x300.png 197w\" sizes=\"(max-width: 360px) 147px, (max-width: 405px) 100vw, 405px\" \/>\t\t\t\t\t\t\t\t\t\t\t\t\t<\/div>\n\t\t\t\t<\/div>\n\t\t\t\t\t<\/div>\n\t\t<\/div>\n\t\t\t\t\t<\/div>\n\t\t<\/section>\n\t\t\t\t<section class=\"elementor-section elementor-top-section elementor-element elementor-element-16127448 elementor-section-content-top elementor-section-boxed elementor-section-height-default elementor-section-height-default\" data-id=\"16127448\" data-element_type=\"section\">\n\t\t\t\t\t\t<div class=\"elementor-container elementor-column-gap-no\">\n\t\t\t\t\t<div class=\"elementor-column elementor-col-50 elementor-top-column elementor-element elementor-element-2bd57262\" data-id=\"2bd57262\" data-element_type=\"column\">\n\t\t\t<div class=\"elementor-widget-wrap elementor-element-populated\">\n\t\t\t\t\t\t<div class=\"elementor-element elementor-element-43cfc330 elementor-widget elementor-widget-heading\" data-id=\"43cfc330\" data-element_type=\"widget\" data-widget_type=\"heading.default\">\n\t\t\t\t<div class=\"elementor-widget-container\">\n\t\t\t<h3 class=\"elementor-heading-title elementor-size-default\">R\u00fcckgabeprozess<\/h3>\t\t<\/div>\n\t\t\t\t<\/div>\n\t\t\t\t<div class=\"elementor-element elementor-element-27021b4 elementor-widget elementor-widget-text-editor\" data-id=\"27021b4\" data-element_type=\"widget\" data-widget_type=\"text-editor.default\">\n\t\t\t\t<div class=\"elementor-widget-container\">\n\t\t\t\t\t\t\t<h4><strong>Um eine R\u00fccksendung einzuleiten, befolgen Sie bitte diese Schritte:<\/strong><\/h4><ol><li><strong>Kontaktieren Sie unser Kundensupport-Team:<\/strong><br \/>Email: <a href=\"mailto:info@cerebra-nootropics.com\">info@cerebra-nootropics.com<\/a><br \/><span style=\"display: block; color: grey; max-width: 480px;\">Unser Kundenservice-Team ist bestrebt, Ihre E-Mail innerhalb von 24 Stunden zu bearbeiten und zu beantworten.<br \/><\/span><\/li><li><strong>Stellen Sie folgende Informationen bereit:<\/strong><br \/>1. Ihre Bestellnummer<br \/>2. Der Name des Produkts, das Sie zur\u00fcckgeben m\u00f6chten<br \/>3. Der Grund f\u00fcr die R\u00fccksendung<\/li><li><strong>Auf Best\u00e4tigung warten:<\/strong> <br \/>Unser Kundensupport-Team wird Ihre Anfrage pr\u00fcfen und Ihnen Anweisungen zum weiteren Vorgehen geben.<\/li><\/ol>\t\t\t\t\t\t<\/div>\n\t\t\t\t<\/div>\n\t\t\t\t\t<\/div>\n\t\t<\/div>\n\t\t\t\t<div class=\"elementor-column elementor-col-50 elementor-top-column elementor-element elementor-element-7936c04f\" data-id=\"7936c04f\" data-element_type=\"column\">\n\t\t\t<div class=\"elementor-widget-wrap elementor-element-populated\">\n\t\t\t\t\t\t<div class=\"elementor-element elementor-element-3fe26e20 elementor-widget elementor-widget-heading\" data-id=\"3fe26e20\" data-element_type=\"widget\" data-widget_type=\"heading.default\">\n\t\t\t\t<div class=\"elementor-widget-container\">\n\t\t\t<h3 class=\"elementor-heading-title elementor-size-default\">R\u00fcckgaberecht<\/h3>\t\t<\/div>\n\t\t\t\t<\/div>\n\t\t\t\t<div class=\"elementor-element elementor-element-1e2ae3f elementor-widget elementor-widget-text-editor\" data-id=\"1e2ae3f\" data-element_type=\"widget\" data-widget_type=\"text-editor.default\">\n\t\t\t\t<div class=\"elementor-widget-container\">\n\t\t\t\t\t\t\t<p>Sie k\u00f6nnen Ihre Bestellung innerhalb von 14 Tagen nach Erhalt zur\u00fcckgeben. R\u00fccksendungen sind nur m\u00f6glich, wenn das Produkt unge\u00f6ffnet und im Originalzustand ist.<\/p><p>Um eine R\u00fccksendung anzumelden, folgen Sie den links oder oben beschriebenen Schritten.<br \/>Die Kosten f\u00fcr die R\u00fccksendung tragen Sie. Wir empfehlen eine nachverfolgbare und versicherte Versandmethode, um eine sichere R\u00fccksendung des Produkts zu gew\u00e4hrleisten. Cerebra haftet nicht f\u00fcr verlorene oder besch\u00e4digte Artikel w\u00e4hrend der R\u00fccksendung.<\/p><p>Nach Eingang und Pr\u00fcfung der zur\u00fcckgesendeten Artikel wird die R\u00fcckerstattung innerhalb von 10 Werktagen bearbeitet.<\/p><p>Bei Fragen k\u00f6nnen Sie sich jederzeit an unseren Kundenservice wenden.<\/p>\t\t\t\t\t\t<\/div>\n\t\t\t\t<\/div>\n\t\t\t\t<div class=\"elementor-element elementor-element-f45ee4c elementor-widget elementor-widget-heading\" data-id=\"f45ee4c\" data-element_type=\"widget\" data-widget_type=\"heading.default\">\n\t\t\t\t<div class=\"elementor-widget-container\">\n\t\t\t<h3 class=\"elementor-heading-title elementor-size-default\">R\u00fcckerstattungen<\/h3>\t\t<\/div>\n\t\t\t\t<\/div>\n\t\t\t\t<div class=\"elementor-element elementor-element-2d48485 elementor-widget elementor-widget-text-editor\" data-id=\"2d48485\" data-element_type=\"widget\" data-widget_type=\"text-editor.default\">\n\t\t\t\t<div class=\"elementor-widget-container\">\n\t\t\t\t\t\t\t<p>Sobald wir das zur\u00fcckgesendete Produkt erhalten und gepr\u00fcft haben, bearbeiten wir Ihre R\u00fcckerstattung. R\u00fcckerstattungen erfolgen \u00fcber die beim Kauf verwendete Zahlungsmethode. Es kann bis zu 10 Werktage dauern, bis der Betrag auf Ihrem Konto erscheint.<\/p>\t\t\t\t\t\t<\/div>\n\t\t\t\t<\/div>\n\t\t\t\t\t<\/div>\n\t\t<\/div>\n\t\t\t\t\t<\/div>\n\t\t<\/section>\n\t\t<div class=\"elementor-element elementor-element-a7f377b e-con-full e-flex e-con e-parent\" data-id=\"a7f377b\" data-element_type=\"container\" data-settings=\"{&quot;background_background&quot;:&quot;classic&quot;}\">\n\t\t\t\t<div class=\"elementor-element elementor-element-752229f elementor-widget elementor-widget-heading\" data-id=\"752229f\" data-element_type=\"widget\" data-widget_type=\"heading.default\">\n\t\t\t\t<div class=\"elementor-widget-container\">\n\t\t\t<h3 class=\"elementor-heading-title elementor-size-default\">Haben Sie noch Zweifel oder andere Fragen? <\/h3>\t\t<\/div>\n\t\t\t\t<\/div>\n\t\t\t\t<div class=\"elementor-element elementor-element-8712cba elementor-widget-mobile__width-initial elementor-widget elementor-widget-text-editor\" data-id=\"8712cba\" data-element_type=\"widget\" data-widget_type=\"text-editor.default\">\n\t\t\t\t<div class=\"elementor-widget-container\">\n\t\t\t\t\t\t\t<p>Kontaktieren Sie uns gerne und wir werden uns mit Ihnen in Verbindung setzen, um Ihre Fragen zu beantworten. <\/p>\n\t\t\t\t\t\t<\/div>\n\t\t\t\t<\/div>\n\t\t\t\t<div class=\"elementor-element elementor-element-f20fab6 elementor-align-center elementor-widget elementor-widget-button\" data-id=\"f20fab6\" data-element_type=\"widget\" data-widget_type=\"button.default\">\n\t\t\t\t<div class=\"elementor-widget-container\">\n\t\t\t\t\t\t\t<div class=\"elementor-button-wrapper\">\n\t\t\t\t\t<a class=\"elementor-button elementor-button-link elementor-size-sm\" href=\"https:\/\/cerebra-nootropics.com\/de\/kontaktiere-uns\/\">\n\t\t\t\t\t\t<span class=\"elementor-button-content-wrapper\">\n\t\t\t\t\t\t\t\t\t<span class=\"elementor-button-text\">Kontaktiere uns<\/span>\n\t\t\t\t\t<\/span>\n\t\t\t\t\t<\/a>\n\t\t\t\t<\/div>\n\t\t\t\t\t\t<\/div>\n\t\t\t\t<\/div>\n\t\t\t\t<\/div>\n\t\t\t\t<\/div>\n\t\t","protected":false},"excerpt":{"rendered":"<p>R\u00fcckgabe- und R\u00fcckerstattungsrichtlinie Einfache Schritte f\u00fcr R\u00fccksendungen und R\u00fcckerstattungen R\u00fcckgabeprozess Um eine R\u00fccksendung einzuleiten, befolgen Sie bitte diese Schritte: Kontaktieren Sie unser Kundensupport-Team:Email: info@cerebra-nootropics.comUnser Kundenservice-Team ist bestrebt, Ihre E-Mail innerhalb von 24 Stunden zu bearbeiten und zu beantworten. Stellen Sie folgende Informationen bereit:1. Ihre Bestellnummer2. Der Name des Produkts, das Sie zur\u00fcckgeben m\u00f6chten3. Der Grund [&hellip;]<\/p>\n","protected":false},"author":1,"featured_media":0,"parent":0,"menu_order":0,"comment_status":"closed","ping_status":"closed","template":"template-fullwidth-no-heading.php","meta":{"_acf_changed":false,"footnotes":""},"class_list":["post-140402","page","type-page","status-publish","hentry"],"acf":[],"yoast_head":"<!-- This site is optimized with the Yoast SEO plugin v25.7 - https:\/\/yoast.com\/wordpress\/plugins\/seo\/ -->\n<title>R\u00fcckgabe- und R\u00fcckerstattungsrichtlinien | Cerebra-Nootropika<\/title>\n<meta name=\"description\" content=\"Sehen Sie sich die problemlosen R\u00fcckgabe- und R\u00fcckerstattungsrichtlinien von Cerebra Nootropics an. Lernen Sie die einfachen Schritte f\u00fcr R\u00fccksendungen, Richtlinien f\u00fcr den R\u00fcckversand und die R\u00fcckerstattungsabwicklung kennen. Kaufen Sie sicher ein mit unserer 30-t\u00e4gigen Geld-zur\u00fcck-Garantie.\" \/>\n<meta name=\"robots\" content=\"index, follow, max-snippet:-1, max-image-preview:large, max-video-preview:-1\" \/>\n<link rel=\"canonical\" href=\"https:\/\/cerebra-nootropics.com\/de\/rueckgabe-und-rueckerstattungsrichtlinie\/\" \/>\n<meta property=\"og:locale\" content=\"de_DE\" \/>\n<meta property=\"og:type\" content=\"article\" \/>\n<meta property=\"og:title\" content=\"R\u00fcckgabe- und R\u00fcckerstattungsrichtlinien | Cerebra-Nootropika\" \/>\n<meta property=\"og:description\" content=\"Sehen Sie sich die problemlosen R\u00fcckgabe- und R\u00fcckerstattungsrichtlinien von Cerebra Nootropics an. Lernen Sie die einfachen Schritte f\u00fcr R\u00fccksendungen, Richtlinien f\u00fcr den R\u00fcckversand und die R\u00fcckerstattungsabwicklung kennen. Kaufen Sie sicher ein mit unserer 30-t\u00e4gigen Geld-zur\u00fcck-Garantie.\" \/>\n<meta property=\"og:url\" content=\"https:\/\/cerebra-nootropics.com\/de\/rueckgabe-und-rueckerstattungsrichtlinie\/\" \/>\n<meta property=\"og:site_name\" content=\"cerebra-nootropics.com\" \/>\n<meta property=\"article:publisher\" content=\"https:\/\/www.facebook.com\/CerebraNootropics\/\" \/>\n<meta property=\"article:modified_time\" content=\"2025-08-12T07:57:07+00:00\" \/>\n<meta property=\"og:image\" content=\"https:\/\/cerebra-nootropics.com\/wp-content\/uploads\/2024\/07\/CEREBRA_25-4-2023_BrianLubking_LOWRES-40-1-1-min-removebg-preview.png\" \/>\n<meta name=\"twitter:card\" content=\"summary_large_image\" \/>\n<meta name=\"twitter:label1\" content=\"Gesch\u00e4tzte Lesezeit\" \/>\n\t<meta name=\"twitter:data1\" content=\"2\u00a0Minuten\" \/>\n<script type=\"application\/ld+json\" class=\"yoast-schema-graph\">{\"@context\":\"https:\/\/schema.org\",\"@graph\":[{\"@type\":\"WebPage\",\"@id\":\"https:\/\/cerebra-nootropics.com\/de\/rueckgabe-und-rueckerstattungsrichtlinie\/\",\"url\":\"https:\/\/cerebra-nootropics.com\/de\/rueckgabe-und-rueckerstattungsrichtlinie\/\",\"name\":\"R\u00fcckgabe- und R\u00fcckerstattungsrichtlinien | Cerebra-Nootropika\",\"isPartOf\":{\"@id\":\"https:\/\/cerebra-nootropics.com\/#website\"},\"primaryImageOfPage\":{\"@id\":\"https:\/\/cerebra-nootropics.com\/de\/rueckgabe-und-rueckerstattungsrichtlinie\/#primaryimage\"},\"image\":{\"@id\":\"https:\/\/cerebra-nootropics.com\/de\/rueckgabe-und-rueckerstattungsrichtlinie\/#primaryimage\"},\"thumbnailUrl\":\"https:\/\/cerebra-nootropics.com\/wp-content\/uploads\/2024\/07\/CEREBRA_25-4-2023_BrianLubking_LOWRES-40-1-1-min-removebg-preview.png\",\"datePublished\":\"2024-07-03T12:48:53+00:00\",\"dateModified\":\"2025-08-12T07:57:07+00:00\",\"description\":\"Sehen Sie sich die problemlosen R\u00fcckgabe- und R\u00fcckerstattungsrichtlinien von Cerebra Nootropics an. Lernen Sie die einfachen Schritte f\u00fcr R\u00fccksendungen, Richtlinien f\u00fcr den R\u00fcckversand und die R\u00fcckerstattungsabwicklung kennen. Kaufen Sie sicher ein mit unserer 30-t\u00e4gigen Geld-zur\u00fcck-Garantie.\",\"breadcrumb\":{\"@id\":\"https:\/\/cerebra-nootropics.com\/de\/rueckgabe-und-rueckerstattungsrichtlinie\/#breadcrumb\"},\"inLanguage\":\"de\",\"potentialAction\":[{\"@type\":\"ReadAction\",\"target\":[\"https:\/\/cerebra-nootropics.com\/de\/rueckgabe-und-rueckerstattungsrichtlinie\/\"]}]},{\"@type\":\"ImageObject\",\"inLanguage\":\"de\",\"@id\":\"https:\/\/cerebra-nootropics.com\/de\/rueckgabe-und-rueckerstattungsrichtlinie\/#primaryimage\",\"url\":\"https:\/\/cerebra-nootropics.com\/wp-content\/uploads\/2024\/07\/CEREBRA_25-4-2023_BrianLubking_LOWRES-40-1-1-min-removebg-preview.png\",\"contentUrl\":\"https:\/\/cerebra-nootropics.com\/wp-content\/uploads\/2024\/07\/CEREBRA_25-4-2023_BrianLubking_LOWRES-40-1-1-min-removebg-preview.png\"},{\"@type\":\"BreadcrumbList\",\"@id\":\"https:\/\/cerebra-nootropics.com\/de\/rueckgabe-und-rueckerstattungsrichtlinie\/#breadcrumb\",\"itemListElement\":[{\"@type\":\"ListItem\",\"position\":1,\"name\":\"Home\",\"item\":\"https:\/\/cerebra-nootropics.com\/\"},{\"@type\":\"ListItem\",\"position\":2,\"name\":\"R\u00fcckgabe- und R\u00fcckerstattungsrichtlinie\"}]},{\"@type\":\"WebSite\",\"@id\":\"https:\/\/cerebra-nootropics.com\/#website\",\"url\":\"https:\/\/cerebra-nootropics.com\/\",\"name\":\"Cerebra Nootropics\",\"description\":\"\",\"publisher\":{\"@id\":\"https:\/\/cerebra-nootropics.com\/#organization\"},\"alternateName\":\"Cerebra\",\"potentialAction\":[{\"@type\":\"SearchAction\",\"target\":{\"@type\":\"EntryPoint\",\"urlTemplate\":\"https:\/\/cerebra-nootropics.com\/?s={search_term_string}\"},\"query-input\":{\"@type\":\"PropertyValueSpecification\",\"valueRequired\":true,\"valueName\":\"search_term_string\"}}],\"inLanguage\":\"de\"},{\"@type\":\"Organization\",\"@id\":\"https:\/\/cerebra-nootropics.com\/#organization\",\"name\":\"Cerebra Nootropics\",\"alternateName\":\"Cerebra\",\"url\":\"https:\/\/cerebra-nootropics.com\/\",\"logo\":{\"@type\":\"ImageObject\",\"inLanguage\":\"de\",\"@id\":\"https:\/\/cerebra-nootropics.com\/#\/schema\/logo\/image\/\",\"url\":\"https:\/\/cerebra-nootropics.com\/wp-content\/uploads\/2023\/04\/LOGO_WEB.png\",\"contentUrl\":\"https:\/\/cerebra-nootropics.com\/wp-content\/uploads\/2023\/04\/LOGO_WEB.png\",\"width\":569,\"height\":121,\"caption\":\"Cerebra Nootropics\"},\"image\":{\"@id\":\"https:\/\/cerebra-nootropics.com\/#\/schema\/logo\/image\/\"},\"sameAs\":[\"https:\/\/www.facebook.com\/CerebraNootropics\/\",\"https:\/\/www.instagram.com\/cerebra.nootropics\/\"]}]}<\/script>\n<!-- \/ Yoast SEO plugin. -->","yoast_head_json":{"title":"R\u00fcckgabe- und R\u00fcckerstattungsrichtlinien | Cerebra-Nootropika","description":"Sehen Sie sich die problemlosen R\u00fcckgabe- und R\u00fcckerstattungsrichtlinien von Cerebra Nootropics an. Lernen Sie die einfachen Schritte f\u00fcr R\u00fccksendungen, Richtlinien f\u00fcr den R\u00fcckversand und die R\u00fcckerstattungsabwicklung kennen. Kaufen Sie sicher ein mit unserer 30-t\u00e4gigen Geld-zur\u00fcck-Garantie.","robots":{"index":"index","follow":"follow","max-snippet":"max-snippet:-1","max-image-preview":"max-image-preview:large","max-video-preview":"max-video-preview:-1"},"canonical":"https:\/\/cerebra-nootropics.com\/de\/rueckgabe-und-rueckerstattungsrichtlinie\/","og_locale":"de_DE","og_type":"article","og_title":"R\u00fcckgabe- und R\u00fcckerstattungsrichtlinien | Cerebra-Nootropika","og_description":"Sehen Sie sich die problemlosen R\u00fcckgabe- und R\u00fcckerstattungsrichtlinien von Cerebra Nootropics an. Lernen Sie die einfachen Schritte f\u00fcr R\u00fccksendungen, Richtlinien f\u00fcr den R\u00fcckversand und die R\u00fcckerstattungsabwicklung kennen. Kaufen Sie sicher ein mit unserer 30-t\u00e4gigen Geld-zur\u00fcck-Garantie.","og_url":"https:\/\/cerebra-nootropics.com\/de\/rueckgabe-und-rueckerstattungsrichtlinie\/","og_site_name":"cerebra-nootropics.com","article_publisher":"https:\/\/www.facebook.com\/CerebraNootropics\/","article_modified_time":"2025-08-12T07:57:07+00:00","og_image":[{"url":"https:\/\/cerebra-nootropics.com\/wp-content\/uploads\/2024\/07\/CEREBRA_25-4-2023_BrianLubking_LOWRES-40-1-1-min-removebg-preview.png","type":"","width":"","height":""}],"twitter_card":"summary_large_image","twitter_misc":{"Gesch\u00e4tzte Lesezeit":"2\u00a0Minuten"},"schema":{"@context":"https:\/\/schema.org","@graph":[{"@type":"WebPage","@id":"https:\/\/cerebra-nootropics.com\/de\/rueckgabe-und-rueckerstattungsrichtlinie\/","url":"https:\/\/cerebra-nootropics.com\/de\/rueckgabe-und-rueckerstattungsrichtlinie\/","name":"R\u00fcckgabe- und R\u00fcckerstattungsrichtlinien | Cerebra-Nootropika","isPartOf":{"@id":"https:\/\/cerebra-nootropics.com\/#website"},"primaryImageOfPage":{"@id":"https:\/\/cerebra-nootropics.com\/de\/rueckgabe-und-rueckerstattungsrichtlinie\/#primaryimage"},"image":{"@id":"https:\/\/cerebra-nootropics.com\/de\/rueckgabe-und-rueckerstattungsrichtlinie\/#primaryimage"},"thumbnailUrl":"https:\/\/cerebra-nootropics.com\/wp-content\/uploads\/2024\/07\/CEREBRA_25-4-2023_BrianLubking_LOWRES-40-1-1-min-removebg-preview.png","datePublished":"2024-07-03T12:48:53+00:00","dateModified":"2025-08-12T07:57:07+00:00","description":"Sehen Sie sich die problemlosen R\u00fcckgabe- und R\u00fcckerstattungsrichtlinien von Cerebra Nootropics an. Lernen Sie die einfachen Schritte f\u00fcr R\u00fccksendungen, Richtlinien f\u00fcr den R\u00fcckversand und die R\u00fcckerstattungsabwicklung kennen. Kaufen Sie sicher ein mit unserer 30-t\u00e4gigen Geld-zur\u00fcck-Garantie.","breadcrumb":{"@id":"https:\/\/cerebra-nootropics.com\/de\/rueckgabe-und-rueckerstattungsrichtlinie\/#breadcrumb"},"inLanguage":"de","potentialAction":[{"@type":"ReadAction","target":["https:\/\/cerebra-nootropics.com\/de\/rueckgabe-und-rueckerstattungsrichtlinie\/"]}]},{"@type":"ImageObject","inLanguage":"de","@id":"https:\/\/cerebra-nootropics.com\/de\/rueckgabe-und-rueckerstattungsrichtlinie\/#primaryimage","url":"https:\/\/cerebra-nootropics.com\/wp-content\/uploads\/2024\/07\/CEREBRA_25-4-2023_BrianLubking_LOWRES-40-1-1-min-removebg-preview.png","contentUrl":"https:\/\/cerebra-nootropics.com\/wp-content\/uploads\/2024\/07\/CEREBRA_25-4-2023_BrianLubking_LOWRES-40-1-1-min-removebg-preview.png"},{"@type":"BreadcrumbList","@id":"https:\/\/cerebra-nootropics.com\/de\/rueckgabe-und-rueckerstattungsrichtlinie\/#breadcrumb","itemListElement":[{"@type":"ListItem","position":1,"name":"Home","item":"https:\/\/cerebra-nootropics.com\/"},{"@type":"ListItem","position":2,"name":"R\u00fcckgabe- und R\u00fcckerstattungsrichtlinie"}]},{"@type":"WebSite","@id":"https:\/\/cerebra-nootropics.com\/#website","url":"https:\/\/cerebra-nootropics.com\/","name":"Cerebra Nootropics","description":"","publisher":{"@id":"https:\/\/cerebra-nootropics.com\/#organization"},"alternateName":"Cerebra","potentialAction":[{"@type":"SearchAction","target":{"@type":"EntryPoint","urlTemplate":"https:\/\/cerebra-nootropics.com\/?s={search_term_string}"},"query-input":{"@type":"PropertyValueSpecification","valueRequired":true,"valueName":"search_term_string"}}],"inLanguage":"de"},{"@type":"Organization","@id":"https:\/\/cerebra-nootropics.com\/#organization","name":"Cerebra Nootropics","alternateName":"Cerebra","url":"https:\/\/cerebra-nootropics.com\/","logo":{"@type":"ImageObject","inLanguage":"de","@id":"https:\/\/cerebra-nootropics.com\/#\/schema\/logo\/image\/","url":"https:\/\/cerebra-nootropics.com\/wp-content\/uploads\/2023\/04\/LOGO_WEB.png","contentUrl":"https:\/\/cerebra-nootropics.com\/wp-content\/uploads\/2023\/04\/LOGO_WEB.png","width":569,"height":121,"caption":"Cerebra Nootropics"},"image":{"@id":"https:\/\/cerebra-nootropics.com\/#\/schema\/logo\/image\/"},"sameAs":["https:\/\/www.facebook.com\/CerebraNootropics\/","https:\/\/www.instagram.com\/cerebra.nootropics\/"]}]}},"_links":{"self":[{"href":"https:\/\/cerebra-nootropics.com\/de\/wp-json\/wp\/v2\/pages\/140402","targetHints":{"allow":["GET"]}}],"collection":[{"href":"https:\/\/cerebra-nootropics.com\/de\/wp-json\/wp\/v2\/pages"}],"about":[{"href":"https:\/\/cerebra-nootropics.com\/de\/wp-json\/wp\/v2\/types\/page"}],"author":[{"embeddable":true,"href":"https:\/\/cerebra-nootropics.com\/de\/wp-json\/wp\/v2\/users\/1"}],"replies":[{"embeddable":true,"href":"https:\/\/cerebra-nootropics.com\/de\/wp-json\/wp\/v2\/comments?post=140402"}],"version-history":[{"count":14,"href":"https:\/\/cerebra-nootropics.com\/de\/wp-json\/wp\/v2\/pages\/140402\/revisions"}],"predecessor-version":[{"id":145214,"href":"https:\/\/cerebra-nootropics.com\/de\/wp-json\/wp\/v2\/pages\/140402\/revisions\/145214"}],"wp:attachment":[{"href":"https:\/\/cerebra-nootropics.com\/de\/wp-json\/wp\/v2\/media?parent=140402"}],"curies":[{"name":"wp","href":"https:\/\/api.w.org\/{rel}","templated":true}]}}