{"id":124273,"date":"2023-01-24T01:05:49","date_gmt":"2023-01-24T01:05:49","guid":{"rendered":"https:\/\/bigdavecbd.com\/?post_type=product&#038;p=124273"},"modified":"2026-02-05T11:55:00","modified_gmt":"2026-02-05T11:55:00","slug":"sulbutiamin","status":"publish","type":"product","link":"https:\/\/cerebra-nootropics.com\/de\/product\/sulbutiamin\/","title":{"rendered":"Sulbutiamin"},"content":{"rendered":"<h3><b>Was ist Sulbutiamin?\u00a0\u00a0<\/b><\/h3>\n<p><span style=\"font-weight: 400;\">Sulbutiamin ist ein synthetisches Derivat von Vitamin B1 (Thiamin), das speziell entwickelt wurde, um die Aufnahme und Verwertung von Thiamin im K\u00f6rper zu verbessern. Thiamin spielt eine entscheidende Rolle im Energiestoffwechsel und hilft bei der Umwandlung von Kohlenhydraten in Energie, die f\u00fcr eine ordnungsgem\u00e4\u00dfe Zellfunktion notwendig ist.Sulbutiamin wurde urspr\u00fcnglich in Japan entwickelt, als Reaktion auf den wachsenden Bedarf an einer wirksameren Form von Thiamin, um den Energiemetabolismus zu unterst\u00fctzen. Sulbutiamin hat eine einzigartige chemische Struktur, die es ihm erm\u00f6glicht, die Blut-Hirn-Schranke leichter zu passieren als Standard-Thiamin, was eine bessere biologische Verf\u00fcgbarkeit dieses Vitamins gew\u00e4hrleistet.<\/span><\/p>\n<h3><strong>Gesundheitliche Vorteile von Sulbutiamin\u00a0\u00a0<\/strong><\/h3>\n<p><span style=\"font-weight: 400;\">Leider d\u00fcrfen wir keine gesundheitsbezogenen Angaben zu Sulbutiamin machen. Obwohl zu diesem Thema bereits zahlreiche Forschungsarbeiten und Studien durchgef\u00fchrt wurden, wurden entsprechende Angaben von der Europ\u00e4ischen Union noch nicht anerkannt.<\/span><\/p>\n<h3><b>Sulbutiamin in Kombination mit Alpha-GPC\u00a0\u00a0<\/b><\/h3>\n<p><span style=\"font-weight: 400;\">Sulbutiamin kann gut mit <a href=\"https:\/\/cerebra-nootropics.com\/de\/product\/alpha-gpc\/\">Alpha-GPC<\/a> von Cerebra kombiniert werden. W\u00e4hrend Sulbutiamin eine Form von Vitamin B1 ist, die leicht vom K\u00f6rper aufgenommen wird, liefert <a href=\"https:\/\/cerebra-nootropics.com\/de\/product\/alpha-gpc\/\">Alpha-GPC<\/a> Cholin, das f\u00fcr die Gehirnfunktion und Zellkommunikation wichtig ist. Diese Wirkstoff-Kombination kann eine bessere Synergie bei der Unterst\u00fctzung des Energieniveaus und der kognitiven Funktionen schaffen, sodass sich die Substanzen hervorragend erg\u00e4nzen.<\/span><\/p>\n<h3><b>Warum Sulbutiamin bei Cerebra kaufen?\u00a0\u00a0<\/b><\/h3>\n<p><span style=\"font-weight: 400;\">Unsere Sulbutiamin-Kapseln <\/span><span style=\"font-weight: 400;\">entsprechen h\u00f6chsten Qualit\u00e4tsstandards und stammen aus vertrauensw\u00fcrdigen Quellen. Wir stellen sicher, dass unsere Produkte strenge Qualit\u00e4tskontrollen durchlaufen, damit Sie <\/span><span style=\"font-weight: 400;\">Sulbutiamin <\/span><span style=\"font-weight: 400;\">mit gutem Gewissen kaufen und von seinen Vorteilen profitieren k\u00f6nnen. <\/span><span style=\"font-weight: 400;\">Unsere Produkte werden pro Charge im Labor getestet.<\/span><\/p>\n<p><span style=\"font-weight: 400;\">*<\/span><b>Haftungsausschluss<\/b><span style=\"font-weight: 400;\">: Gesundheitsbezogene Angaben, die unter dem Genehmigungsvorbehalt der europ\u00e4ischen Zulassung stehen (On-Hold-Anspr\u00fcche). <\/span><\/p>\n","protected":false},"excerpt":{"rendered":"<p class=\"p1\"><span class=\"s1\">Gehen Sie den Ursachen Ihrer M\u00fcdigkeit auf den Grund. Sulbutiamin behandelt Symptome von M\u00fcdigkeit und Konzentrationsschw\u00e4che, indem es den Vitamin B1-Spiegel im Gehirn erh\u00f6ht. <\/span><\/p>\n<p class=\"p1\"><span class=\"s1\">Ein synthetisches Derivat von Thiamin, Sulbutiamin, wurde in den 1950er Jahren in Japan entdeckt, um dem Thiaminmangel und die damit verbundenen St\u00f6rungen im Zusammenhang mit M\u00fcdigkeit und Schw\u00e4che zu bek\u00e4mpfen. <\/span><\/p>\n<p class=\"p2\"><span class=\"s1\">Sulbutiamin wurde zudem in den 1980er und 1990er Jahren umfassend untersucht, um den Thiaminmangel und seine Rolle bei altersbedingten kognitiven St\u00f6rungen, die Ged\u00e4chtnisprobleme und andere Hirnst\u00f6rungen verursachen, zu behandeln.<\/span><\/p>\n<p>&nbsp;<\/p>\n<ul>\n<li>Vor 15:00 Uhr bestellt, heute versendet!<\/li>\n<li>Ihre Bestellung passt in Ihren Briefkasten.<\/li>\n<li>Wir beraten Sie gerne!<\/li>\n<\/ul>\n","protected":false},"featured_media":145988,"comment_status":"closed","ping_status":"closed","template":"","meta":{"_acf_changed":true},"product_brand":[],"product_cat":[4884,4454],"product_tag":[4932,4958],"class_list":{"0":"post-124273","1":"product","2":"type-product","3":"status-publish","4":"has-post-thumbnail","6":"product_cat-gehirn-kognitiv","7":"product_cat-kraft","8":"product_tag-im-labor-erstellt","9":"product_tag-bestseller-de","11":"first","12":"instock","13":"sale","14":"taxable","15":"shipping-taxable","16":"purchasable","17":"product-type-simple"},"acf":[],"yoast_head":"<!-- This site is optimized with the Yoast SEO plugin v25.7 - https:\/\/yoast.com\/wordpress\/plugins\/seo\/ -->\n<title>Kaufen Sulbutiamine kapselen in der EU | Schneller &amp; kostenloser Versand<\/title>\n<meta name=\"description\" content=\"Kaufen feinsten Sulbutiamin Kapseln 200 mg online in der EU zu unschlagbaren Preisen. Schneller und kostenloser Versand inklusive. Kaufen jetzt und sparen!\" \/>\n<meta name=\"robots\" content=\"index, follow, max-snippet:-1, max-image-preview:large, max-video-preview:-1\" \/>\n<link rel=\"canonical\" href=\"https:\/\/cerebra-nootropics.com\/de\/product\/sulbutiamin\/\" \/>\n<meta property=\"og:locale\" content=\"de_DE\" \/>\n<meta property=\"og:type\" content=\"article\" \/>\n<meta property=\"og:title\" content=\"Kaufen Sulbutiamine kapselen in der EU | Schneller &amp; kostenloser Versand\" \/>\n<meta property=\"og:description\" content=\"Kaufen feinsten Sulbutiamin Kapseln 200 mg online in der EU zu unschlagbaren Preisen. Schneller und kostenloser Versand inklusive. Kaufen jetzt und sparen!\" \/>\n<meta property=\"og:url\" content=\"https:\/\/cerebra-nootropics.com\/de\/product\/sulbutiamin\/\" \/>\n<meta property=\"og:site_name\" content=\"cerebra-nootropics.com\" \/>\n<meta property=\"article:publisher\" content=\"https:\/\/www.facebook.com\/CerebraNootropics\/\" \/>\n<meta property=\"article:modified_time\" content=\"2026-02-05T11:55:00+00:00\" \/>\n<meta property=\"og:image\" content=\"https:\/\/cerebra-nootropics.com\/wp-content\/uploads\/2023\/01\/Sulbutiamine-1-product-3D.jpg\" \/>\n\t<meta property=\"og:image:width\" content=\"1080\" \/>\n\t<meta property=\"og:image:height\" content=\"1080\" \/>\n\t<meta property=\"og:image:type\" content=\"image\/jpeg\" \/>\n<meta name=\"twitter:card\" content=\"summary_large_image\" \/>\n<meta name=\"twitter:label1\" content=\"Gesch\u00e4tzte Lesezeit\" \/>\n\t<meta name=\"twitter:data1\" content=\"2\u00a0Minuten\" \/>\n<script type=\"application\/ld+json\" class=\"yoast-schema-graph\">{\"@context\":\"https:\/\/schema.org\",\"@graph\":[{\"@type\":\"WebPage\",\"@id\":\"https:\/\/cerebra-nootropics.com\/de\/product\/sulbutiamin\/\",\"url\":\"https:\/\/cerebra-nootropics.com\/de\/product\/sulbutiamin\/\",\"name\":\"Kaufen Sulbutiamine kapselen in der EU | Schneller & kostenloser Versand\",\"isPartOf\":{\"@id\":\"https:\/\/cerebra-nootropics.com\/#website\"},\"primaryImageOfPage\":{\"@id\":\"https:\/\/cerebra-nootropics.com\/de\/product\/sulbutiamin\/#primaryimage\"},\"image\":{\"@id\":\"https:\/\/cerebra-nootropics.com\/de\/product\/sulbutiamin\/#primaryimage\"},\"thumbnailUrl\":\"https:\/\/cerebra-nootropics.com\/wp-content\/uploads\/2023\/01\/Sulbutiamine-1-product-3D.jpg\",\"datePublished\":\"2023-01-24T01:05:49+00:00\",\"dateModified\":\"2026-02-05T11:55:00+00:00\",\"description\":\"Kaufen feinsten Sulbutiamin Kapseln 200 mg online in der EU zu unschlagbaren Preisen. Schneller und kostenloser Versand inklusive. Kaufen jetzt und sparen!\",\"breadcrumb\":{\"@id\":\"https:\/\/cerebra-nootropics.com\/de\/product\/sulbutiamin\/#breadcrumb\"},\"inLanguage\":\"de\",\"potentialAction\":[{\"@type\":\"ReadAction\",\"target\":[\"https:\/\/cerebra-nootropics.com\/de\/product\/sulbutiamin\/\"]}]},{\"@type\":\"ImageObject\",\"inLanguage\":\"de\",\"@id\":\"https:\/\/cerebra-nootropics.com\/de\/product\/sulbutiamin\/#primaryimage\",\"url\":\"https:\/\/cerebra-nootropics.com\/wp-content\/uploads\/2023\/01\/Sulbutiamine-1-product-3D.jpg\",\"contentUrl\":\"https:\/\/cerebra-nootropics.com\/wp-content\/uploads\/2023\/01\/Sulbutiamine-1-product-3D.jpg\",\"width\":1080,\"height\":1080},{\"@type\":\"BreadcrumbList\",\"@id\":\"https:\/\/cerebra-nootropics.com\/de\/product\/sulbutiamin\/#breadcrumb\",\"itemListElement\":[{\"@type\":\"ListItem\",\"position\":1,\"name\":\"Home\",\"item\":\"https:\/\/cerebra-nootropics.com\/\"},{\"@type\":\"ListItem\",\"position\":2,\"name\":\"Shop\",\"item\":\"https:\/\/cerebra-nootropics.com\/shop-all\/\"},{\"@type\":\"ListItem\",\"position\":3,\"name\":\"Sulbutiamin\"}]},{\"@type\":\"WebSite\",\"@id\":\"https:\/\/cerebra-nootropics.com\/#website\",\"url\":\"https:\/\/cerebra-nootropics.com\/\",\"name\":\"Cerebra Nootropics\",\"description\":\"\",\"publisher\":{\"@id\":\"https:\/\/cerebra-nootropics.com\/#organization\"},\"alternateName\":\"Cerebra\",\"potentialAction\":[{\"@type\":\"SearchAction\",\"target\":{\"@type\":\"EntryPoint\",\"urlTemplate\":\"https:\/\/cerebra-nootropics.com\/?s={search_term_string}\"},\"query-input\":{\"@type\":\"PropertyValueSpecification\",\"valueRequired\":true,\"valueName\":\"search_term_string\"}}],\"inLanguage\":\"de\"},{\"@type\":\"Organization\",\"@id\":\"https:\/\/cerebra-nootropics.com\/#organization\",\"name\":\"Cerebra Nootropics\",\"alternateName\":\"Cerebra\",\"url\":\"https:\/\/cerebra-nootropics.com\/\",\"logo\":{\"@type\":\"ImageObject\",\"inLanguage\":\"de\",\"@id\":\"https:\/\/cerebra-nootropics.com\/#\/schema\/logo\/image\/\",\"url\":\"https:\/\/cerebra-nootropics.com\/wp-content\/uploads\/2023\/04\/LOGO_WEB.png\",\"contentUrl\":\"https:\/\/cerebra-nootropics.com\/wp-content\/uploads\/2023\/04\/LOGO_WEB.png\",\"width\":569,\"height\":121,\"caption\":\"Cerebra Nootropics\"},\"image\":{\"@id\":\"https:\/\/cerebra-nootropics.com\/#\/schema\/logo\/image\/\"},\"sameAs\":[\"https:\/\/www.facebook.com\/CerebraNootropics\/\",\"https:\/\/www.instagram.com\/cerebra.nootropics\/\"]}]}<\/script>\n<!-- \/ Yoast SEO plugin. -->","yoast_head_json":{"title":"Kaufen Sulbutiamine kapselen in der EU | Schneller & kostenloser Versand","description":"Kaufen feinsten Sulbutiamin Kapseln 200 mg online in der EU zu unschlagbaren Preisen. Schneller und kostenloser Versand inklusive. Kaufen jetzt und sparen!","robots":{"index":"index","follow":"follow","max-snippet":"max-snippet:-1","max-image-preview":"max-image-preview:large","max-video-preview":"max-video-preview:-1"},"canonical":"https:\/\/cerebra-nootropics.com\/de\/product\/sulbutiamin\/","og_locale":"de_DE","og_type":"article","og_title":"Kaufen Sulbutiamine kapselen in der EU | Schneller & kostenloser Versand","og_description":"Kaufen feinsten Sulbutiamin Kapseln 200 mg online in der EU zu unschlagbaren Preisen. Schneller und kostenloser Versand inklusive. Kaufen jetzt und sparen!","og_url":"https:\/\/cerebra-nootropics.com\/de\/product\/sulbutiamin\/","og_site_name":"cerebra-nootropics.com","article_publisher":"https:\/\/www.facebook.com\/CerebraNootropics\/","article_modified_time":"2026-02-05T11:55:00+00:00","og_image":[{"width":1080,"height":1080,"url":"https:\/\/cerebra-nootropics.com\/wp-content\/uploads\/2023\/01\/Sulbutiamine-1-product-3D.jpg","type":"image\/jpeg"}],"twitter_card":"summary_large_image","twitter_misc":{"Gesch\u00e4tzte Lesezeit":"2\u00a0Minuten"},"schema":{"@context":"https:\/\/schema.org","@graph":[{"@type":"WebPage","@id":"https:\/\/cerebra-nootropics.com\/de\/product\/sulbutiamin\/","url":"https:\/\/cerebra-nootropics.com\/de\/product\/sulbutiamin\/","name":"Kaufen Sulbutiamine kapselen in der EU | Schneller & kostenloser Versand","isPartOf":{"@id":"https:\/\/cerebra-nootropics.com\/#website"},"primaryImageOfPage":{"@id":"https:\/\/cerebra-nootropics.com\/de\/product\/sulbutiamin\/#primaryimage"},"image":{"@id":"https:\/\/cerebra-nootropics.com\/de\/product\/sulbutiamin\/#primaryimage"},"thumbnailUrl":"https:\/\/cerebra-nootropics.com\/wp-content\/uploads\/2023\/01\/Sulbutiamine-1-product-3D.jpg","datePublished":"2023-01-24T01:05:49+00:00","dateModified":"2026-02-05T11:55:00+00:00","description":"Kaufen feinsten Sulbutiamin Kapseln 200 mg online in der EU zu unschlagbaren Preisen. Schneller und kostenloser Versand inklusive. Kaufen jetzt und sparen!","breadcrumb":{"@id":"https:\/\/cerebra-nootropics.com\/de\/product\/sulbutiamin\/#breadcrumb"},"inLanguage":"de","potentialAction":[{"@type":"ReadAction","target":["https:\/\/cerebra-nootropics.com\/de\/product\/sulbutiamin\/"]}]},{"@type":"ImageObject","inLanguage":"de","@id":"https:\/\/cerebra-nootropics.com\/de\/product\/sulbutiamin\/#primaryimage","url":"https:\/\/cerebra-nootropics.com\/wp-content\/uploads\/2023\/01\/Sulbutiamine-1-product-3D.jpg","contentUrl":"https:\/\/cerebra-nootropics.com\/wp-content\/uploads\/2023\/01\/Sulbutiamine-1-product-3D.jpg","width":1080,"height":1080},{"@type":"BreadcrumbList","@id":"https:\/\/cerebra-nootropics.com\/de\/product\/sulbutiamin\/#breadcrumb","itemListElement":[{"@type":"ListItem","position":1,"name":"Home","item":"https:\/\/cerebra-nootropics.com\/"},{"@type":"ListItem","position":2,"name":"Shop","item":"https:\/\/cerebra-nootropics.com\/shop-all\/"},{"@type":"ListItem","position":3,"name":"Sulbutiamin"}]},{"@type":"WebSite","@id":"https:\/\/cerebra-nootropics.com\/#website","url":"https:\/\/cerebra-nootropics.com\/","name":"Cerebra Nootropics","description":"","publisher":{"@id":"https:\/\/cerebra-nootropics.com\/#organization"},"alternateName":"Cerebra","potentialAction":[{"@type":"SearchAction","target":{"@type":"EntryPoint","urlTemplate":"https:\/\/cerebra-nootropics.com\/?s={search_term_string}"},"query-input":{"@type":"PropertyValueSpecification","valueRequired":true,"valueName":"search_term_string"}}],"inLanguage":"de"},{"@type":"Organization","@id":"https:\/\/cerebra-nootropics.com\/#organization","name":"Cerebra Nootropics","alternateName":"Cerebra","url":"https:\/\/cerebra-nootropics.com\/","logo":{"@type":"ImageObject","inLanguage":"de","@id":"https:\/\/cerebra-nootropics.com\/#\/schema\/logo\/image\/","url":"https:\/\/cerebra-nootropics.com\/wp-content\/uploads\/2023\/04\/LOGO_WEB.png","contentUrl":"https:\/\/cerebra-nootropics.com\/wp-content\/uploads\/2023\/04\/LOGO_WEB.png","width":569,"height":121,"caption":"Cerebra Nootropics"},"image":{"@id":"https:\/\/cerebra-nootropics.com\/#\/schema\/logo\/image\/"},"sameAs":["https:\/\/www.facebook.com\/CerebraNootropics\/","https:\/\/www.instagram.com\/cerebra.nootropics\/"]}]}},"_links":{"self":[{"href":"https:\/\/cerebra-nootropics.com\/de\/wp-json\/wp\/v2\/product\/124273","targetHints":{"allow":["GET"]}}],"collection":[{"href":"https:\/\/cerebra-nootropics.com\/de\/wp-json\/wp\/v2\/product"}],"about":[{"href":"https:\/\/cerebra-nootropics.com\/de\/wp-json\/wp\/v2\/types\/product"}],"replies":[{"embeddable":true,"href":"https:\/\/cerebra-nootropics.com\/de\/wp-json\/wp\/v2\/comments?post=124273"}],"wp:featuredmedia":[{"embeddable":true,"href":"https:\/\/cerebra-nootropics.com\/de\/wp-json\/wp\/v2\/media\/145988"}],"wp:attachment":[{"href":"https:\/\/cerebra-nootropics.com\/de\/wp-json\/wp\/v2\/media?parent=124273"}],"wp:term":[{"taxonomy":"product_brand","embeddable":true,"href":"https:\/\/cerebra-nootropics.com\/de\/wp-json\/wp\/v2\/product_brand?post=124273"},{"taxonomy":"product_cat","embeddable":true,"href":"https:\/\/cerebra-nootropics.com\/de\/wp-json\/wp\/v2\/product_cat?post=124273"},{"taxonomy":"product_tag","embeddable":true,"href":"https:\/\/cerebra-nootropics.com\/de\/wp-json\/wp\/v2\/product_tag?post=124273"}],"curies":[{"name":"wp","href":"https:\/\/api.w.org\/{rel}","templated":true}]}}