{"id":124277,"date":"2024-03-13T14:50:00","date_gmt":"2024-03-13T14:50:00","guid":{"rendered":"https:\/\/bigdavecbd.com\/?post_type=product&#038;p=124277"},"modified":"2026-04-10T12:20:38","modified_gmt":"2026-04-10T12:20:38","slug":"alpha-gpc","status":"publish","type":"product","link":"https:\/\/cerebra-nootropics.com\/de\/product\/alpha-gpc\/","title":{"rendered":"Alpha GPC"},"content":{"rendered":"<h3><b>Was ist Alpha GPC?\u00a0\u00a0<\/b><\/h3>\n<p><span style=\"font-weight: 400;\">Alpha-GPC ist eine nat\u00fcrliche Cholin-Verbindung, die als Vorstufe des Neurotransmitters Acetylcholin dient, der f\u00fcr das Ged\u00e4chtnis und kognitive Funktionen unerl\u00e4sslich ist. Alpha-GPC wird oft im Labor durch chemische Synthese hergestellt, um reine und konsistente Formen der Verbindung zu gew\u00e4hrleisten.<\/span><\/p>\n<h3><b>Alpha GPC als Vorstufe von Acetylcholin\u00a0\u00a0<\/b><\/h3>\n<p><span style=\"font-weight: 400;\">Alpha-GPC ist eine Vorstufe von Acetylcholin <\/span><b>&#8211; <\/b><span style=\"font-weight: 400;\">ein wichtiger Neurotransmitter, der f\u00fcr zahlreiche K\u00f6rperfunktionen entscheidend ist. Acetylcholin spielt eine zentrale Rolle bei Ged\u00e4chtnis- und Lernprozessen, indem es die Kommunikation zwischen Nervenzellen im Gehirn f\u00f6rdert. Dar\u00fcber hinaus ist es f\u00fcr die Muskelkontraktion von entscheidender Bedeutung, da es Signale <\/span><b>von den<\/b><span style=\"font-weight: 400;\"> Nerven <\/span><b>an die <\/b><span style=\"font-weight: 400;\">Muskeln \u00fcbertr\u00e4gt, was sowohl bewusste Bewegungen als auch autonome Funktionen wie Herzschlag und Atmung erm\u00f6glicht.<\/span><\/p>\n<h3><b>Was ist ein Neurotransmitter?\u00a0\u00a0<\/b><\/h3>\n<p><span style=\"font-weight: 400;\">Ein Neurotransmitter ist eine chemische Substanz, die f\u00fcr die \u00dcbertragung von Signalen zwischen Nervenzellen (Neuronen) im Nervensystem verantwortlich ist . Diese Substanzen werden von einem Neuron freigesetzt und binden sich an Rezeptoren auf benachbarten Neuronen, Muskeln oder Dr\u00fcsen, wodurch die \u00dcbertragung eines Nervenimpulses erm\u00f6glicht wird. Neurotransmitter spielen eine entscheidende Rolle bei der Regulierung einer Vielzahl von K\u00f6rperfunktionen, darunter die motorische Kontrolle, die Stimmung, Emotionen, Schlaf und kognitive Prozesse wie Ged\u00e4chtnis und Lernen. Bekannte Neurotransmitter sind unter anderem Acetylcholin, Dopamin, Serotonin und Noradrenalin, die jeweils spezifische Funktionen und Auswirkungen auf den K\u00f6rper und das Verhalten haben.<\/span><\/p>\n<h3><b>Biologische Verf\u00fcgbarkeit von Alpha-GPC\u00a0\u00a0<\/b><\/h3>\n<p><span style=\"font-weight: 400;\">Dank seiner hohen Bioverf\u00fcgbarkeit wird Alpha-GPC leicht vom K\u00f6rper aufgenommen. Nach der Einnahme wird es schnell im Verdauungstrakt absorbiert und gelangt in den Blutkreislauf. Diese effiziente Aufnahme sorgt daf\u00fcr, dass Alpha-GPC die Blut-Hirn-Schranke schnell \u00fcberwinden kann, sodass es direkt im Gehirn wirkt. Dort erh\u00f6ht es den Acetylcholinspiegel, der f\u00fcr das Ged\u00e4chtnis, das Lernen und die Aufmerksamkeit unerl\u00e4sslich ist. Dar\u00fcber hinaus unterst\u00fctzt Alpha-GPC die Unversehrtheit von Zellmembranen und die Gesundheit der Neuronen, was zu verbesserten kognitiven und k\u00f6rperlichen Leistungen beitr\u00e4gt.<\/span><\/p>\n<p><a href=\"https:\/\/cerebra-nootropics.com\/wp-content\/uploads\/2024\/03\/GER-Alpha-GPC-Cerebra.png\"><img fetchpriority=\"high\" decoding=\"async\" class=\"alignnone size-medium wp-image-142739\" src=\"https:\/\/cerebra-nootropics.com\/wp-content\/uploads\/2024\/03\/GER-Alpha-GPC-Cerebra-300x300.png\" alt=\"\" width=\"300\" height=\"300\" srcset=\"https:\/\/cerebra-nootropics.com\/wp-content\/uploads\/2024\/03\/GER-Alpha-GPC-Cerebra-300x300.png 300w, https:\/\/cerebra-nootropics.com\/wp-content\/uploads\/2024\/03\/GER-Alpha-GPC-Cerebra-1024x1024.png 1024w, https:\/\/cerebra-nootropics.com\/wp-content\/uploads\/2024\/03\/GER-Alpha-GPC-Cerebra-150x150.png 150w, https:\/\/cerebra-nootropics.com\/wp-content\/uploads\/2024\/03\/GER-Alpha-GPC-Cerebra-768x768.png 768w, https:\/\/cerebra-nootropics.com\/wp-content\/uploads\/2024\/03\/GER-Alpha-GPC-Cerebra-990x990.png 990w, https:\/\/cerebra-nootropics.com\/wp-content\/uploads\/2024\/03\/GER-Alpha-GPC-Cerebra-441x441.png 441w, https:\/\/cerebra-nootropics.com\/wp-content\/uploads\/2024\/03\/GER-Alpha-GPC-Cerebra-100x100.png 100w, https:\/\/cerebra-nootropics.com\/wp-content\/uploads\/2024\/03\/GER-Alpha-GPC-Cerebra-800x800.png 800w, https:\/\/cerebra-nootropics.com\/wp-content\/uploads\/2024\/03\/GER-Alpha-GPC-Cerebra-64x64.png 64w, https:\/\/cerebra-nootropics.com\/wp-content\/uploads\/2024\/03\/GER-Alpha-GPC-Cerebra.png 1080w\" sizes=\"(max-width: 300px) 100vw, 300px\" \/><\/a><\/p>\n<h3><b>Alpha GPC in Kombination mit Acetyl L-Carnitin\u00a0\u00a0<\/b><\/h3>\n<p><span style=\"font-weight: 400;\">Eine h\u00e4ufig verwendete Kombination von Alpha GPC ist <a href=\"https:\/\/cerebra-nootropics.com\/de\/product\/acetyl-l-carnitine\/\">Acetyl L-Carnitin<\/a>. Alpha GPC liefert Cholin, das f\u00fcr die Produktion von Acetylcholin notwendig ist <\/span><b>&#8211; <\/b><span style=\"font-weight: 400;\">ein Neurotransmitter, der am Ged\u00e4chtnis und Lernen beteiligt ist. <a href=\"https:\/\/cerebra-nootropics.com\/de\/product\/acetyl-l-carnitine\/\">Acetyl L-Carnitin<\/a> unterst\u00fctzt den Energiestoffwechsel <\/span><b>des Gehirns<\/b><span style=\"font-weight: 400;\">, wodurch die geistige Klarheit und die kognitiven Funktionen verbessert werden. Zusammen bieten diese beiden Substanzen eine starke Unterst\u00fctzung f\u00fcr die Gesundheit des Gehirns und die mentale Leistungsf\u00e4higkeit, was sie zu einer beliebten Wahl f\u00fcr Menschen macht, die ihre kognitive Sch\u00e4rfe verbessern m\u00f6chten.<\/span><\/p>\n<h3><b>Warum Alpha GPC bei Cerebra kaufen?\u00a0\u00a0<\/b><\/h3>\n<p><span style=\"font-weight: 400;\">Unsere Alpha-GPC-Kapseln <\/span><span style=\"font-weight: 400;\">entsprechen h\u00f6chsten Qualit\u00e4tsstandards und stammen aus vertrauensw\u00fcrdigen Quellen. Wir stellen sicher, dass unsere Produkte strenge Qualit\u00e4tskontrollen durchlaufen, damit Sie <\/span><span style=\"font-weight: 400;\">Alpha-GPC <\/span><span style=\"font-weight: 400;\">mit gutem Gewissen kaufen und von seinen Vorteilen profitieren k\u00f6nnen. <\/span><span style=\"font-weight: 400;\">Unsere Produkte werden pro Charge im Labor getestet.<\/span><\/p>\n\n\n<p><\/p>\n","protected":false},"excerpt":{"rendered":"<p class=\"p2\"><span class=\"s1\">Alpha GPC enth\u00e4lt Cholin, einen essenziellen N\u00e4hrstoff, von dem angenommen wird, dass er neben der Verbesserung der sportlichen Leistung auch Vorteile im kognitiven Bereich hat. Es kommt auf nat\u00fcrliche Weise im Gehirn vor und ist in verschiedenen Nahrungsquellen enthalten, darunter Eier, Milchprodukte, Fleisch und Fisch.\u00a0<\/span><\/p>\n<p class=\"p3\"><span class=\"s1\">W\u00e4hrend es auf nat\u00fcrliche Weise vom K\u00f6rper gebildet wird, kann das Alpha GPC von Cerebra in seiner reinen Pulverform als wirksames Nahrungserg\u00e4nzungsmittel fungieren, das aus nat\u00fcrlichen Quellen synthetisiert wird, um eine optimale Wirksamkeit zu erzielen. <\/span><\/p>\n","protected":false},"featured_media":146012,"comment_status":"closed","ping_status":"closed","template":"","meta":{"_acf_changed":true},"product_brand":[],"product_cat":[4874,4884],"product_tag":[4932,4958],"class_list":{"0":"post-124277","1":"product","2":"type-product","3":"status-publish","4":"has-post-thumbnail","6":"product_cat-antialterung","7":"product_cat-gehirn-kognitiv","8":"product_tag-im-labor-erstellt","9":"product_tag-bestseller-de","11":"first","12":"instock","13":"sale","14":"taxable","15":"shipping-taxable","16":"purchasable","17":"product-type-simple"},"acf":[],"yoast_head":"<!-- This site is optimized with the Yoast SEO plugin v25.7 - https:\/\/yoast.com\/wordpress\/plugins\/seo\/ -->\n<title>Kaufen Alpha GPC Kapseln in der EU | Schneller &amp; kostenloser Versand<\/title>\n<meta name=\"description\" content=\"Kaufen Alpha GPC Kapseln 200\/400 mg online in der EU mit schnellem &amp; kostenlosem Versand. Kaufen jetzt zu den besten Preisen und genie\u00dfen gro\u00dfe Ersparnisse!\" \/>\n<meta name=\"robots\" content=\"index, follow, max-snippet:-1, max-image-preview:large, max-video-preview:-1\" \/>\n<link rel=\"canonical\" href=\"https:\/\/cerebra-nootropics.com\/de\/product\/alpha-gpc\/\" \/>\n<meta property=\"og:locale\" content=\"de_DE\" \/>\n<meta property=\"og:type\" content=\"article\" \/>\n<meta property=\"og:title\" content=\"Kaufen Alpha GPC Kapseln in der EU | Schneller &amp; kostenloser Versand\" \/>\n<meta property=\"og:description\" content=\"Kaufen Alpha GPC Kapseln 200\/400 mg online in der EU mit schnellem &amp; kostenlosem Versand. Kaufen jetzt zu den besten Preisen und genie\u00dfen gro\u00dfe Ersparnisse!\" \/>\n<meta property=\"og:url\" content=\"https:\/\/cerebra-nootropics.com\/de\/product\/alpha-gpc\/\" \/>\n<meta property=\"og:site_name\" content=\"cerebra-nootropics.com\" \/>\n<meta property=\"article:publisher\" content=\"https:\/\/www.facebook.com\/CerebraNootropics\/\" \/>\n<meta property=\"article:modified_time\" content=\"2026-04-10T12:20:38+00:00\" \/>\n<meta property=\"og:image\" content=\"https:\/\/cerebra-nootropics.com\/wp-content\/uploads\/2024\/03\/Alpha-GPC-1-product-3D.jpg\" \/>\n\t<meta property=\"og:image:width\" content=\"1080\" \/>\n\t<meta property=\"og:image:height\" content=\"1080\" \/>\n\t<meta property=\"og:image:type\" content=\"image\/jpeg\" \/>\n<meta name=\"twitter:card\" content=\"summary_large_image\" \/>\n<meta name=\"twitter:label1\" content=\"Gesch\u00e4tzte Lesezeit\" \/>\n\t<meta name=\"twitter:data1\" content=\"3\u00a0Minuten\" \/>\n<script type=\"application\/ld+json\" class=\"yoast-schema-graph\">{\"@context\":\"https:\/\/schema.org\",\"@graph\":[{\"@type\":\"WebPage\",\"@id\":\"https:\/\/cerebra-nootropics.com\/de\/product\/alpha-gpc\/\",\"url\":\"https:\/\/cerebra-nootropics.com\/de\/product\/alpha-gpc\/\",\"name\":\"Kaufen Alpha GPC Kapseln in der EU | Schneller & kostenloser Versand\",\"isPartOf\":{\"@id\":\"https:\/\/cerebra-nootropics.com\/#website\"},\"primaryImageOfPage\":{\"@id\":\"https:\/\/cerebra-nootropics.com\/de\/product\/alpha-gpc\/#primaryimage\"},\"image\":{\"@id\":\"https:\/\/cerebra-nootropics.com\/de\/product\/alpha-gpc\/#primaryimage\"},\"thumbnailUrl\":\"https:\/\/cerebra-nootropics.com\/wp-content\/uploads\/2024\/03\/Alpha-GPC-1-product-3D.jpg\",\"datePublished\":\"2024-03-13T14:50:00+00:00\",\"dateModified\":\"2026-04-10T12:20:38+00:00\",\"description\":\"Kaufen Alpha GPC Kapseln 200\/400 mg online in der EU mit schnellem & kostenlosem Versand. Kaufen jetzt zu den besten Preisen und genie\u00dfen gro\u00dfe Ersparnisse!\",\"breadcrumb\":{\"@id\":\"https:\/\/cerebra-nootropics.com\/de\/product\/alpha-gpc\/#breadcrumb\"},\"inLanguage\":\"de\",\"potentialAction\":[{\"@type\":\"ReadAction\",\"target\":[\"https:\/\/cerebra-nootropics.com\/de\/product\/alpha-gpc\/\"]}]},{\"@type\":\"ImageObject\",\"inLanguage\":\"de\",\"@id\":\"https:\/\/cerebra-nootropics.com\/de\/product\/alpha-gpc\/#primaryimage\",\"url\":\"https:\/\/cerebra-nootropics.com\/wp-content\/uploads\/2024\/03\/Alpha-GPC-1-product-3D.jpg\",\"contentUrl\":\"https:\/\/cerebra-nootropics.com\/wp-content\/uploads\/2024\/03\/Alpha-GPC-1-product-3D.jpg\",\"width\":1080,\"height\":1080},{\"@type\":\"BreadcrumbList\",\"@id\":\"https:\/\/cerebra-nootropics.com\/de\/product\/alpha-gpc\/#breadcrumb\",\"itemListElement\":[{\"@type\":\"ListItem\",\"position\":1,\"name\":\"Home\",\"item\":\"https:\/\/cerebra-nootropics.com\/\"},{\"@type\":\"ListItem\",\"position\":2,\"name\":\"Shop\",\"item\":\"https:\/\/cerebra-nootropics.com\/shop-all\/\"},{\"@type\":\"ListItem\",\"position\":3,\"name\":\"Alpha GPC\"}]},{\"@type\":\"WebSite\",\"@id\":\"https:\/\/cerebra-nootropics.com\/#website\",\"url\":\"https:\/\/cerebra-nootropics.com\/\",\"name\":\"Cerebra Nootropics\",\"description\":\"\",\"publisher\":{\"@id\":\"https:\/\/cerebra-nootropics.com\/#organization\"},\"alternateName\":\"Cerebra\",\"potentialAction\":[{\"@type\":\"SearchAction\",\"target\":{\"@type\":\"EntryPoint\",\"urlTemplate\":\"https:\/\/cerebra-nootropics.com\/?s={search_term_string}\"},\"query-input\":{\"@type\":\"PropertyValueSpecification\",\"valueRequired\":true,\"valueName\":\"search_term_string\"}}],\"inLanguage\":\"de\"},{\"@type\":\"Organization\",\"@id\":\"https:\/\/cerebra-nootropics.com\/#organization\",\"name\":\"Cerebra Nootropics\",\"alternateName\":\"Cerebra\",\"url\":\"https:\/\/cerebra-nootropics.com\/\",\"logo\":{\"@type\":\"ImageObject\",\"inLanguage\":\"de\",\"@id\":\"https:\/\/cerebra-nootropics.com\/#\/schema\/logo\/image\/\",\"url\":\"https:\/\/cerebra-nootropics.com\/wp-content\/uploads\/2023\/04\/LOGO_WEB.png\",\"contentUrl\":\"https:\/\/cerebra-nootropics.com\/wp-content\/uploads\/2023\/04\/LOGO_WEB.png\",\"width\":569,\"height\":121,\"caption\":\"Cerebra Nootropics\"},\"image\":{\"@id\":\"https:\/\/cerebra-nootropics.com\/#\/schema\/logo\/image\/\"},\"sameAs\":[\"https:\/\/www.facebook.com\/CerebraNootropics\/\",\"https:\/\/www.instagram.com\/cerebra.nootropics\/\"]}]}<\/script>\n<!-- \/ Yoast SEO plugin. -->","yoast_head_json":{"title":"Kaufen Alpha GPC Kapseln in der EU | Schneller & kostenloser Versand","description":"Kaufen Alpha GPC Kapseln 200\/400 mg online in der EU mit schnellem & kostenlosem Versand. Kaufen jetzt zu den besten Preisen und genie\u00dfen gro\u00dfe Ersparnisse!","robots":{"index":"index","follow":"follow","max-snippet":"max-snippet:-1","max-image-preview":"max-image-preview:large","max-video-preview":"max-video-preview:-1"},"canonical":"https:\/\/cerebra-nootropics.com\/de\/product\/alpha-gpc\/","og_locale":"de_DE","og_type":"article","og_title":"Kaufen Alpha GPC Kapseln in der EU | Schneller & kostenloser Versand","og_description":"Kaufen Alpha GPC Kapseln 200\/400 mg online in der EU mit schnellem & kostenlosem Versand. Kaufen jetzt zu den besten Preisen und genie\u00dfen gro\u00dfe Ersparnisse!","og_url":"https:\/\/cerebra-nootropics.com\/de\/product\/alpha-gpc\/","og_site_name":"cerebra-nootropics.com","article_publisher":"https:\/\/www.facebook.com\/CerebraNootropics\/","article_modified_time":"2026-04-10T12:20:38+00:00","og_image":[{"width":1080,"height":1080,"url":"https:\/\/cerebra-nootropics.com\/wp-content\/uploads\/2024\/03\/Alpha-GPC-1-product-3D.jpg","type":"image\/jpeg"}],"twitter_card":"summary_large_image","twitter_misc":{"Gesch\u00e4tzte Lesezeit":"3\u00a0Minuten"},"schema":{"@context":"https:\/\/schema.org","@graph":[{"@type":"WebPage","@id":"https:\/\/cerebra-nootropics.com\/de\/product\/alpha-gpc\/","url":"https:\/\/cerebra-nootropics.com\/de\/product\/alpha-gpc\/","name":"Kaufen Alpha GPC Kapseln in der EU | Schneller & kostenloser Versand","isPartOf":{"@id":"https:\/\/cerebra-nootropics.com\/#website"},"primaryImageOfPage":{"@id":"https:\/\/cerebra-nootropics.com\/de\/product\/alpha-gpc\/#primaryimage"},"image":{"@id":"https:\/\/cerebra-nootropics.com\/de\/product\/alpha-gpc\/#primaryimage"},"thumbnailUrl":"https:\/\/cerebra-nootropics.com\/wp-content\/uploads\/2024\/03\/Alpha-GPC-1-product-3D.jpg","datePublished":"2024-03-13T14:50:00+00:00","dateModified":"2026-04-10T12:20:38+00:00","description":"Kaufen Alpha GPC Kapseln 200\/400 mg online in der EU mit schnellem & kostenlosem Versand. Kaufen jetzt zu den besten Preisen und genie\u00dfen gro\u00dfe Ersparnisse!","breadcrumb":{"@id":"https:\/\/cerebra-nootropics.com\/de\/product\/alpha-gpc\/#breadcrumb"},"inLanguage":"de","potentialAction":[{"@type":"ReadAction","target":["https:\/\/cerebra-nootropics.com\/de\/product\/alpha-gpc\/"]}]},{"@type":"ImageObject","inLanguage":"de","@id":"https:\/\/cerebra-nootropics.com\/de\/product\/alpha-gpc\/#primaryimage","url":"https:\/\/cerebra-nootropics.com\/wp-content\/uploads\/2024\/03\/Alpha-GPC-1-product-3D.jpg","contentUrl":"https:\/\/cerebra-nootropics.com\/wp-content\/uploads\/2024\/03\/Alpha-GPC-1-product-3D.jpg","width":1080,"height":1080},{"@type":"BreadcrumbList","@id":"https:\/\/cerebra-nootropics.com\/de\/product\/alpha-gpc\/#breadcrumb","itemListElement":[{"@type":"ListItem","position":1,"name":"Home","item":"https:\/\/cerebra-nootropics.com\/"},{"@type":"ListItem","position":2,"name":"Shop","item":"https:\/\/cerebra-nootropics.com\/shop-all\/"},{"@type":"ListItem","position":3,"name":"Alpha GPC"}]},{"@type":"WebSite","@id":"https:\/\/cerebra-nootropics.com\/#website","url":"https:\/\/cerebra-nootropics.com\/","name":"Cerebra Nootropics","description":"","publisher":{"@id":"https:\/\/cerebra-nootropics.com\/#organization"},"alternateName":"Cerebra","potentialAction":[{"@type":"SearchAction","target":{"@type":"EntryPoint","urlTemplate":"https:\/\/cerebra-nootropics.com\/?s={search_term_string}"},"query-input":{"@type":"PropertyValueSpecification","valueRequired":true,"valueName":"search_term_string"}}],"inLanguage":"de"},{"@type":"Organization","@id":"https:\/\/cerebra-nootropics.com\/#organization","name":"Cerebra Nootropics","alternateName":"Cerebra","url":"https:\/\/cerebra-nootropics.com\/","logo":{"@type":"ImageObject","inLanguage":"de","@id":"https:\/\/cerebra-nootropics.com\/#\/schema\/logo\/image\/","url":"https:\/\/cerebra-nootropics.com\/wp-content\/uploads\/2023\/04\/LOGO_WEB.png","contentUrl":"https:\/\/cerebra-nootropics.com\/wp-content\/uploads\/2023\/04\/LOGO_WEB.png","width":569,"height":121,"caption":"Cerebra Nootropics"},"image":{"@id":"https:\/\/cerebra-nootropics.com\/#\/schema\/logo\/image\/"},"sameAs":["https:\/\/www.facebook.com\/CerebraNootropics\/","https:\/\/www.instagram.com\/cerebra.nootropics\/"]}]}},"_links":{"self":[{"href":"https:\/\/cerebra-nootropics.com\/de\/wp-json\/wp\/v2\/product\/124277","targetHints":{"allow":["GET"]}}],"collection":[{"href":"https:\/\/cerebra-nootropics.com\/de\/wp-json\/wp\/v2\/product"}],"about":[{"href":"https:\/\/cerebra-nootropics.com\/de\/wp-json\/wp\/v2\/types\/product"}],"replies":[{"embeddable":true,"href":"https:\/\/cerebra-nootropics.com\/de\/wp-json\/wp\/v2\/comments?post=124277"}],"wp:featuredmedia":[{"embeddable":true,"href":"https:\/\/cerebra-nootropics.com\/de\/wp-json\/wp\/v2\/media\/146012"}],"wp:attachment":[{"href":"https:\/\/cerebra-nootropics.com\/de\/wp-json\/wp\/v2\/media?parent=124277"}],"wp:term":[{"taxonomy":"product_brand","embeddable":true,"href":"https:\/\/cerebra-nootropics.com\/de\/wp-json\/wp\/v2\/product_brand?post=124277"},{"taxonomy":"product_cat","embeddable":true,"href":"https:\/\/cerebra-nootropics.com\/de\/wp-json\/wp\/v2\/product_cat?post=124277"},{"taxonomy":"product_tag","embeddable":true,"href":"https:\/\/cerebra-nootropics.com\/de\/wp-json\/wp\/v2\/product_tag?post=124277"}],"curies":[{"name":"wp","href":"https:\/\/api.w.org\/{rel}","templated":true}]}}