{"id":124278,"date":"2023-01-24T01:05:50","date_gmt":"2023-01-24T01:05:50","guid":{"rendered":"https:\/\/bigdavecbd.com\/?post_type=product&#038;p=124278"},"modified":"2026-02-05T11:52:29","modified_gmt":"2026-02-05T11:52:29","slug":"dihydromyricetin-dhm","status":"publish","type":"product","link":"https:\/\/cerebra-nootropics.com\/de\/product\/dihydromyricetin-dhm\/","title":{"rendered":"Dihydromyricetin DHM"},"content":{"rendered":"<h3><b>Was ist DHM?\u00a0<\/b><\/h3>\n<p><span style=\"font-weight: 400;\">Dihydromyricetin (DHM) ist eine Flavonoid-Verbindung, die nat\u00fcrlicherweise in den Bl\u00e4ttern der Pflanze Hovenia dulcis, auch bekannt als Japanischer Rosinenbaum, vorkommt. Diese Substanz wird seit Jahrhunderten in der traditionellen Medizin in China und Japan aufgrund ihrer Gesundheitsvorteile eingesetzt.<\/span><\/p>\n<h3><b>Dihydromyricetin: Kann einen Kater vorbeugen\u00a0<\/b><\/h3>\n<p><span style=\"font-weight: 400;\">Dihydromyricetin, auch bekannt als Ampelopsin, wird von einigen Forschern als wirksames Mittel gegen Kater gepriesen. Diese nat\u00fcrliche Substanz, die auch aus den Bl\u00e4ttern der Pflanze Ampelopsis (Ampelopsis grossedentata) gewonnen werden kann, wurde in den letzten Jahren umfassend untersucht. Ampelopsis wird seit Jahrhunderten\u00a0 in der traditionellen Medizin in haupts\u00e4chlich China, Japan und Korea verwendet. Die lebersch\u00fctzende Wirkung von Dihydromyricetin hat das Interesse von Wissenschaftlern geweckt, die seine Wirksamkeit bei der Bek\u00e4mpfung der Nebenwirkungen von Alkohol untersucht haben.\u00a0\u00a0<\/span><\/p>\n<p><span style=\"font-weight: 400;\">Laufende Forschungen zeigen, dass Dihydromyricetin nicht nur die Leber vor Alkoholsch\u00e4den sch\u00fctzt, sondern auch Katersymptome wie Kopfschmerzen und \u00dcbelkeit reduziert.<\/span><\/p>\n<h3><b>Gesundheitliche Vorteile von DHM:\u00a0\u00a0<\/b><\/h3>\n<ul>\n<li><span style=\"font-weight: 400;\">Das Flavonoid k\u00f6nnte dank seiner starken antioxidativen Eigenschaften die durch Alkohol verursachten Sch\u00e4den reduzieren.\u00a0\u00a0<\/span><\/li>\n<li><span style=\"font-weight: 400;\">Das Flavonoid k\u00f6nnte die Ausscheidung von Alkohol f\u00f6rdern, indem es die Enzymaktivit\u00e4t der Alkoholdehydrogenase anregt.\u00a0\u00a0<\/span><\/li>\n<li><span style=\"font-weight: 400;\">Das Flavonoid k\u00f6nnte die durch Alkoholkonsum verursachte Toxizit\u00e4t bek\u00e4mpfen, indem es die Leber sch\u00fctzt und die Entgiftung unterst\u00fctzt.<\/span><\/li>\n<\/ul>\n<h3><b>Dihydromyricetin in Kombination mit Mariendistel\u00a0\u00a0<\/b><\/h3>\n<p><span style=\"font-weight: 400;\">Die Kombination von Dihydromyricetin (DHM) und <a href=\"https:\/\/cerebra-nootropics.com\/de\/product\/milk-thistle-extract\/\">Mariendistel (Milk Thistle)<\/a> bietet einen vielversprechenden Ansatz zur Unterst\u00fctzung der Lebergesundheit und zur Bek\u00e4mpfung der sch\u00e4dlichen Auswirkungen von Alkohol. Dihydromyricetin ist f\u00fcr seine lebersch\u00fctzenden und antioxidativen Eigenschaften bekannt, wodurch es alkoholbedingte Sch\u00e4den wirksam reduziert und Kater-Symptome lindert. <a href=\"https:\/\/cerebra-nootropics.com\/de\/product\/milk-thistle-extract\/\">Mariendistel<\/a>, mit ihrem Wirkstoff Silymarin ist seit langem f\u00fcr ihre F\u00e4higkeit bekannt, die Leber zu entgiften und vor Toxinen zu sch\u00fctzen. Wenn diese beiden kraftvollen nat\u00fcrlichen Nahrungserg\u00e4nzungsmittel kombiniert werden, k\u00f6nnen sie in synergetischer Weise wirken, um die Leber zu unterst\u00fctzen, die Regeneration von Leberzellen zu f\u00f6rdern und die allgemeine Leberfunktion zu verbessern. Diese Kombination kann besonders n\u00fctzlich sein f\u00fcr Menschen, die regelm\u00e4\u00dfig Alkohol konsumieren und ihre Lebergesundheit optimieren m\u00f6chten.<\/span><\/p>\n<h3><b>DHM in Kombination mit L-Glutamin\u00a0\u00a0<\/b><\/h3>\n<p><span style=\"font-weight: 400;\">DHM wird oft mit L-Glutamin kombiniert, um die <\/span>Erholung <span style=\"font-weight: 400;\">nach dem Alkoholkonsum zu unterst\u00fctzen. DHM hilft, den Abbau von Alkohol zu beschleunigen und kann die Auswirkungen eines Katers verringern, w\u00e4hrend L-Glutamin die Leber unterst\u00fctzt und die Energier\u00fcckgewinnung nach dem Alkoholkonsum f\u00f6rdert. Zusammen bieten diese beiden Substanzen eine wirkungsvolle Kombination zum Schutz und zur Regeneration des K\u00f6rpers.<\/span><\/p>\n<h3><b>Warum DHM bei Cerebra kaufen?\u00a0\u00a0<\/b><\/h3>\n<p><span style=\"font-weight: 400;\">Unsere Sulbutiamin-Kapseln <\/span><span style=\"font-weight: 400;\">entsprechen h\u00f6chsten Qualit\u00e4tsstandards und stammen aus vertrauensw\u00fcrdigen Quellen. Wir stellen sicher, dass unsere Produkte strenge Qualit\u00e4tskontrollen durchlaufen, damit Sie <\/span><span style=\"font-weight: 400;\">Sulbutiamin <\/span><span style=\"font-weight: 400;\">mit gutem Gewissen kaufen und von seinen Vorteilen profitieren k\u00f6nnen. <\/span><span style=\"font-weight: 400;\">Unsere Produkte werden pro Charge im Labor getestet.<\/span><\/p>\n<p><span style=\"font-weight: 400;\">*<\/span><b>Haftungsausschluss<\/b><span style=\"font-weight: 400;\">: Gesundheitsbezogene Angaben, die unter dem Genehmigungsvorbehalt der europ\u00e4ischen Zulassung stehen (On-Hold-Anspr\u00fcche).\u00a0<\/span><\/p>\n","protected":false},"excerpt":{"rendered":"<ul>\n<li><strong>F\u00fc<\/strong><strong>r diejenigen, die das Beste aus beiden Welten m<\/strong><strong>\u00f6<\/strong><strong>chten: sich ausgiebig am<\/strong><strong>\u00fc<\/strong><strong>sieren, wenn man zu viel Alkohol zu sich nimmt und trotzdem &#8211; noch in der Lage ist, an die Arbeit zu gehen und ihn am n<\/strong><strong>\u00e4<\/strong><strong>chsten Morgen zu t<\/strong><strong>\u00f6<\/strong><strong><strong>ten.<\/strong><\/strong><\/li>\n<li>Vor 15:00 Uhr bestellt, heute versendet!<\/li>\n<li>Ihre Bestellung passt in Ihren Briefkasten.<\/li>\n<li>Wir beraten Sie gerne!<\/li>\n<\/ul>\n","protected":false},"featured_media":145962,"comment_status":"closed","ping_status":"closed","template":"","meta":{"_acf_changed":true},"product_brand":[],"product_cat":[4874,4876],"product_tag":[4938,4958],"class_list":{"0":"post-124278","1":"product","2":"type-product","3":"status-publish","4":"has-post-thumbnail","6":"product_cat-antialterung","7":"product_cat-verdauungs","8":"product_tag-pflanzenextrakte","9":"product_tag-bestseller-de","11":"first","12":"instock","13":"sale","14":"taxable","15":"shipping-taxable","16":"purchasable","17":"product-type-simple"},"acf":[],"yoast_head":"<!-- This site is optimized with the Yoast SEO plugin v25.7 - https:\/\/yoast.com\/wordpress\/plugins\/seo\/ -->\n<title>Kaufen Dihydromyricetin Kapseln | Schneller &amp; kostenloser Versand<\/title>\n<meta name=\"description\" content=\"Kaufen Dihydromyricetin Kapseln 400 mg online in der EU und erleben die Vorteile. Schneller &amp; kostenloser Versand. Kaufen jetzt f\u00fcr erstaunliche Ersparnisse!\" \/>\n<meta name=\"robots\" content=\"index, follow, max-snippet:-1, max-image-preview:large, max-video-preview:-1\" \/>\n<link rel=\"canonical\" href=\"https:\/\/cerebra-nootropics.com\/de\/product\/dihydromyricetin-dhm\/\" \/>\n<meta property=\"og:locale\" content=\"de_DE\" \/>\n<meta property=\"og:type\" content=\"article\" \/>\n<meta property=\"og:title\" content=\"Kaufen Dihydromyricetin Kapseln | Schneller &amp; kostenloser Versand\" \/>\n<meta property=\"og:description\" content=\"Kaufen Dihydromyricetin Kapseln 400 mg online in der EU und erleben die Vorteile. Schneller &amp; kostenloser Versand. Kaufen jetzt f\u00fcr erstaunliche Ersparnisse!\" \/>\n<meta property=\"og:url\" content=\"https:\/\/cerebra-nootropics.com\/de\/product\/dihydromyricetin-dhm\/\" \/>\n<meta property=\"og:site_name\" content=\"cerebra-nootropics.com\" \/>\n<meta property=\"article:publisher\" content=\"https:\/\/www.facebook.com\/CerebraNootropics\/\" \/>\n<meta property=\"article:modified_time\" content=\"2026-02-05T11:52:29+00:00\" \/>\n<meta property=\"og:image\" content=\"https:\/\/cerebra-nootropics.com\/wp-content\/uploads\/2023\/01\/DHM-1-product-3D.jpg\" \/>\n\t<meta property=\"og:image:width\" content=\"1080\" \/>\n\t<meta property=\"og:image:height\" content=\"1080\" \/>\n\t<meta property=\"og:image:type\" content=\"image\/jpeg\" \/>\n<meta name=\"twitter:card\" content=\"summary_large_image\" \/>\n<meta name=\"twitter:label1\" content=\"Gesch\u00e4tzte Lesezeit\" \/>\n\t<meta name=\"twitter:data1\" content=\"3\u00a0Minuten\" \/>\n<script type=\"application\/ld+json\" class=\"yoast-schema-graph\">{\"@context\":\"https:\/\/schema.org\",\"@graph\":[{\"@type\":\"WebPage\",\"@id\":\"https:\/\/cerebra-nootropics.com\/de\/product\/dihydromyricetin-dhm\/\",\"url\":\"https:\/\/cerebra-nootropics.com\/de\/product\/dihydromyricetin-dhm\/\",\"name\":\"Kaufen Dihydromyricetin Kapseln | Schneller & kostenloser Versand\",\"isPartOf\":{\"@id\":\"https:\/\/cerebra-nootropics.com\/#website\"},\"primaryImageOfPage\":{\"@id\":\"https:\/\/cerebra-nootropics.com\/de\/product\/dihydromyricetin-dhm\/#primaryimage\"},\"image\":{\"@id\":\"https:\/\/cerebra-nootropics.com\/de\/product\/dihydromyricetin-dhm\/#primaryimage\"},\"thumbnailUrl\":\"https:\/\/cerebra-nootropics.com\/wp-content\/uploads\/2023\/01\/DHM-1-product-3D.jpg\",\"datePublished\":\"2023-01-24T01:05:50+00:00\",\"dateModified\":\"2026-02-05T11:52:29+00:00\",\"description\":\"Kaufen Dihydromyricetin Kapseln 400 mg online in der EU und erleben die Vorteile. Schneller & kostenloser Versand. Kaufen jetzt f\u00fcr erstaunliche Ersparnisse!\",\"breadcrumb\":{\"@id\":\"https:\/\/cerebra-nootropics.com\/de\/product\/dihydromyricetin-dhm\/#breadcrumb\"},\"inLanguage\":\"de\",\"potentialAction\":[{\"@type\":\"ReadAction\",\"target\":[\"https:\/\/cerebra-nootropics.com\/de\/product\/dihydromyricetin-dhm\/\"]}]},{\"@type\":\"ImageObject\",\"inLanguage\":\"de\",\"@id\":\"https:\/\/cerebra-nootropics.com\/de\/product\/dihydromyricetin-dhm\/#primaryimage\",\"url\":\"https:\/\/cerebra-nootropics.com\/wp-content\/uploads\/2023\/01\/DHM-1-product-3D.jpg\",\"contentUrl\":\"https:\/\/cerebra-nootropics.com\/wp-content\/uploads\/2023\/01\/DHM-1-product-3D.jpg\",\"width\":1080,\"height\":1080},{\"@type\":\"BreadcrumbList\",\"@id\":\"https:\/\/cerebra-nootropics.com\/de\/product\/dihydromyricetin-dhm\/#breadcrumb\",\"itemListElement\":[{\"@type\":\"ListItem\",\"position\":1,\"name\":\"Home\",\"item\":\"https:\/\/cerebra-nootropics.com\/\"},{\"@type\":\"ListItem\",\"position\":2,\"name\":\"Shop\",\"item\":\"https:\/\/cerebra-nootropics.com\/shop-all\/\"},{\"@type\":\"ListItem\",\"position\":3,\"name\":\"Dihydromyricetin DHM\"}]},{\"@type\":\"WebSite\",\"@id\":\"https:\/\/cerebra-nootropics.com\/#website\",\"url\":\"https:\/\/cerebra-nootropics.com\/\",\"name\":\"Cerebra Nootropics\",\"description\":\"\",\"publisher\":{\"@id\":\"https:\/\/cerebra-nootropics.com\/#organization\"},\"alternateName\":\"Cerebra\",\"potentialAction\":[{\"@type\":\"SearchAction\",\"target\":{\"@type\":\"EntryPoint\",\"urlTemplate\":\"https:\/\/cerebra-nootropics.com\/?s={search_term_string}\"},\"query-input\":{\"@type\":\"PropertyValueSpecification\",\"valueRequired\":true,\"valueName\":\"search_term_string\"}}],\"inLanguage\":\"de\"},{\"@type\":\"Organization\",\"@id\":\"https:\/\/cerebra-nootropics.com\/#organization\",\"name\":\"Cerebra Nootropics\",\"alternateName\":\"Cerebra\",\"url\":\"https:\/\/cerebra-nootropics.com\/\",\"logo\":{\"@type\":\"ImageObject\",\"inLanguage\":\"de\",\"@id\":\"https:\/\/cerebra-nootropics.com\/#\/schema\/logo\/image\/\",\"url\":\"https:\/\/cerebra-nootropics.com\/wp-content\/uploads\/2023\/04\/LOGO_WEB.png\",\"contentUrl\":\"https:\/\/cerebra-nootropics.com\/wp-content\/uploads\/2023\/04\/LOGO_WEB.png\",\"width\":569,\"height\":121,\"caption\":\"Cerebra Nootropics\"},\"image\":{\"@id\":\"https:\/\/cerebra-nootropics.com\/#\/schema\/logo\/image\/\"},\"sameAs\":[\"https:\/\/www.facebook.com\/CerebraNootropics\/\",\"https:\/\/www.instagram.com\/cerebra.nootropics\/\"]}]}<\/script>\n<!-- \/ Yoast SEO plugin. -->","yoast_head_json":{"title":"Kaufen Dihydromyricetin Kapseln | Schneller & kostenloser Versand","description":"Kaufen Dihydromyricetin Kapseln 400 mg online in der EU und erleben die Vorteile. Schneller & kostenloser Versand. Kaufen jetzt f\u00fcr erstaunliche Ersparnisse!","robots":{"index":"index","follow":"follow","max-snippet":"max-snippet:-1","max-image-preview":"max-image-preview:large","max-video-preview":"max-video-preview:-1"},"canonical":"https:\/\/cerebra-nootropics.com\/de\/product\/dihydromyricetin-dhm\/","og_locale":"de_DE","og_type":"article","og_title":"Kaufen Dihydromyricetin Kapseln | Schneller & kostenloser Versand","og_description":"Kaufen Dihydromyricetin Kapseln 400 mg online in der EU und erleben die Vorteile. Schneller & kostenloser Versand. Kaufen jetzt f\u00fcr erstaunliche Ersparnisse!","og_url":"https:\/\/cerebra-nootropics.com\/de\/product\/dihydromyricetin-dhm\/","og_site_name":"cerebra-nootropics.com","article_publisher":"https:\/\/www.facebook.com\/CerebraNootropics\/","article_modified_time":"2026-02-05T11:52:29+00:00","og_image":[{"width":1080,"height":1080,"url":"https:\/\/cerebra-nootropics.com\/wp-content\/uploads\/2023\/01\/DHM-1-product-3D.jpg","type":"image\/jpeg"}],"twitter_card":"summary_large_image","twitter_misc":{"Gesch\u00e4tzte Lesezeit":"3\u00a0Minuten"},"schema":{"@context":"https:\/\/schema.org","@graph":[{"@type":"WebPage","@id":"https:\/\/cerebra-nootropics.com\/de\/product\/dihydromyricetin-dhm\/","url":"https:\/\/cerebra-nootropics.com\/de\/product\/dihydromyricetin-dhm\/","name":"Kaufen Dihydromyricetin Kapseln | Schneller & kostenloser Versand","isPartOf":{"@id":"https:\/\/cerebra-nootropics.com\/#website"},"primaryImageOfPage":{"@id":"https:\/\/cerebra-nootropics.com\/de\/product\/dihydromyricetin-dhm\/#primaryimage"},"image":{"@id":"https:\/\/cerebra-nootropics.com\/de\/product\/dihydromyricetin-dhm\/#primaryimage"},"thumbnailUrl":"https:\/\/cerebra-nootropics.com\/wp-content\/uploads\/2023\/01\/DHM-1-product-3D.jpg","datePublished":"2023-01-24T01:05:50+00:00","dateModified":"2026-02-05T11:52:29+00:00","description":"Kaufen Dihydromyricetin Kapseln 400 mg online in der EU und erleben die Vorteile. Schneller & kostenloser Versand. Kaufen jetzt f\u00fcr erstaunliche Ersparnisse!","breadcrumb":{"@id":"https:\/\/cerebra-nootropics.com\/de\/product\/dihydromyricetin-dhm\/#breadcrumb"},"inLanguage":"de","potentialAction":[{"@type":"ReadAction","target":["https:\/\/cerebra-nootropics.com\/de\/product\/dihydromyricetin-dhm\/"]}]},{"@type":"ImageObject","inLanguage":"de","@id":"https:\/\/cerebra-nootropics.com\/de\/product\/dihydromyricetin-dhm\/#primaryimage","url":"https:\/\/cerebra-nootropics.com\/wp-content\/uploads\/2023\/01\/DHM-1-product-3D.jpg","contentUrl":"https:\/\/cerebra-nootropics.com\/wp-content\/uploads\/2023\/01\/DHM-1-product-3D.jpg","width":1080,"height":1080},{"@type":"BreadcrumbList","@id":"https:\/\/cerebra-nootropics.com\/de\/product\/dihydromyricetin-dhm\/#breadcrumb","itemListElement":[{"@type":"ListItem","position":1,"name":"Home","item":"https:\/\/cerebra-nootropics.com\/"},{"@type":"ListItem","position":2,"name":"Shop","item":"https:\/\/cerebra-nootropics.com\/shop-all\/"},{"@type":"ListItem","position":3,"name":"Dihydromyricetin DHM"}]},{"@type":"WebSite","@id":"https:\/\/cerebra-nootropics.com\/#website","url":"https:\/\/cerebra-nootropics.com\/","name":"Cerebra Nootropics","description":"","publisher":{"@id":"https:\/\/cerebra-nootropics.com\/#organization"},"alternateName":"Cerebra","potentialAction":[{"@type":"SearchAction","target":{"@type":"EntryPoint","urlTemplate":"https:\/\/cerebra-nootropics.com\/?s={search_term_string}"},"query-input":{"@type":"PropertyValueSpecification","valueRequired":true,"valueName":"search_term_string"}}],"inLanguage":"de"},{"@type":"Organization","@id":"https:\/\/cerebra-nootropics.com\/#organization","name":"Cerebra Nootropics","alternateName":"Cerebra","url":"https:\/\/cerebra-nootropics.com\/","logo":{"@type":"ImageObject","inLanguage":"de","@id":"https:\/\/cerebra-nootropics.com\/#\/schema\/logo\/image\/","url":"https:\/\/cerebra-nootropics.com\/wp-content\/uploads\/2023\/04\/LOGO_WEB.png","contentUrl":"https:\/\/cerebra-nootropics.com\/wp-content\/uploads\/2023\/04\/LOGO_WEB.png","width":569,"height":121,"caption":"Cerebra Nootropics"},"image":{"@id":"https:\/\/cerebra-nootropics.com\/#\/schema\/logo\/image\/"},"sameAs":["https:\/\/www.facebook.com\/CerebraNootropics\/","https:\/\/www.instagram.com\/cerebra.nootropics\/"]}]}},"_links":{"self":[{"href":"https:\/\/cerebra-nootropics.com\/de\/wp-json\/wp\/v2\/product\/124278","targetHints":{"allow":["GET"]}}],"collection":[{"href":"https:\/\/cerebra-nootropics.com\/de\/wp-json\/wp\/v2\/product"}],"about":[{"href":"https:\/\/cerebra-nootropics.com\/de\/wp-json\/wp\/v2\/types\/product"}],"replies":[{"embeddable":true,"href":"https:\/\/cerebra-nootropics.com\/de\/wp-json\/wp\/v2\/comments?post=124278"}],"wp:featuredmedia":[{"embeddable":true,"href":"https:\/\/cerebra-nootropics.com\/de\/wp-json\/wp\/v2\/media\/145962"}],"wp:attachment":[{"href":"https:\/\/cerebra-nootropics.com\/de\/wp-json\/wp\/v2\/media?parent=124278"}],"wp:term":[{"taxonomy":"product_brand","embeddable":true,"href":"https:\/\/cerebra-nootropics.com\/de\/wp-json\/wp\/v2\/product_brand?post=124278"},{"taxonomy":"product_cat","embeddable":true,"href":"https:\/\/cerebra-nootropics.com\/de\/wp-json\/wp\/v2\/product_cat?post=124278"},{"taxonomy":"product_tag","embeddable":true,"href":"https:\/\/cerebra-nootropics.com\/de\/wp-json\/wp\/v2\/product_tag?post=124278"}],"curies":[{"name":"wp","href":"https:\/\/api.w.org\/{rel}","templated":true}]}}