{"id":139316,"date":"2020-05-29T15:51:53","date_gmt":"2020-05-29T15:51:53","guid":{"rendered":"https:\/\/cerebra-nootropics.com\/shop\/"},"modified":"2025-08-14T10:13:02","modified_gmt":"2025-08-14T10:13:02","slug":"comercio","status":"publish","type":"page","link":"https:\/\/cerebra-nootropics.com\/es\/comercio\/","title":{"rendered":"Comercio"},"content":{"rendered":"","protected":false},"excerpt":{"rendered":"","protected":false},"author":1,"featured_media":0,"parent":0,"menu_order":0,"comment_status":"closed","ping_status":"closed","template":"elementor_header_footer","meta":{"_acf_changed":false,"footnotes":""},"class_list":["post-139316","page","type-page","status-publish","hentry"],"acf":[],"yoast_head":"<!-- This site is optimized with the Yoast SEO plugin v25.7 - https:\/\/yoast.com\/wordpress\/plugins\/seo\/ -->\n<title>Los Mejores Nootr\u00f3picos y Suplementos | Cerebra Nootropics<\/title>\n<meta name=\"description\" content=\"Explora todos los nootr\u00f3picos, ingredientes y stacks dise\u00f1ados para concentraci\u00f3n, sue\u00f1o, anti\u2011edad y estr\u00e9s. Env\u00edo gratis desde 50\u20ac.\" \/>\n<meta name=\"robots\" content=\"index, follow, max-snippet:-1, max-image-preview:large, max-video-preview:-1\" \/>\n<link rel=\"canonical\" href=\"https:\/\/cerebra-nootropics.com\/es\/comercio\/\" \/>\n<meta property=\"og:locale\" content=\"es_ES\" \/>\n<meta property=\"og:type\" content=\"article\" \/>\n<meta property=\"og:title\" content=\"Los Mejores Nootr\u00f3picos y Suplementos | Cerebra Nootropics\" \/>\n<meta property=\"og:description\" content=\"Explora todos los nootr\u00f3picos, ingredientes y stacks dise\u00f1ados para concentraci\u00f3n, sue\u00f1o, anti\u2011edad y estr\u00e9s. Env\u00edo gratis desde 50\u20ac.\" \/>\n<meta property=\"og:url\" content=\"https:\/\/cerebra-nootropics.com\/es\/comercio\/\" \/>\n<meta property=\"og:site_name\" content=\"cerebra-nootropics.com\" \/>\n<meta property=\"article:publisher\" content=\"https:\/\/www.facebook.com\/CerebraNootropics\/\" \/>\n<meta property=\"article:modified_time\" content=\"2025-08-14T10:13:02+00:00\" \/>\n<meta name=\"twitter:card\" content=\"summary_large_image\" \/>\n<script type=\"application\/ld+json\" class=\"yoast-schema-graph\">{\"@context\":\"https:\/\/schema.org\",\"@graph\":[{\"@type\":\"WebPage\",\"@id\":\"https:\/\/cerebra-nootropics.com\/es\/comercio\/\",\"url\":\"https:\/\/cerebra-nootropics.com\/es\/comercio\/\",\"name\":\"Los Mejores Nootr\u00f3picos y Suplementos | Cerebra Nootropics\",\"isPartOf\":{\"@id\":\"https:\/\/cerebra-nootropics.com\/#website\"},\"datePublished\":\"2020-05-29T15:51:53+00:00\",\"dateModified\":\"2025-08-14T10:13:02+00:00\",\"description\":\"Explora todos los nootr\u00f3picos, ingredientes y stacks dise\u00f1ados para concentraci\u00f3n, sue\u00f1o, anti\u2011edad y estr\u00e9s. Env\u00edo gratis desde 50\u20ac.\",\"breadcrumb\":{\"@id\":\"https:\/\/cerebra-nootropics.com\/es\/comercio\/#breadcrumb\"},\"inLanguage\":\"es\",\"potentialAction\":[{\"@type\":\"ReadAction\",\"target\":[\"https:\/\/cerebra-nootropics.com\/es\/comercio\/\"]}]},{\"@type\":\"BreadcrumbList\",\"@id\":\"https:\/\/cerebra-nootropics.com\/es\/comercio\/#breadcrumb\",\"itemListElement\":[{\"@type\":\"ListItem\",\"position\":1,\"name\":\"Home\",\"item\":\"https:\/\/cerebra-nootropics.com\/\"},{\"@type\":\"ListItem\",\"position\":2,\"name\":\"Comercio\"}]},{\"@type\":\"WebSite\",\"@id\":\"https:\/\/cerebra-nootropics.com\/#website\",\"url\":\"https:\/\/cerebra-nootropics.com\/\",\"name\":\"Cerebra Nootropics\",\"description\":\"\",\"publisher\":{\"@id\":\"https:\/\/cerebra-nootropics.com\/#organization\"},\"alternateName\":\"Cerebra\",\"potentialAction\":[{\"@type\":\"SearchAction\",\"target\":{\"@type\":\"EntryPoint\",\"urlTemplate\":\"https:\/\/cerebra-nootropics.com\/?s={search_term_string}\"},\"query-input\":{\"@type\":\"PropertyValueSpecification\",\"valueRequired\":true,\"valueName\":\"search_term_string\"}}],\"inLanguage\":\"es\"},{\"@type\":\"Organization\",\"@id\":\"https:\/\/cerebra-nootropics.com\/#organization\",\"name\":\"Cerebra Nootropics\",\"alternateName\":\"Cerebra\",\"url\":\"https:\/\/cerebra-nootropics.com\/\",\"logo\":{\"@type\":\"ImageObject\",\"inLanguage\":\"es\",\"@id\":\"https:\/\/cerebra-nootropics.com\/#\/schema\/logo\/image\/\",\"url\":\"https:\/\/cerebra-nootropics.com\/wp-content\/uploads\/2023\/04\/LOGO_WEB.png\",\"contentUrl\":\"https:\/\/cerebra-nootropics.com\/wp-content\/uploads\/2023\/04\/LOGO_WEB.png\",\"width\":569,\"height\":121,\"caption\":\"Cerebra Nootropics\"},\"image\":{\"@id\":\"https:\/\/cerebra-nootropics.com\/#\/schema\/logo\/image\/\"},\"sameAs\":[\"https:\/\/www.facebook.com\/CerebraNootropics\/\",\"https:\/\/www.instagram.com\/cerebra.nootropics\/\"]}]}<\/script>\n<!-- \/ Yoast SEO plugin. -->","yoast_head_json":{"title":"Los Mejores Nootr\u00f3picos y Suplementos | Cerebra Nootropics","description":"Explora todos los nootr\u00f3picos, ingredientes y stacks dise\u00f1ados para concentraci\u00f3n, sue\u00f1o, anti\u2011edad y estr\u00e9s. Env\u00edo gratis desde 50\u20ac.","robots":{"index":"index","follow":"follow","max-snippet":"max-snippet:-1","max-image-preview":"max-image-preview:large","max-video-preview":"max-video-preview:-1"},"canonical":"https:\/\/cerebra-nootropics.com\/es\/comercio\/","og_locale":"es_ES","og_type":"article","og_title":"Los Mejores Nootr\u00f3picos y Suplementos | Cerebra Nootropics","og_description":"Explora todos los nootr\u00f3picos, ingredientes y stacks dise\u00f1ados para concentraci\u00f3n, sue\u00f1o, anti\u2011edad y estr\u00e9s. Env\u00edo gratis desde 50\u20ac.","og_url":"https:\/\/cerebra-nootropics.com\/es\/comercio\/","og_site_name":"cerebra-nootropics.com","article_publisher":"https:\/\/www.facebook.com\/CerebraNootropics\/","article_modified_time":"2025-08-14T10:13:02+00:00","twitter_card":"summary_large_image","schema":{"@context":"https:\/\/schema.org","@graph":[{"@type":"WebPage","@id":"https:\/\/cerebra-nootropics.com\/es\/comercio\/","url":"https:\/\/cerebra-nootropics.com\/es\/comercio\/","name":"Los Mejores Nootr\u00f3picos y Suplementos | Cerebra Nootropics","isPartOf":{"@id":"https:\/\/cerebra-nootropics.com\/#website"},"datePublished":"2020-05-29T15:51:53+00:00","dateModified":"2025-08-14T10:13:02+00:00","description":"Explora todos los nootr\u00f3picos, ingredientes y stacks dise\u00f1ados para concentraci\u00f3n, sue\u00f1o, anti\u2011edad y estr\u00e9s. Env\u00edo gratis desde 50\u20ac.","breadcrumb":{"@id":"https:\/\/cerebra-nootropics.com\/es\/comercio\/#breadcrumb"},"inLanguage":"es","potentialAction":[{"@type":"ReadAction","target":["https:\/\/cerebra-nootropics.com\/es\/comercio\/"]}]},{"@type":"BreadcrumbList","@id":"https:\/\/cerebra-nootropics.com\/es\/comercio\/#breadcrumb","itemListElement":[{"@type":"ListItem","position":1,"name":"Home","item":"https:\/\/cerebra-nootropics.com\/"},{"@type":"ListItem","position":2,"name":"Comercio"}]},{"@type":"WebSite","@id":"https:\/\/cerebra-nootropics.com\/#website","url":"https:\/\/cerebra-nootropics.com\/","name":"Cerebra Nootropics","description":"","publisher":{"@id":"https:\/\/cerebra-nootropics.com\/#organization"},"alternateName":"Cerebra","potentialAction":[{"@type":"SearchAction","target":{"@type":"EntryPoint","urlTemplate":"https:\/\/cerebra-nootropics.com\/?s={search_term_string}"},"query-input":{"@type":"PropertyValueSpecification","valueRequired":true,"valueName":"search_term_string"}}],"inLanguage":"es"},{"@type":"Organization","@id":"https:\/\/cerebra-nootropics.com\/#organization","name":"Cerebra Nootropics","alternateName":"Cerebra","url":"https:\/\/cerebra-nootropics.com\/","logo":{"@type":"ImageObject","inLanguage":"es","@id":"https:\/\/cerebra-nootropics.com\/#\/schema\/logo\/image\/","url":"https:\/\/cerebra-nootropics.com\/wp-content\/uploads\/2023\/04\/LOGO_WEB.png","contentUrl":"https:\/\/cerebra-nootropics.com\/wp-content\/uploads\/2023\/04\/LOGO_WEB.png","width":569,"height":121,"caption":"Cerebra Nootropics"},"image":{"@id":"https:\/\/cerebra-nootropics.com\/#\/schema\/logo\/image\/"},"sameAs":["https:\/\/www.facebook.com\/CerebraNootropics\/","https:\/\/www.instagram.com\/cerebra.nootropics\/"]}]}},"_links":{"self":[{"href":"https:\/\/cerebra-nootropics.com\/es\/wp-json\/wp\/v2\/pages\/139316","targetHints":{"allow":["GET"]}}],"collection":[{"href":"https:\/\/cerebra-nootropics.com\/es\/wp-json\/wp\/v2\/pages"}],"about":[{"href":"https:\/\/cerebra-nootropics.com\/es\/wp-json\/wp\/v2\/types\/page"}],"author":[{"embeddable":true,"href":"https:\/\/cerebra-nootropics.com\/es\/wp-json\/wp\/v2\/users\/1"}],"replies":[{"embeddable":true,"href":"https:\/\/cerebra-nootropics.com\/es\/wp-json\/wp\/v2\/comments?post=139316"}],"version-history":[{"count":2,"href":"https:\/\/cerebra-nootropics.com\/es\/wp-json\/wp\/v2\/pages\/139316\/revisions"}],"predecessor-version":[{"id":145270,"href":"https:\/\/cerebra-nootropics.com\/es\/wp-json\/wp\/v2\/pages\/139316\/revisions\/145270"}],"wp:attachment":[{"href":"https:\/\/cerebra-nootropics.com\/es\/wp-json\/wp\/v2\/media?parent=139316"}],"curies":[{"name":"wp","href":"https:\/\/api.w.org\/{rel}","templated":true}]}}