{"id":140405,"date":"2024-07-03T12:48:53","date_gmt":"2024-07-03T12:48:53","guid":{"rendered":"https:\/\/cerebra-nootropics.com\/politica-de-devolucion-y-reembolso\/"},"modified":"2025-05-07T07:34:43","modified_gmt":"2025-05-07T07:34:43","slug":"politica-de-devolucion-y-reembolso","status":"publish","type":"page","link":"https:\/\/cerebra-nootropics.com\/es\/politica-de-devolucion-y-reembolso\/","title":{"rendered":"Pol\u00edtica de devoluci\u00f3n y reembolso"},"content":{"rendered":"\t\t<div data-elementor-type=\"wp-post\" data-elementor-id=\"140405\" class=\"elementor elementor-140405 elementor-140370\">\n\t\t\t\t\t\t<section class=\"elementor-section elementor-top-section elementor-element elementor-element-d2866bd elementor-section-stretched elementor-section-height-min-height elementor-section-boxed elementor-section-height-default elementor-section-items-middle\" data-id=\"d2866bd\" data-element_type=\"section\" data-settings=\"{&quot;stretch_section&quot;:&quot;section-stretched&quot;,&quot;background_background&quot;:&quot;classic&quot;}\">\n\t\t\t\t\t\t\t<div class=\"elementor-background-overlay\"><\/div>\n\t\t\t\t\t\t\t<div class=\"elementor-container elementor-column-gap-default\">\n\t\t\t\t\t<div class=\"elementor-column elementor-col-50 elementor-top-column elementor-element elementor-element-8e1fea8\" data-id=\"8e1fea8\" data-element_type=\"column\">\n\t\t\t<div class=\"elementor-widget-wrap elementor-element-populated\">\n\t\t\t\t\t\t<div class=\"elementor-element elementor-element-655728e elementor-invisible elementor-widget elementor-widget-heading\" data-id=\"655728e\" data-element_type=\"widget\" data-settings=\"{&quot;_animation&quot;:&quot;fadeInUp&quot;}\" data-widget_type=\"heading.default\">\n\t\t\t\t<div class=\"elementor-widget-container\">\n\t\t\t<h1 class=\"elementor-heading-title elementor-size-default\">Pol\u00edtica de devoluci\u00f3n y reembolso<\/h1>\t\t<\/div>\n\t\t\t\t<\/div>\n\t\t\t\t<div class=\"elementor-element elementor-element-9ac4646 elementor-invisible elementor-widget elementor-widget-heading\" data-id=\"9ac4646\" data-element_type=\"widget\" data-settings=\"{&quot;_animation&quot;:&quot;fadeInDown&quot;}\" data-widget_type=\"heading.default\">\n\t\t\t\t<div class=\"elementor-widget-container\">\n\t\t\t<h2 class=\"elementor-heading-title elementor-size-default\">Pasos sencillos para devoluciones y reembolsos<\/h2>\t\t<\/div>\n\t\t\t\t<\/div>\n\t\t\t\t\t<\/div>\n\t\t<\/div>\n\t\t\t\t<div class=\"elementor-column elementor-col-50 elementor-top-column elementor-element elementor-element-5a5f380\" data-id=\"5a5f380\" data-element_type=\"column\">\n\t\t\t<div class=\"elementor-widget-wrap elementor-element-populated\">\n\t\t\t\t\t\t<div class=\"elementor-element elementor-element-05c14c9 elementor-widget elementor-widget-image\" data-id=\"05c14c9\" data-element_type=\"widget\" data-widget_type=\"image.default\">\n\t\t\t\t<div class=\"elementor-widget-container\">\n\t\t\t\t\t\t\t\t\t\t\t\t\t<img fetchpriority=\"high\" decoding=\"async\" width=\"405\" height=\"616\" src=\"https:\/\/cerebra-nootropics.com\/wp-content\/uploads\/2024\/07\/CEREBRA_25-4-2023_BrianLubking_LOWRES-40-1-1-min-removebg-preview.png\" class=\"attachment-full size-full wp-image-140379\" alt=\"\" srcset=\"https:\/\/cerebra-nootropics.com\/wp-content\/uploads\/2024\/07\/CEREBRA_25-4-2023_BrianLubking_LOWRES-40-1-1-min-removebg-preview.png 405w, https:\/\/cerebra-nootropics.com\/wp-content\/uploads\/2024\/07\/CEREBRA_25-4-2023_BrianLubking_LOWRES-40-1-1-min-removebg-preview-300x456.png 300w, https:\/\/cerebra-nootropics.com\/wp-content\/uploads\/2024\/07\/CEREBRA_25-4-2023_BrianLubking_LOWRES-40-1-1-min-removebg-preview-150x228.png 150w, https:\/\/cerebra-nootropics.com\/wp-content\/uploads\/2024\/07\/CEREBRA_25-4-2023_BrianLubking_LOWRES-40-1-1-min-removebg-preview-64x97.png 64w, https:\/\/cerebra-nootropics.com\/wp-content\/uploads\/2024\/07\/CEREBRA_25-4-2023_BrianLubking_LOWRES-40-1-1-min-removebg-preview-197x300.png 197w\" sizes=\"(max-width: 360px) 147px, (max-width: 405px) 100vw, 405px\" \/>\t\t\t\t\t\t\t\t\t\t\t\t\t<\/div>\n\t\t\t\t<\/div>\n\t\t\t\t\t<\/div>\n\t\t<\/div>\n\t\t\t\t\t<\/div>\n\t\t<\/section>\n\t\t\t\t<section class=\"elementor-section elementor-top-section elementor-element elementor-element-16127448 elementor-section-content-top elementor-section-boxed elementor-section-height-default elementor-section-height-default\" data-id=\"16127448\" data-element_type=\"section\">\n\t\t\t\t\t\t<div class=\"elementor-container elementor-column-gap-no\">\n\t\t\t\t\t<div class=\"elementor-column elementor-col-50 elementor-top-column elementor-element elementor-element-2bd57262\" data-id=\"2bd57262\" data-element_type=\"column\">\n\t\t\t<div class=\"elementor-widget-wrap elementor-element-populated\">\n\t\t\t\t\t\t<div class=\"elementor-element elementor-element-43cfc330 elementor-widget elementor-widget-heading\" data-id=\"43cfc330\" data-element_type=\"widget\" data-widget_type=\"heading.default\">\n\t\t\t\t<div class=\"elementor-widget-container\">\n\t\t\t<h3 class=\"elementor-heading-title elementor-size-default\">Proceso de devoluci\u00f3n<\/h3>\t\t<\/div>\n\t\t\t\t<\/div>\n\t\t\t\t<div class=\"elementor-element elementor-element-27021b4 elementor-widget elementor-widget-text-editor\" data-id=\"27021b4\" data-element_type=\"widget\" data-widget_type=\"text-editor.default\">\n\t\t\t\t<div class=\"elementor-widget-container\">\n\t\t\t\t\t\t\t<h4><strong>Para iniciar una devoluci\u00f3n, siga estos pasos:<\/strong><\/h4><ol><li><strong>P\u00f3ngase en contacto con nuestro equipo de atenci\u00f3n al cliente:<\/strong><br \/>Correo electr\u00f3nico: <a href=\"mailto:info@cerebra-nootropics.com\">info@cerebra-nootropics.com <\/a><br \/><span style=\"display: block; color: grey; max-width: 480px;\">Nuestro equipo de atenci\u00f3n al cliente tiene como objetivo procesar y responder su correo electr\u00f3nico dentro de las 24 horas.<br \/><\/span><\/li><li><strong>Provee la siguiente informacion:<\/strong><br \/>1. Tu n\u00famero de pedido<br \/>2. El nombre del producto que deseas devolver<br \/>3. El motivo de la devoluci\u00f3n<\/li><li><strong>Espera por aprovacion:<\/strong> <br \/>Nuestro equipo de atenci\u00f3n al cliente revisar\u00e1 su solicitud y le proporcionar\u00e1 instrucciones sobre c\u00f3mo proceder.<\/li><\/ol>\t\t\t\t\t\t<\/div>\n\t\t\t\t<\/div>\n\t\t\t\t\t<\/div>\n\t\t<\/div>\n\t\t\t\t<div class=\"elementor-column elementor-col-50 elementor-top-column elementor-element elementor-element-7936c04f\" data-id=\"7936c04f\" data-element_type=\"column\">\n\t\t\t<div class=\"elementor-widget-wrap elementor-element-populated\">\n\t\t\t\t\t\t<div class=\"elementor-element elementor-element-3fe26e20 elementor-widget elementor-widget-heading\" data-id=\"3fe26e20\" data-element_type=\"widget\" data-widget_type=\"heading.default\">\n\t\t\t\t<div class=\"elementor-widget-container\">\n\t\t\t<h3 class=\"elementor-heading-title elementor-size-default\">Pol\u00edtica de Devoluciones<\/h3>\t\t<\/div>\n\t\t\t\t<\/div>\n\t\t\t\t<div class=\"elementor-element elementor-element-1e2ae3f elementor-widget elementor-widget-text-editor\" data-id=\"1e2ae3f\" data-element_type=\"widget\" data-widget_type=\"text-editor.default\">\n\t\t\t\t<div class=\"elementor-widget-container\">\n\t\t\t\t\t\t\t<p>Puede devolver su pedido dentro de los 14 d\u00edas posteriores a su recepci\u00f3n. Las devoluciones solo son posibles si el producto est\u00e1 sin abrir y en su estado original.<\/p><p>Para registrar una devoluci\u00f3n, siga los pasos descritos a la izquierda o arriba.<br \/>Los clientes son responsables del coste del env\u00edo de la devoluci\u00f3n. Recomendamos utilizar un m\u00e9todo de env\u00edo rastreable y asegurado para garantizar la devoluci\u00f3n segura del producto. Cerebra no se responsabiliza de los art\u00edculos perdidos o da\u00f1ados durante el proceso de devoluci\u00f3n.<\/p><p>Una vez recibido e inspeccionado el art\u00edculo devuelto, el reembolso se procesar\u00e1 en un plazo de 10 d\u00edas h\u00e1biles.<\/p><p>Si tiene alguna pregunta, puede contactar con nuestro servicio de atenci\u00f3n al cliente.<\/p>\t\t\t\t\t\t<\/div>\n\t\t\t\t<\/div>\n\t\t\t\t<div class=\"elementor-element elementor-element-f45ee4c elementor-widget elementor-widget-heading\" data-id=\"f45ee4c\" data-element_type=\"widget\" data-widget_type=\"heading.default\">\n\t\t\t\t<div class=\"elementor-widget-container\">\n\t\t\t<h3 class=\"elementor-heading-title elementor-size-default\">Reembolsos<\/h3>\t\t<\/div>\n\t\t\t\t<\/div>\n\t\t\t\t<div class=\"elementor-element elementor-element-2d48485 elementor-widget elementor-widget-text-editor\" data-id=\"2d48485\" data-element_type=\"widget\" data-widget_type=\"text-editor.default\">\n\t\t\t\t<div class=\"elementor-widget-container\">\n\t\t\t\t\t\t\t<p>Una vez que recibamos e inspeccionemos el producto devuelto, procesaremos su reembolso. Los reembolsos se emiten al m\u00e9todo de pago original utilizado al momento de la compra. El saldo se acreditar\u00e1 en su cuenta en un plazo de hasta 10 d\u00edas h\u00e1biles.<\/p>\t\t\t\t\t\t<\/div>\n\t\t\t\t<\/div>\n\t\t\t\t\t<\/div>\n\t\t<\/div>\n\t\t\t\t\t<\/div>\n\t\t<\/section>\n\t\t<div class=\"elementor-element elementor-element-a7f377b e-con-full e-flex e-con e-parent\" data-id=\"a7f377b\" data-element_type=\"container\" data-settings=\"{&quot;background_background&quot;:&quot;classic&quot;}\">\n\t\t\t\t<div class=\"elementor-element elementor-element-752229f elementor-widget elementor-widget-heading\" data-id=\"752229f\" data-element_type=\"widget\" data-widget_type=\"heading.default\">\n\t\t\t\t<div class=\"elementor-widget-container\">\n\t\t\t<h3 class=\"elementor-heading-title elementor-size-default\">\u00bfA\u00fan tienes dudas u otras preguntas? <\/h3>\t\t<\/div>\n\t\t\t\t<\/div>\n\t\t\t\t<div class=\"elementor-element elementor-element-8712cba elementor-widget-mobile__width-initial elementor-widget elementor-widget-text-editor\" data-id=\"8712cba\" data-element_type=\"widget\" data-widget_type=\"text-editor.default\">\n\t\t\t\t<div class=\"elementor-widget-container\">\n\t\t\t\t\t\t\t<p>No dude en comunicarse con nosotros y nos pondremos en contacto para responder cualquier pregunta que pueda tener. <\/p>\n\t\t\t\t\t\t<\/div>\n\t\t\t\t<\/div>\n\t\t\t\t<div class=\"elementor-element elementor-element-f20fab6 elementor-align-center elementor-widget elementor-widget-button\" data-id=\"f20fab6\" data-element_type=\"widget\" data-widget_type=\"button.default\">\n\t\t\t\t<div class=\"elementor-widget-container\">\n\t\t\t\t\t\t\t<div class=\"elementor-button-wrapper\">\n\t\t\t\t\t<a class=\"elementor-button elementor-button-link elementor-size-sm\" href=\"https:\/\/cerebra-nootropics.com\/es\/contacta-con-nosotras\/\">\n\t\t\t\t\t\t<span class=\"elementor-button-content-wrapper\">\n\t\t\t\t\t\t\t\t\t<span class=\"elementor-button-text\">Contacta con nosotras<\/span>\n\t\t\t\t\t<\/span>\n\t\t\t\t\t<\/a>\n\t\t\t\t<\/div>\n\t\t\t\t\t\t<\/div>\n\t\t\t\t<\/div>\n\t\t\t\t<\/div>\n\t\t\t\t<\/div>\n\t\t","protected":false},"excerpt":{"rendered":"<p>Pol\u00edtica de devoluci\u00f3n y reembolso Pasos sencillos para devoluciones y reembolsos Proceso de devoluci\u00f3n Para iniciar una devoluci\u00f3n, siga estos pasos: P\u00f3ngase en contacto con nuestro equipo de atenci\u00f3n al cliente:Correo electr\u00f3nico: info@cerebra-nootropics.com Nuestro equipo de atenci\u00f3n al cliente tiene como objetivo procesar y responder su correo electr\u00f3nico dentro de las 24 horas. Provee la [&hellip;]<\/p>\n","protected":false},"author":1,"featured_media":0,"parent":0,"menu_order":0,"comment_status":"closed","ping_status":"closed","template":"template-fullwidth-no-heading.php","meta":{"_acf_changed":false,"footnotes":""},"class_list":["post-140405","page","type-page","status-publish","hentry"],"acf":[],"yoast_head":"<!-- This site is optimized with the Yoast SEO plugin v25.7 - https:\/\/yoast.com\/wordpress\/plugins\/seo\/ -->\n<title>Pol\u00edtica de devoluci\u00f3n y reembolso | Nootr\u00f3picos cerebrales<\/title>\n<meta name=\"description\" content=\"Revise la pol\u00edtica de devoluci\u00f3n y reembolso sin complicaciones de Cerebra Nootropics. Conozca los sencillos pasos para devoluciones, pautas de env\u00edo de devoluciones y procesamiento de reembolsos. Compre con confianza con nuestra garant\u00eda de devoluci\u00f3n de dinero de 30 d\u00edas.\" \/>\n<meta name=\"robots\" content=\"index, follow, max-snippet:-1, max-image-preview:large, max-video-preview:-1\" \/>\n<link rel=\"canonical\" href=\"https:\/\/cerebra-nootropics.com\/es\/politica-de-devolucion-y-reembolso\/\" \/>\n<meta property=\"og:locale\" content=\"es_ES\" \/>\n<meta property=\"og:type\" content=\"article\" \/>\n<meta property=\"og:title\" content=\"Pol\u00edtica de devoluci\u00f3n y reembolso | Nootr\u00f3picos cerebrales\" \/>\n<meta property=\"og:description\" content=\"Revise la pol\u00edtica de devoluci\u00f3n y reembolso sin complicaciones de Cerebra Nootropics. Conozca los sencillos pasos para devoluciones, pautas de env\u00edo de devoluciones y procesamiento de reembolsos. Compre con confianza con nuestra garant\u00eda de devoluci\u00f3n de dinero de 30 d\u00edas.\" \/>\n<meta property=\"og:url\" content=\"https:\/\/cerebra-nootropics.com\/es\/politica-de-devolucion-y-reembolso\/\" \/>\n<meta property=\"og:site_name\" content=\"cerebra-nootropics.com\" \/>\n<meta property=\"article:publisher\" content=\"https:\/\/www.facebook.com\/CerebraNootropics\/\" \/>\n<meta property=\"article:modified_time\" content=\"2025-05-07T07:34:43+00:00\" \/>\n<meta property=\"og:image\" content=\"https:\/\/cerebra-nootropics.com\/wp-content\/uploads\/2024\/07\/CEREBRA_25-4-2023_BrianLubking_LOWRES-40-1-1-min-removebg-preview.png\" \/>\n\t<meta property=\"og:image:width\" content=\"405\" \/>\n\t<meta property=\"og:image:height\" content=\"616\" \/>\n\t<meta property=\"og:image:type\" content=\"image\/png\" \/>\n<meta name=\"twitter:card\" content=\"summary_large_image\" \/>\n<meta name=\"twitter:label1\" content=\"Tiempo de lectura\" \/>\n\t<meta name=\"twitter:data1\" content=\"2 minutos\" \/>\n<script type=\"application\/ld+json\" class=\"yoast-schema-graph\">{\"@context\":\"https:\/\/schema.org\",\"@graph\":[{\"@type\":\"WebPage\",\"@id\":\"https:\/\/cerebra-nootropics.com\/es\/politica-de-devolucion-y-reembolso\/\",\"url\":\"https:\/\/cerebra-nootropics.com\/es\/politica-de-devolucion-y-reembolso\/\",\"name\":\"Pol\u00edtica de devoluci\u00f3n y reembolso | Nootr\u00f3picos cerebrales\",\"isPartOf\":{\"@id\":\"https:\/\/cerebra-nootropics.com\/#website\"},\"primaryImageOfPage\":{\"@id\":\"https:\/\/cerebra-nootropics.com\/es\/politica-de-devolucion-y-reembolso\/#primaryimage\"},\"image\":{\"@id\":\"https:\/\/cerebra-nootropics.com\/es\/politica-de-devolucion-y-reembolso\/#primaryimage\"},\"thumbnailUrl\":\"https:\/\/cerebra-nootropics.com\/wp-content\/uploads\/2024\/07\/CEREBRA_25-4-2023_BrianLubking_LOWRES-40-1-1-min-removebg-preview.png\",\"datePublished\":\"2024-07-03T12:48:53+00:00\",\"dateModified\":\"2025-05-07T07:34:43+00:00\",\"description\":\"Revise la pol\u00edtica de devoluci\u00f3n y reembolso sin complicaciones de Cerebra Nootropics. Conozca los sencillos pasos para devoluciones, pautas de env\u00edo de devoluciones y procesamiento de reembolsos. Compre con confianza con nuestra garant\u00eda de devoluci\u00f3n de dinero de 30 d\u00edas.\",\"breadcrumb\":{\"@id\":\"https:\/\/cerebra-nootropics.com\/es\/politica-de-devolucion-y-reembolso\/#breadcrumb\"},\"inLanguage\":\"es\",\"potentialAction\":[{\"@type\":\"ReadAction\",\"target\":[\"https:\/\/cerebra-nootropics.com\/es\/politica-de-devolucion-y-reembolso\/\"]}]},{\"@type\":\"ImageObject\",\"inLanguage\":\"es\",\"@id\":\"https:\/\/cerebra-nootropics.com\/es\/politica-de-devolucion-y-reembolso\/#primaryimage\",\"url\":\"https:\/\/cerebra-nootropics.com\/wp-content\/uploads\/2024\/07\/CEREBRA_25-4-2023_BrianLubking_LOWRES-40-1-1-min-removebg-preview.png\",\"contentUrl\":\"https:\/\/cerebra-nootropics.com\/wp-content\/uploads\/2024\/07\/CEREBRA_25-4-2023_BrianLubking_LOWRES-40-1-1-min-removebg-preview.png\"},{\"@type\":\"BreadcrumbList\",\"@id\":\"https:\/\/cerebra-nootropics.com\/es\/politica-de-devolucion-y-reembolso\/#breadcrumb\",\"itemListElement\":[{\"@type\":\"ListItem\",\"position\":1,\"name\":\"Home\",\"item\":\"https:\/\/cerebra-nootropics.com\/\"},{\"@type\":\"ListItem\",\"position\":2,\"name\":\"Pol\u00edtica de devoluci\u00f3n y reembolso\"}]},{\"@type\":\"WebSite\",\"@id\":\"https:\/\/cerebra-nootropics.com\/#website\",\"url\":\"https:\/\/cerebra-nootropics.com\/\",\"name\":\"Cerebra Nootropics\",\"description\":\"\",\"publisher\":{\"@id\":\"https:\/\/cerebra-nootropics.com\/#organization\"},\"alternateName\":\"Cerebra\",\"potentialAction\":[{\"@type\":\"SearchAction\",\"target\":{\"@type\":\"EntryPoint\",\"urlTemplate\":\"https:\/\/cerebra-nootropics.com\/?s={search_term_string}\"},\"query-input\":{\"@type\":\"PropertyValueSpecification\",\"valueRequired\":true,\"valueName\":\"search_term_string\"}}],\"inLanguage\":\"es\"},{\"@type\":\"Organization\",\"@id\":\"https:\/\/cerebra-nootropics.com\/#organization\",\"name\":\"Cerebra Nootropics\",\"alternateName\":\"Cerebra\",\"url\":\"https:\/\/cerebra-nootropics.com\/\",\"logo\":{\"@type\":\"ImageObject\",\"inLanguage\":\"es\",\"@id\":\"https:\/\/cerebra-nootropics.com\/#\/schema\/logo\/image\/\",\"url\":\"https:\/\/cerebra-nootropics.com\/wp-content\/uploads\/2023\/04\/LOGO_WEB.png\",\"contentUrl\":\"https:\/\/cerebra-nootropics.com\/wp-content\/uploads\/2023\/04\/LOGO_WEB.png\",\"width\":569,\"height\":121,\"caption\":\"Cerebra Nootropics\"},\"image\":{\"@id\":\"https:\/\/cerebra-nootropics.com\/#\/schema\/logo\/image\/\"},\"sameAs\":[\"https:\/\/www.facebook.com\/CerebraNootropics\/\",\"https:\/\/www.instagram.com\/cerebra.nootropics\/\"]}]}<\/script>\n<!-- \/ Yoast SEO plugin. -->","yoast_head_json":{"title":"Pol\u00edtica de devoluci\u00f3n y reembolso | Nootr\u00f3picos cerebrales","description":"Revise la pol\u00edtica de devoluci\u00f3n y reembolso sin complicaciones de Cerebra Nootropics. Conozca los sencillos pasos para devoluciones, pautas de env\u00edo de devoluciones y procesamiento de reembolsos. Compre con confianza con nuestra garant\u00eda de devoluci\u00f3n de dinero de 30 d\u00edas.","robots":{"index":"index","follow":"follow","max-snippet":"max-snippet:-1","max-image-preview":"max-image-preview:large","max-video-preview":"max-video-preview:-1"},"canonical":"https:\/\/cerebra-nootropics.com\/es\/politica-de-devolucion-y-reembolso\/","og_locale":"es_ES","og_type":"article","og_title":"Pol\u00edtica de devoluci\u00f3n y reembolso | Nootr\u00f3picos cerebrales","og_description":"Revise la pol\u00edtica de devoluci\u00f3n y reembolso sin complicaciones de Cerebra Nootropics. Conozca los sencillos pasos para devoluciones, pautas de env\u00edo de devoluciones y procesamiento de reembolsos. Compre con confianza con nuestra garant\u00eda de devoluci\u00f3n de dinero de 30 d\u00edas.","og_url":"https:\/\/cerebra-nootropics.com\/es\/politica-de-devolucion-y-reembolso\/","og_site_name":"cerebra-nootropics.com","article_publisher":"https:\/\/www.facebook.com\/CerebraNootropics\/","article_modified_time":"2025-05-07T07:34:43+00:00","og_image":[{"width":405,"height":616,"url":"https:\/\/cerebra-nootropics.com\/wp-content\/uploads\/2024\/07\/CEREBRA_25-4-2023_BrianLubking_LOWRES-40-1-1-min-removebg-preview.png","type":"image\/png"}],"twitter_card":"summary_large_image","twitter_misc":{"Tiempo de lectura":"2 minutos"},"schema":{"@context":"https:\/\/schema.org","@graph":[{"@type":"WebPage","@id":"https:\/\/cerebra-nootropics.com\/es\/politica-de-devolucion-y-reembolso\/","url":"https:\/\/cerebra-nootropics.com\/es\/politica-de-devolucion-y-reembolso\/","name":"Pol\u00edtica de devoluci\u00f3n y reembolso | Nootr\u00f3picos cerebrales","isPartOf":{"@id":"https:\/\/cerebra-nootropics.com\/#website"},"primaryImageOfPage":{"@id":"https:\/\/cerebra-nootropics.com\/es\/politica-de-devolucion-y-reembolso\/#primaryimage"},"image":{"@id":"https:\/\/cerebra-nootropics.com\/es\/politica-de-devolucion-y-reembolso\/#primaryimage"},"thumbnailUrl":"https:\/\/cerebra-nootropics.com\/wp-content\/uploads\/2024\/07\/CEREBRA_25-4-2023_BrianLubking_LOWRES-40-1-1-min-removebg-preview.png","datePublished":"2024-07-03T12:48:53+00:00","dateModified":"2025-05-07T07:34:43+00:00","description":"Revise la pol\u00edtica de devoluci\u00f3n y reembolso sin complicaciones de Cerebra Nootropics. Conozca los sencillos pasos para devoluciones, pautas de env\u00edo de devoluciones y procesamiento de reembolsos. Compre con confianza con nuestra garant\u00eda de devoluci\u00f3n de dinero de 30 d\u00edas.","breadcrumb":{"@id":"https:\/\/cerebra-nootropics.com\/es\/politica-de-devolucion-y-reembolso\/#breadcrumb"},"inLanguage":"es","potentialAction":[{"@type":"ReadAction","target":["https:\/\/cerebra-nootropics.com\/es\/politica-de-devolucion-y-reembolso\/"]}]},{"@type":"ImageObject","inLanguage":"es","@id":"https:\/\/cerebra-nootropics.com\/es\/politica-de-devolucion-y-reembolso\/#primaryimage","url":"https:\/\/cerebra-nootropics.com\/wp-content\/uploads\/2024\/07\/CEREBRA_25-4-2023_BrianLubking_LOWRES-40-1-1-min-removebg-preview.png","contentUrl":"https:\/\/cerebra-nootropics.com\/wp-content\/uploads\/2024\/07\/CEREBRA_25-4-2023_BrianLubking_LOWRES-40-1-1-min-removebg-preview.png"},{"@type":"BreadcrumbList","@id":"https:\/\/cerebra-nootropics.com\/es\/politica-de-devolucion-y-reembolso\/#breadcrumb","itemListElement":[{"@type":"ListItem","position":1,"name":"Home","item":"https:\/\/cerebra-nootropics.com\/"},{"@type":"ListItem","position":2,"name":"Pol\u00edtica de devoluci\u00f3n y reembolso"}]},{"@type":"WebSite","@id":"https:\/\/cerebra-nootropics.com\/#website","url":"https:\/\/cerebra-nootropics.com\/","name":"Cerebra Nootropics","description":"","publisher":{"@id":"https:\/\/cerebra-nootropics.com\/#organization"},"alternateName":"Cerebra","potentialAction":[{"@type":"SearchAction","target":{"@type":"EntryPoint","urlTemplate":"https:\/\/cerebra-nootropics.com\/?s={search_term_string}"},"query-input":{"@type":"PropertyValueSpecification","valueRequired":true,"valueName":"search_term_string"}}],"inLanguage":"es"},{"@type":"Organization","@id":"https:\/\/cerebra-nootropics.com\/#organization","name":"Cerebra Nootropics","alternateName":"Cerebra","url":"https:\/\/cerebra-nootropics.com\/","logo":{"@type":"ImageObject","inLanguage":"es","@id":"https:\/\/cerebra-nootropics.com\/#\/schema\/logo\/image\/","url":"https:\/\/cerebra-nootropics.com\/wp-content\/uploads\/2023\/04\/LOGO_WEB.png","contentUrl":"https:\/\/cerebra-nootropics.com\/wp-content\/uploads\/2023\/04\/LOGO_WEB.png","width":569,"height":121,"caption":"Cerebra Nootropics"},"image":{"@id":"https:\/\/cerebra-nootropics.com\/#\/schema\/logo\/image\/"},"sameAs":["https:\/\/www.facebook.com\/CerebraNootropics\/","https:\/\/www.instagram.com\/cerebra.nootropics\/"]}]}},"_links":{"self":[{"href":"https:\/\/cerebra-nootropics.com\/es\/wp-json\/wp\/v2\/pages\/140405","targetHints":{"allow":["GET"]}}],"collection":[{"href":"https:\/\/cerebra-nootropics.com\/es\/wp-json\/wp\/v2\/pages"}],"about":[{"href":"https:\/\/cerebra-nootropics.com\/es\/wp-json\/wp\/v2\/types\/page"}],"author":[{"embeddable":true,"href":"https:\/\/cerebra-nootropics.com\/es\/wp-json\/wp\/v2\/users\/1"}],"replies":[{"embeddable":true,"href":"https:\/\/cerebra-nootropics.com\/es\/wp-json\/wp\/v2\/comments?post=140405"}],"version-history":[{"count":15,"href":"https:\/\/cerebra-nootropics.com\/es\/wp-json\/wp\/v2\/pages\/140405\/revisions"}],"predecessor-version":[{"id":144327,"href":"https:\/\/cerebra-nootropics.com\/es\/wp-json\/wp\/v2\/pages\/140405\/revisions\/144327"}],"wp:attachment":[{"href":"https:\/\/cerebra-nootropics.com\/es\/wp-json\/wp\/v2\/media?parent=140405"}],"curies":[{"name":"wp","href":"https:\/\/api.w.org\/{rel}","templated":true}]}}