{"id":124535,"date":"2023-01-24T01:05:49","date_gmt":"2023-01-24T01:05:49","guid":{"rendered":"https:\/\/bigdavecbd.com\/?post_type=product&#038;p=124535"},"modified":"2026-02-05T11:55:17","modified_gmt":"2026-02-05T11:55:17","slug":"sulbutiamina","status":"publish","type":"product","link":"https:\/\/cerebra-nootropics.com\/es\/product\/sulbutiamina\/","title":{"rendered":"Sulbutiamina"},"content":{"rendered":"<h2><span style=\"font-weight: 400;\">\u00bfQu\u00e9 es Sulbutiamina?\u00a0\u00a0<\/span><\/h2>\n<p><span style=\"font-weight: 400;\">La sulbutiamina es un derivado sint\u00e9tico de la vitamina B1, tambi\u00e9n conocida como tiamina, dise\u00f1ada espec\u00edficamente para mejorar la capacidad del cuerpo para absorber y utilizar este nutriente esencial. La tiamina desempe\u00f1a un papel vital en el metabolismo energ\u00e9tico, ayudando a convertir los carbohidratos en energ\u00eda, lo cual es necesario para el correcto funcionamiento celular.\u00a0<\/span><\/p>\n<p><span style=\"font-weight: 400;\">La sulbutiamina se desarroll\u00f3 originalmente en Jap\u00f3n en respuesta a la creciente necesidad de una forma m\u00e1s efectiva de tiamina, especialmente para abordar problemas de fatiga y escasez de energ\u00eda. Esta forma sint\u00e9tica fue dise\u00f1ada para mejorar la biodisponibilidad de la tiamina, asegurando que el cuerpo pueda hacer un mejor uso de ella, particularmente en el apoyo a la producci\u00f3n de energ\u00eda a nivel celular.<\/span><\/p>\n<p><span style=\"font-weight: 400;\">Una de las caracter\u00edsticas definitorias de la sulbutiamina es su estructura qu\u00edmica \u00fanica, que le permite cruzar la barrera hematoencef\u00e1lica m\u00e1s f\u00e1cilmente que la tiamina est\u00e1ndar. Esto es significativo porque, aunque la tiamina es esencial para muchos procesos corporales, su capacidad para llegar al cerebro a menudo es limitada. Al mejorar la entrega de tiamina al cerebro, la sulbutiamina puede proporcionar beneficios m\u00e1s espec\u00edficos, particularmente en la funci\u00f3n cognitiva y la claridad mental. Esta biodisponibilidad mejorada la convierte en una opci\u00f3n popular para las personas que buscan mejorar tanto los niveles de energ\u00eda f\u00edsica como el rendimiento mental. Como resultado, la sulbutiamina se utiliza a menudo para aumentar la energ\u00eda, reducir la fatiga y promover la agudeza mental general, convirti\u00e9ndo en un suplemento preferido para el bienestar f\u00edsico y cognitivo.<\/span><\/p>\n<p><span style=\"font-weight: 400;\">\u00a0<\/span><\/p>\n<h2><span style=\"font-weight: 400;\">Beneficios de la sulbutiamina\u00a0\u00a0<\/span><\/h2>\n<p><span style=\"font-weight: 400;\">Desafortunadamente, a\u00fan no se nos permite hacer afirmaciones sobre la salud relacionadas con la sulbutamina, aunque se han realizado muchos estudios, estos a\u00fan no han sido reconocidos por la Uni\u00f3n Europea.<\/span><\/p>\n<p><span style=\"font-weight: 400;\">\u00a0<\/span><\/p>\n<h2><span style=\"font-weight: 400;\">Combinando la sulbutiamina con Alpha GPC\u00a0<\/span><\/h2>\n<p><span style=\"font-weight: 400;\">\u00a0<\/span><span style=\"font-weight: 400;\">La sulbutiamina se puede combinar eficazmente con <a href=\"https:\/\/cerebra-nootropics.com\/es\/product\/alpha-gpc\/\">Alpha-GPC<\/a> de Cerebra, ya que,mientras la sulbutiamina, que es una forma de vitamina B1 f\u00e1cilmente absorbida por el cuerpo, <a href=\"https:\/\/cerebra-nootropics.com\/es\/product\/alpha-gpc\/\">Alpha-GPC<\/a> proporciona colina, que es importante para la funci\u00f3n cerebral y la comunicaci\u00f3n celular. Esta combinaci\u00f3n puede crear una mejor sinergia en el apoyo a los niveles de energ\u00eda y las funciones cognitivas, haci\u00e9ndolos un gran complemento entre s\u00ed.<\/span><\/p>\n<h2><span style=\"font-weight: 400;\">\u00a0<\/span><\/h2>\n<h2><span style=\"font-weight: 400;\">Compra de sulbutiamina en Cerebra\u00a0\u00a0<\/span><\/h2>\n<p><span style=\"font-weight: 400;\">Nuestras c\u00e1psulas son de la m\u00e1s alta calidad y provienen de proveedores confiables. Aseguramos que nuestros productos cumplen con estrictos est\u00e1ndares de calidad para que puedas comprar c\u00e1psulas con confianza y experimentar sus beneficios. Nuestros productos se prueban en el laboratorio por lote.<\/span><\/p>\n<p><span style=\"font-weight: 400;\">\u00a0<\/span><\/p>\n<p><span style=\"font-weight: 400;\">*Exenci\u00f3n de responsabilidad: Pendiente de aprobaci\u00f3n europea.\u00a0<\/span><\/p>\n","protected":false},"excerpt":{"rendered":"<p>\u00a1Descubre el potencial energ\u00e9tico de la sulbutiamina y br\u00edndate un impulso poderoso! La sulbutiamina es un suplemento natural que proporciona apoyo para vivir con energ\u00eda y vitalidad. \u00a1Experimenta los beneficios \u00fanicos de la sulbutiamina por ti mismo y realiza tu pedido hoy!<\/p>\n<ul>\n<li>\u00a1Los pedidos realizados antes de las 3:00 m. se env\u00edan hoy mismo!<\/li>\n<li>Tu pedido cabe f\u00e1cilmente en tu buz\u00f3n.<\/li>\n<li>\u00a1Estamos listos para brindarte consejos y apoyo!<\/li>\n<\/ul>\n<p>&nbsp;<\/p>\n","protected":false},"featured_media":145989,"comment_status":"closed","ping_status":"closed","template":"","meta":{"_acf_changed":true},"product_brand":[],"product_cat":[4452,4895],"product_tag":[4942,4959],"class_list":{"0":"post-124535","1":"product","2":"type-product","3":"status-publish","4":"has-post-thumbnail","6":"product_cat-energia","7":"product_cat-cerebro-y-cognitiva","8":"product_tag-creado-en-laboratorio","9":"product_tag-mejor-vendido","11":"first","12":"instock","13":"sale","14":"taxable","15":"shipping-taxable","16":"purchasable","17":"product-type-simple"},"acf":[],"yoast_head":"<!-- This site is optimized with the Yoast SEO plugin v25.7 - https:\/\/yoast.com\/wordpress\/plugins\/seo\/ -->\n<title>Comprar sulbutiamina c\u00e1psulas de 200 mg: env\u00edo r\u00e1pido ES<\/title>\n<meta name=\"description\" content=\"Obt\u00e9n las mejores Sulbutiamina c\u00e1psulas de 200mg en l\u00ednea en la UE a precios imbatibles. Env\u00edo r\u00e1pido y gratuito incluido. \u00a1Compra ahora y ahorra!\" \/>\n<meta name=\"robots\" content=\"index, follow, max-snippet:-1, max-image-preview:large, max-video-preview:-1\" \/>\n<link rel=\"canonical\" href=\"https:\/\/cerebra-nootropics.com\/es\/product\/sulbutiamina\/\" \/>\n<meta property=\"og:locale\" content=\"es_ES\" \/>\n<meta property=\"og:type\" content=\"article\" \/>\n<meta property=\"og:title\" content=\"Comprar sulbutiamina c\u00e1psulas de 200 mg: env\u00edo r\u00e1pido ES\" \/>\n<meta property=\"og:description\" content=\"Obt\u00e9n las mejores Sulbutiamina c\u00e1psulas de 200mg en l\u00ednea en la UE a precios imbatibles. Env\u00edo r\u00e1pido y gratuito incluido. \u00a1Compra ahora y ahorra!\" \/>\n<meta property=\"og:url\" content=\"https:\/\/cerebra-nootropics.com\/es\/product\/sulbutiamina\/\" \/>\n<meta property=\"og:site_name\" content=\"cerebra-nootropics.com\" \/>\n<meta property=\"article:publisher\" content=\"https:\/\/www.facebook.com\/CerebraNootropics\/\" \/>\n<meta property=\"article:modified_time\" content=\"2026-02-05T11:55:17+00:00\" \/>\n<meta property=\"og:image\" content=\"https:\/\/cerebra-nootropics.com\/wp-content\/uploads\/2023\/01\/Sulbutiamine-1-product-3D.jpg\" \/>\n\t<meta property=\"og:image:width\" content=\"1080\" \/>\n\t<meta property=\"og:image:height\" content=\"1080\" \/>\n\t<meta property=\"og:image:type\" content=\"image\/jpeg\" \/>\n<meta name=\"twitter:card\" content=\"summary_large_image\" \/>\n<meta name=\"twitter:label1\" content=\"Tiempo de lectura\" \/>\n\t<meta name=\"twitter:data1\" content=\"3 minutos\" \/>\n<script type=\"application\/ld+json\" class=\"yoast-schema-graph\">{\"@context\":\"https:\/\/schema.org\",\"@graph\":[{\"@type\":\"WebPage\",\"@id\":\"https:\/\/cerebra-nootropics.com\/es\/product\/sulbutiamina\/\",\"url\":\"https:\/\/cerebra-nootropics.com\/es\/product\/sulbutiamina\/\",\"name\":\"Comprar sulbutiamina c\u00e1psulas de 200 mg: env\u00edo r\u00e1pido ES\",\"isPartOf\":{\"@id\":\"https:\/\/cerebra-nootropics.com\/#website\"},\"primaryImageOfPage\":{\"@id\":\"https:\/\/cerebra-nootropics.com\/es\/product\/sulbutiamina\/#primaryimage\"},\"image\":{\"@id\":\"https:\/\/cerebra-nootropics.com\/es\/product\/sulbutiamina\/#primaryimage\"},\"thumbnailUrl\":\"https:\/\/cerebra-nootropics.com\/wp-content\/uploads\/2023\/01\/Sulbutiamine-1-product-3D.jpg\",\"datePublished\":\"2023-01-24T01:05:49+00:00\",\"dateModified\":\"2026-02-05T11:55:17+00:00\",\"description\":\"Obt\u00e9n las mejores Sulbutiamina c\u00e1psulas de 200mg en l\u00ednea en la UE a precios imbatibles. Env\u00edo r\u00e1pido y gratuito incluido. \u00a1Compra ahora y ahorra!\",\"breadcrumb\":{\"@id\":\"https:\/\/cerebra-nootropics.com\/es\/product\/sulbutiamina\/#breadcrumb\"},\"inLanguage\":\"es\",\"potentialAction\":[{\"@type\":\"ReadAction\",\"target\":[\"https:\/\/cerebra-nootropics.com\/es\/product\/sulbutiamina\/\"]}]},{\"@type\":\"ImageObject\",\"inLanguage\":\"es\",\"@id\":\"https:\/\/cerebra-nootropics.com\/es\/product\/sulbutiamina\/#primaryimage\",\"url\":\"https:\/\/cerebra-nootropics.com\/wp-content\/uploads\/2023\/01\/Sulbutiamine-1-product-3D.jpg\",\"contentUrl\":\"https:\/\/cerebra-nootropics.com\/wp-content\/uploads\/2023\/01\/Sulbutiamine-1-product-3D.jpg\",\"width\":1080,\"height\":1080},{\"@type\":\"BreadcrumbList\",\"@id\":\"https:\/\/cerebra-nootropics.com\/es\/product\/sulbutiamina\/#breadcrumb\",\"itemListElement\":[{\"@type\":\"ListItem\",\"position\":1,\"name\":\"Home\",\"item\":\"https:\/\/cerebra-nootropics.com\/\"},{\"@type\":\"ListItem\",\"position\":2,\"name\":\"Shop\",\"item\":\"https:\/\/cerebra-nootropics.com\/shop-all\/\"},{\"@type\":\"ListItem\",\"position\":3,\"name\":\"Sulbutiamina\"}]},{\"@type\":\"WebSite\",\"@id\":\"https:\/\/cerebra-nootropics.com\/#website\",\"url\":\"https:\/\/cerebra-nootropics.com\/\",\"name\":\"Cerebra Nootropics\",\"description\":\"\",\"publisher\":{\"@id\":\"https:\/\/cerebra-nootropics.com\/#organization\"},\"alternateName\":\"Cerebra\",\"potentialAction\":[{\"@type\":\"SearchAction\",\"target\":{\"@type\":\"EntryPoint\",\"urlTemplate\":\"https:\/\/cerebra-nootropics.com\/?s={search_term_string}\"},\"query-input\":{\"@type\":\"PropertyValueSpecification\",\"valueRequired\":true,\"valueName\":\"search_term_string\"}}],\"inLanguage\":\"es\"},{\"@type\":\"Organization\",\"@id\":\"https:\/\/cerebra-nootropics.com\/#organization\",\"name\":\"Cerebra Nootropics\",\"alternateName\":\"Cerebra\",\"url\":\"https:\/\/cerebra-nootropics.com\/\",\"logo\":{\"@type\":\"ImageObject\",\"inLanguage\":\"es\",\"@id\":\"https:\/\/cerebra-nootropics.com\/#\/schema\/logo\/image\/\",\"url\":\"https:\/\/cerebra-nootropics.com\/wp-content\/uploads\/2023\/04\/LOGO_WEB.png\",\"contentUrl\":\"https:\/\/cerebra-nootropics.com\/wp-content\/uploads\/2023\/04\/LOGO_WEB.png\",\"width\":569,\"height\":121,\"caption\":\"Cerebra Nootropics\"},\"image\":{\"@id\":\"https:\/\/cerebra-nootropics.com\/#\/schema\/logo\/image\/\"},\"sameAs\":[\"https:\/\/www.facebook.com\/CerebraNootropics\/\",\"https:\/\/www.instagram.com\/cerebra.nootropics\/\"]}]}<\/script>\n<!-- \/ Yoast SEO plugin. -->","yoast_head_json":{"title":"Comprar sulbutiamina c\u00e1psulas de 200 mg: env\u00edo r\u00e1pido ES","description":"Obt\u00e9n las mejores Sulbutiamina c\u00e1psulas de 200mg en l\u00ednea en la UE a precios imbatibles. Env\u00edo r\u00e1pido y gratuito incluido. \u00a1Compra ahora y ahorra!","robots":{"index":"index","follow":"follow","max-snippet":"max-snippet:-1","max-image-preview":"max-image-preview:large","max-video-preview":"max-video-preview:-1"},"canonical":"https:\/\/cerebra-nootropics.com\/es\/product\/sulbutiamina\/","og_locale":"es_ES","og_type":"article","og_title":"Comprar sulbutiamina c\u00e1psulas de 200 mg: env\u00edo r\u00e1pido ES","og_description":"Obt\u00e9n las mejores Sulbutiamina c\u00e1psulas de 200mg en l\u00ednea en la UE a precios imbatibles. Env\u00edo r\u00e1pido y gratuito incluido. \u00a1Compra ahora y ahorra!","og_url":"https:\/\/cerebra-nootropics.com\/es\/product\/sulbutiamina\/","og_site_name":"cerebra-nootropics.com","article_publisher":"https:\/\/www.facebook.com\/CerebraNootropics\/","article_modified_time":"2026-02-05T11:55:17+00:00","og_image":[{"width":1080,"height":1080,"url":"https:\/\/cerebra-nootropics.com\/wp-content\/uploads\/2023\/01\/Sulbutiamine-1-product-3D.jpg","type":"image\/jpeg"}],"twitter_card":"summary_large_image","twitter_misc":{"Tiempo de lectura":"3 minutos"},"schema":{"@context":"https:\/\/schema.org","@graph":[{"@type":"WebPage","@id":"https:\/\/cerebra-nootropics.com\/es\/product\/sulbutiamina\/","url":"https:\/\/cerebra-nootropics.com\/es\/product\/sulbutiamina\/","name":"Comprar sulbutiamina c\u00e1psulas de 200 mg: env\u00edo r\u00e1pido ES","isPartOf":{"@id":"https:\/\/cerebra-nootropics.com\/#website"},"primaryImageOfPage":{"@id":"https:\/\/cerebra-nootropics.com\/es\/product\/sulbutiamina\/#primaryimage"},"image":{"@id":"https:\/\/cerebra-nootropics.com\/es\/product\/sulbutiamina\/#primaryimage"},"thumbnailUrl":"https:\/\/cerebra-nootropics.com\/wp-content\/uploads\/2023\/01\/Sulbutiamine-1-product-3D.jpg","datePublished":"2023-01-24T01:05:49+00:00","dateModified":"2026-02-05T11:55:17+00:00","description":"Obt\u00e9n las mejores Sulbutiamina c\u00e1psulas de 200mg en l\u00ednea en la UE a precios imbatibles. Env\u00edo r\u00e1pido y gratuito incluido. \u00a1Compra ahora y ahorra!","breadcrumb":{"@id":"https:\/\/cerebra-nootropics.com\/es\/product\/sulbutiamina\/#breadcrumb"},"inLanguage":"es","potentialAction":[{"@type":"ReadAction","target":["https:\/\/cerebra-nootropics.com\/es\/product\/sulbutiamina\/"]}]},{"@type":"ImageObject","inLanguage":"es","@id":"https:\/\/cerebra-nootropics.com\/es\/product\/sulbutiamina\/#primaryimage","url":"https:\/\/cerebra-nootropics.com\/wp-content\/uploads\/2023\/01\/Sulbutiamine-1-product-3D.jpg","contentUrl":"https:\/\/cerebra-nootropics.com\/wp-content\/uploads\/2023\/01\/Sulbutiamine-1-product-3D.jpg","width":1080,"height":1080},{"@type":"BreadcrumbList","@id":"https:\/\/cerebra-nootropics.com\/es\/product\/sulbutiamina\/#breadcrumb","itemListElement":[{"@type":"ListItem","position":1,"name":"Home","item":"https:\/\/cerebra-nootropics.com\/"},{"@type":"ListItem","position":2,"name":"Shop","item":"https:\/\/cerebra-nootropics.com\/shop-all\/"},{"@type":"ListItem","position":3,"name":"Sulbutiamina"}]},{"@type":"WebSite","@id":"https:\/\/cerebra-nootropics.com\/#website","url":"https:\/\/cerebra-nootropics.com\/","name":"Cerebra Nootropics","description":"","publisher":{"@id":"https:\/\/cerebra-nootropics.com\/#organization"},"alternateName":"Cerebra","potentialAction":[{"@type":"SearchAction","target":{"@type":"EntryPoint","urlTemplate":"https:\/\/cerebra-nootropics.com\/?s={search_term_string}"},"query-input":{"@type":"PropertyValueSpecification","valueRequired":true,"valueName":"search_term_string"}}],"inLanguage":"es"},{"@type":"Organization","@id":"https:\/\/cerebra-nootropics.com\/#organization","name":"Cerebra Nootropics","alternateName":"Cerebra","url":"https:\/\/cerebra-nootropics.com\/","logo":{"@type":"ImageObject","inLanguage":"es","@id":"https:\/\/cerebra-nootropics.com\/#\/schema\/logo\/image\/","url":"https:\/\/cerebra-nootropics.com\/wp-content\/uploads\/2023\/04\/LOGO_WEB.png","contentUrl":"https:\/\/cerebra-nootropics.com\/wp-content\/uploads\/2023\/04\/LOGO_WEB.png","width":569,"height":121,"caption":"Cerebra Nootropics"},"image":{"@id":"https:\/\/cerebra-nootropics.com\/#\/schema\/logo\/image\/"},"sameAs":["https:\/\/www.facebook.com\/CerebraNootropics\/","https:\/\/www.instagram.com\/cerebra.nootropics\/"]}]}},"_links":{"self":[{"href":"https:\/\/cerebra-nootropics.com\/es\/wp-json\/wp\/v2\/product\/124535","targetHints":{"allow":["GET"]}}],"collection":[{"href":"https:\/\/cerebra-nootropics.com\/es\/wp-json\/wp\/v2\/product"}],"about":[{"href":"https:\/\/cerebra-nootropics.com\/es\/wp-json\/wp\/v2\/types\/product"}],"replies":[{"embeddable":true,"href":"https:\/\/cerebra-nootropics.com\/es\/wp-json\/wp\/v2\/comments?post=124535"}],"wp:featuredmedia":[{"embeddable":true,"href":"https:\/\/cerebra-nootropics.com\/es\/wp-json\/wp\/v2\/media\/145989"}],"wp:attachment":[{"href":"https:\/\/cerebra-nootropics.com\/es\/wp-json\/wp\/v2\/media?parent=124535"}],"wp:term":[{"taxonomy":"product_brand","embeddable":true,"href":"https:\/\/cerebra-nootropics.com\/es\/wp-json\/wp\/v2\/product_brand?post=124535"},{"taxonomy":"product_cat","embeddable":true,"href":"https:\/\/cerebra-nootropics.com\/es\/wp-json\/wp\/v2\/product_cat?post=124535"},{"taxonomy":"product_tag","embeddable":true,"href":"https:\/\/cerebra-nootropics.com\/es\/wp-json\/wp\/v2\/product_tag?post=124535"}],"curies":[{"name":"wp","href":"https:\/\/api.w.org\/{rel}","templated":true}]}}