{"id":124600,"date":"2024-03-13T14:50:00","date_gmt":"2024-03-13T14:50:00","guid":{"rendered":"https:\/\/bigdavecbd.com\/?post_type=product&#038;p=124600"},"modified":"2026-02-05T11:56:18","modified_gmt":"2026-02-05T11:56:18","slug":"alpha-gpc","status":"publish","type":"product","link":"https:\/\/cerebra-nootropics.com\/es\/product\/alpha-gpc\/","title":{"rendered":"Alpha GPC"},"content":{"rendered":"<h2><span style=\"font-weight: 400;\">\u00bfQu\u00e9 es Alpha GPC?<\/span><\/h2>\n<p><span style=\"font-weight: 400;\">Alpha-GPC es un compuesto natural del amino\u00e1cido de colina que sirve como precursor del neurotransmisor acetilcolina, el cual es esencial para la memoria y las funciones cognitivas. A menudo se crea en laboratorios mediante s\u00edntesis qu\u00edmica para garantizar formas puras y consistentes del compuesto.<\/span><\/p>\n<p>\u00a0<\/p>\n<h2><span style=\"font-weight: 400;\">Alpha GPC como precursor de la acetilcolina<\/span><\/h2>\n<p><span style=\"font-weight: 400;\">Alpha-GPC es un precursor de la acetilcolina, un neurotransmisor clave que es esencial para numerosas funciones corporales. La acetilcolina desempe\u00f1a un papel crucial en los procesos de memoria y aprendizaje al promover la comunicaci\u00f3n entre las c\u00e9lulas nerviosas en el cerebro. Adem\u00e1s, es vital para la contracci\u00f3n muscular, ya que transmite se\u00f1ales desde los nervios hacia los m\u00fasculos, permitiendo tanto los movimientos voluntarios como aquellos que son involuntarios como el latido del coraz\u00f3n y la respiraci\u00f3n.<\/span><\/p>\n<p>\u00a0<\/p>\n<h2><span style=\"font-weight: 400;\">\u00bfQu\u00e9 es un neurotransmisor?<\/span><\/h2>\n<p><span style=\"font-weight: 400;\">Un neurotransmisor es una sustancia qu\u00edmica responsable de transmitir se\u00f1ales entre las c\u00e9lulas nerviosas (neuronas) en el sistema nervioso. Estas sustancias son liberadas por una neurona y se unen a receptores en una neurona adyacente, m\u00fasculo o gl\u00e1ndula, facilitando la transmisi\u00f3n de un impulso nervioso. Los neurotransmisores desempe\u00f1an un papel crucial en la regulaci\u00f3n de una variedad de funciones corporales, incluyendo la motricidad, el estado de \u00e1nimo, las emociones, el sue\u00f1o y los procesos cognitivos como la memoria y el aprendizaje. Algunos neurotransmisores conocidos incluyen la acetilcolina, la dopamina, la serotonina y la norepinefrina, cada uno con funciones espec\u00edficas y efectos en el cuerpo y el comportamiento.<\/span><\/p>\n<p>\u00a0<\/p>\n<h2><span style=\"font-weight: 400;\">Biodisponibilidad de Alpha-GPC<\/span><\/h2>\n<p><span style=\"font-weight: 400;\">Gracias a su alta biodisponibilidad, Alpha-GPC es f\u00e1cilmente absorbido por el cuerpo. Despu\u00e9s de la ingesti\u00f3n, es absorbido r\u00e1pidamente en el tracto digestivo, entrando con facilidad al torrente sangu\u00edneo. Esta absorci\u00f3n eficiente asegura que Alpha-GPC pueda cruzar r\u00e1pidamente la barrera hematoencef\u00e1lica, permiti\u00e9ndole actuar directamente en el cerebro. Aqu\u00ed, aumenta los niveles de acetilcolina, que son esenciales para la memoria, el aprendizaje y la atenci\u00f3n. Adem\u00e1s, apoya la integridad de las membranas celulares y la salud neuronal, contribuyendo al rendimiento cognitivo y f\u00edsico mejorado.<\/span><br \/><br \/><\/p>\n<h2><span style=\"font-weight: 400;\">Combinando Alpha GPC con acetil L-carnitina<\/span><\/h2>\n<p><span style=\"font-weight: 400;\">Una combinaci\u00f3n com\u00fan con Alpha GPC es la Acetil L-carnitina. Alpha GPC proporciona colina, que es esencial para la producci\u00f3n de acetilcolina, un neurotransmisor involucrado en la memoria y el aprendizaje. La acetil L-carnitina apoya el metabolismo energ\u00e9tico del cerebro, mejorando la claridad mental y la funci\u00f3n cognitiva. Juntas, estas dos suplementaciones ofrecen un apoyo poderoso para la salud cerebral y el rendimiento mental, convirti\u00e9ndolas en una opci\u00f3n popular para las personas que buscan mejorar su agudeza cognitiva.<\/span><\/p>\n<p>\u00a0<\/p>\n<h2><span style=\"font-weight: 400;\">Comprar Alpha GPC en Cerebra<\/span><\/h2>\n<p><span style=\"font-weight: 400;\">Nuestras c\u00e1psulas de Alpha GPC son de la m\u00e1s alta calidad y provienen de proveedores confiables. Aseguramos que nuestros productos cumplan con estrictos est\u00e1ndares de calidad, para que puedas comprarlos con confianza y experimentar sus beneficios. Nuestros productos son probados por lotes en el laboratorio.<\/span><\/p>\n\n\n<p><\/p>\n","protected":false},"excerpt":{"rendered":"<p><strong>Experimenta los beneficios de Alpha-GPC 300 mg de Cerebra, un suplemento que te acerca un paso m\u00e1s a tus objetivos de bienestar.<\/strong> Como precursor fisiol\u00f3gico natural de la acetilcolina, tiene diversas funciones en tu cuerpo.<\/p>\n<ul>\n<li>Pedido antes de las 3:00 p. m., \u00a1enviado hoy mismo!<\/li>\n<li>Tu pedido cabe en tu buz\u00f3n.<\/li>\n<li>\u00a1Estamos encantados de brindarte asesoramiento!<\/li>\n<\/ul>\n<p>&nbsp;<\/p>\n","protected":false},"featured_media":146013,"comment_status":"closed","ping_status":"closed","template":"","meta":{"_acf_changed":true},"product_brand":[],"product_cat":[4904,4895],"product_tag":[4942,4959],"class_list":{"0":"post-124600","1":"product","2":"type-product","3":"status-publish","4":"has-post-thumbnail","6":"product_cat-antienvejecimiento","7":"product_cat-cerebro-y-cognitiva","8":"product_tag-creado-en-laboratorio","9":"product_tag-mejor-vendido","11":"first","12":"instock","13":"sale","14":"taxable","15":"shipping-taxable","16":"purchasable","17":"product-type-simple"},"acf":[],"yoast_head":"<!-- This site is optimized with the Yoast SEO plugin v25.7 - https:\/\/yoast.com\/wordpress\/plugins\/seo\/ -->\n<title>Comprar Alpha GPC C\u00e1psulas | Env\u00edo Gratuito en la UE<\/title>\n<meta name=\"description\" content=\"Comprar Alpha GPC C\u00e1psulas de 200\/400mg en l\u00ednea en la UE con env\u00edo r\u00e1pido y gratuito. C\u00f3mpralas ahora para los mejores precios y disfruta de grandes ahorros.\" \/>\n<meta name=\"robots\" content=\"index, follow, max-snippet:-1, max-image-preview:large, max-video-preview:-1\" \/>\n<link rel=\"canonical\" href=\"https:\/\/cerebra-nootropics.com\/es\/product\/alpha-gpc\/\" \/>\n<meta property=\"og:locale\" content=\"es_ES\" \/>\n<meta property=\"og:type\" content=\"article\" \/>\n<meta property=\"og:title\" content=\"Comprar Alpha GPC C\u00e1psulas | Env\u00edo Gratuito en la UE\" \/>\n<meta property=\"og:description\" content=\"Comprar Alpha GPC C\u00e1psulas de 200\/400mg en l\u00ednea en la UE con env\u00edo r\u00e1pido y gratuito. C\u00f3mpralas ahora para los mejores precios y disfruta de grandes ahorros.\" \/>\n<meta property=\"og:url\" content=\"https:\/\/cerebra-nootropics.com\/es\/product\/alpha-gpc\/\" \/>\n<meta property=\"og:site_name\" content=\"cerebra-nootropics.com\" \/>\n<meta property=\"article:publisher\" content=\"https:\/\/www.facebook.com\/CerebraNootropics\/\" \/>\n<meta property=\"article:modified_time\" content=\"2026-02-05T11:56:18+00:00\" \/>\n<meta property=\"og:image\" content=\"https:\/\/cerebra-nootropics.com\/wp-content\/uploads\/2024\/03\/Alpha-GPC-1-product-3D.jpg\" \/>\n\t<meta property=\"og:image:width\" content=\"1080\" \/>\n\t<meta property=\"og:image:height\" content=\"1080\" \/>\n\t<meta property=\"og:image:type\" content=\"image\/jpeg\" \/>\n<meta name=\"twitter:card\" content=\"summary_large_image\" \/>\n<meta name=\"twitter:label1\" content=\"Tiempo de lectura\" \/>\n\t<meta name=\"twitter:data1\" content=\"3 minutos\" \/>\n<script type=\"application\/ld+json\" class=\"yoast-schema-graph\">{\"@context\":\"https:\/\/schema.org\",\"@graph\":[{\"@type\":\"WebPage\",\"@id\":\"https:\/\/cerebra-nootropics.com\/es\/product\/alpha-gpc\/\",\"url\":\"https:\/\/cerebra-nootropics.com\/es\/product\/alpha-gpc\/\",\"name\":\"Comprar Alpha GPC C\u00e1psulas | Env\u00edo Gratuito en la UE\",\"isPartOf\":{\"@id\":\"https:\/\/cerebra-nootropics.com\/#website\"},\"primaryImageOfPage\":{\"@id\":\"https:\/\/cerebra-nootropics.com\/es\/product\/alpha-gpc\/#primaryimage\"},\"image\":{\"@id\":\"https:\/\/cerebra-nootropics.com\/es\/product\/alpha-gpc\/#primaryimage\"},\"thumbnailUrl\":\"https:\/\/cerebra-nootropics.com\/wp-content\/uploads\/2024\/03\/Alpha-GPC-1-product-3D.jpg\",\"datePublished\":\"2024-03-13T14:50:00+00:00\",\"dateModified\":\"2026-02-05T11:56:18+00:00\",\"description\":\"Comprar Alpha GPC C\u00e1psulas de 200\/400mg en l\u00ednea en la UE con env\u00edo r\u00e1pido y gratuito. C\u00f3mpralas ahora para los mejores precios y disfruta de grandes ahorros.\",\"breadcrumb\":{\"@id\":\"https:\/\/cerebra-nootropics.com\/es\/product\/alpha-gpc\/#breadcrumb\"},\"inLanguage\":\"es\",\"potentialAction\":[{\"@type\":\"ReadAction\",\"target\":[\"https:\/\/cerebra-nootropics.com\/es\/product\/alpha-gpc\/\"]}]},{\"@type\":\"ImageObject\",\"inLanguage\":\"es\",\"@id\":\"https:\/\/cerebra-nootropics.com\/es\/product\/alpha-gpc\/#primaryimage\",\"url\":\"https:\/\/cerebra-nootropics.com\/wp-content\/uploads\/2024\/03\/Alpha-GPC-1-product-3D.jpg\",\"contentUrl\":\"https:\/\/cerebra-nootropics.com\/wp-content\/uploads\/2024\/03\/Alpha-GPC-1-product-3D.jpg\",\"width\":1080,\"height\":1080},{\"@type\":\"BreadcrumbList\",\"@id\":\"https:\/\/cerebra-nootropics.com\/es\/product\/alpha-gpc\/#breadcrumb\",\"itemListElement\":[{\"@type\":\"ListItem\",\"position\":1,\"name\":\"Home\",\"item\":\"https:\/\/cerebra-nootropics.com\/\"},{\"@type\":\"ListItem\",\"position\":2,\"name\":\"Shop\",\"item\":\"https:\/\/cerebra-nootropics.com\/shop-all\/\"},{\"@type\":\"ListItem\",\"position\":3,\"name\":\"Alpha GPC\"}]},{\"@type\":\"WebSite\",\"@id\":\"https:\/\/cerebra-nootropics.com\/#website\",\"url\":\"https:\/\/cerebra-nootropics.com\/\",\"name\":\"Cerebra Nootropics\",\"description\":\"\",\"publisher\":{\"@id\":\"https:\/\/cerebra-nootropics.com\/#organization\"},\"alternateName\":\"Cerebra\",\"potentialAction\":[{\"@type\":\"SearchAction\",\"target\":{\"@type\":\"EntryPoint\",\"urlTemplate\":\"https:\/\/cerebra-nootropics.com\/?s={search_term_string}\"},\"query-input\":{\"@type\":\"PropertyValueSpecification\",\"valueRequired\":true,\"valueName\":\"search_term_string\"}}],\"inLanguage\":\"es\"},{\"@type\":\"Organization\",\"@id\":\"https:\/\/cerebra-nootropics.com\/#organization\",\"name\":\"Cerebra Nootropics\",\"alternateName\":\"Cerebra\",\"url\":\"https:\/\/cerebra-nootropics.com\/\",\"logo\":{\"@type\":\"ImageObject\",\"inLanguage\":\"es\",\"@id\":\"https:\/\/cerebra-nootropics.com\/#\/schema\/logo\/image\/\",\"url\":\"https:\/\/cerebra-nootropics.com\/wp-content\/uploads\/2023\/04\/LOGO_WEB.png\",\"contentUrl\":\"https:\/\/cerebra-nootropics.com\/wp-content\/uploads\/2023\/04\/LOGO_WEB.png\",\"width\":569,\"height\":121,\"caption\":\"Cerebra Nootropics\"},\"image\":{\"@id\":\"https:\/\/cerebra-nootropics.com\/#\/schema\/logo\/image\/\"},\"sameAs\":[\"https:\/\/www.facebook.com\/CerebraNootropics\/\",\"https:\/\/www.instagram.com\/cerebra.nootropics\/\"]}]}<\/script>\n<!-- \/ Yoast SEO plugin. -->","yoast_head_json":{"title":"Comprar Alpha GPC C\u00e1psulas | Env\u00edo Gratuito en la UE","description":"Comprar Alpha GPC C\u00e1psulas de 200\/400mg en l\u00ednea en la UE con env\u00edo r\u00e1pido y gratuito. C\u00f3mpralas ahora para los mejores precios y disfruta de grandes ahorros.","robots":{"index":"index","follow":"follow","max-snippet":"max-snippet:-1","max-image-preview":"max-image-preview:large","max-video-preview":"max-video-preview:-1"},"canonical":"https:\/\/cerebra-nootropics.com\/es\/product\/alpha-gpc\/","og_locale":"es_ES","og_type":"article","og_title":"Comprar Alpha GPC C\u00e1psulas | Env\u00edo Gratuito en la UE","og_description":"Comprar Alpha GPC C\u00e1psulas de 200\/400mg en l\u00ednea en la UE con env\u00edo r\u00e1pido y gratuito. C\u00f3mpralas ahora para los mejores precios y disfruta de grandes ahorros.","og_url":"https:\/\/cerebra-nootropics.com\/es\/product\/alpha-gpc\/","og_site_name":"cerebra-nootropics.com","article_publisher":"https:\/\/www.facebook.com\/CerebraNootropics\/","article_modified_time":"2026-02-05T11:56:18+00:00","og_image":[{"width":1080,"height":1080,"url":"https:\/\/cerebra-nootropics.com\/wp-content\/uploads\/2024\/03\/Alpha-GPC-1-product-3D.jpg","type":"image\/jpeg"}],"twitter_card":"summary_large_image","twitter_misc":{"Tiempo de lectura":"3 minutos"},"schema":{"@context":"https:\/\/schema.org","@graph":[{"@type":"WebPage","@id":"https:\/\/cerebra-nootropics.com\/es\/product\/alpha-gpc\/","url":"https:\/\/cerebra-nootropics.com\/es\/product\/alpha-gpc\/","name":"Comprar Alpha GPC C\u00e1psulas | Env\u00edo Gratuito en la UE","isPartOf":{"@id":"https:\/\/cerebra-nootropics.com\/#website"},"primaryImageOfPage":{"@id":"https:\/\/cerebra-nootropics.com\/es\/product\/alpha-gpc\/#primaryimage"},"image":{"@id":"https:\/\/cerebra-nootropics.com\/es\/product\/alpha-gpc\/#primaryimage"},"thumbnailUrl":"https:\/\/cerebra-nootropics.com\/wp-content\/uploads\/2024\/03\/Alpha-GPC-1-product-3D.jpg","datePublished":"2024-03-13T14:50:00+00:00","dateModified":"2026-02-05T11:56:18+00:00","description":"Comprar Alpha GPC C\u00e1psulas de 200\/400mg en l\u00ednea en la UE con env\u00edo r\u00e1pido y gratuito. C\u00f3mpralas ahora para los mejores precios y disfruta de grandes ahorros.","breadcrumb":{"@id":"https:\/\/cerebra-nootropics.com\/es\/product\/alpha-gpc\/#breadcrumb"},"inLanguage":"es","potentialAction":[{"@type":"ReadAction","target":["https:\/\/cerebra-nootropics.com\/es\/product\/alpha-gpc\/"]}]},{"@type":"ImageObject","inLanguage":"es","@id":"https:\/\/cerebra-nootropics.com\/es\/product\/alpha-gpc\/#primaryimage","url":"https:\/\/cerebra-nootropics.com\/wp-content\/uploads\/2024\/03\/Alpha-GPC-1-product-3D.jpg","contentUrl":"https:\/\/cerebra-nootropics.com\/wp-content\/uploads\/2024\/03\/Alpha-GPC-1-product-3D.jpg","width":1080,"height":1080},{"@type":"BreadcrumbList","@id":"https:\/\/cerebra-nootropics.com\/es\/product\/alpha-gpc\/#breadcrumb","itemListElement":[{"@type":"ListItem","position":1,"name":"Home","item":"https:\/\/cerebra-nootropics.com\/"},{"@type":"ListItem","position":2,"name":"Shop","item":"https:\/\/cerebra-nootropics.com\/shop-all\/"},{"@type":"ListItem","position":3,"name":"Alpha GPC"}]},{"@type":"WebSite","@id":"https:\/\/cerebra-nootropics.com\/#website","url":"https:\/\/cerebra-nootropics.com\/","name":"Cerebra Nootropics","description":"","publisher":{"@id":"https:\/\/cerebra-nootropics.com\/#organization"},"alternateName":"Cerebra","potentialAction":[{"@type":"SearchAction","target":{"@type":"EntryPoint","urlTemplate":"https:\/\/cerebra-nootropics.com\/?s={search_term_string}"},"query-input":{"@type":"PropertyValueSpecification","valueRequired":true,"valueName":"search_term_string"}}],"inLanguage":"es"},{"@type":"Organization","@id":"https:\/\/cerebra-nootropics.com\/#organization","name":"Cerebra Nootropics","alternateName":"Cerebra","url":"https:\/\/cerebra-nootropics.com\/","logo":{"@type":"ImageObject","inLanguage":"es","@id":"https:\/\/cerebra-nootropics.com\/#\/schema\/logo\/image\/","url":"https:\/\/cerebra-nootropics.com\/wp-content\/uploads\/2023\/04\/LOGO_WEB.png","contentUrl":"https:\/\/cerebra-nootropics.com\/wp-content\/uploads\/2023\/04\/LOGO_WEB.png","width":569,"height":121,"caption":"Cerebra Nootropics"},"image":{"@id":"https:\/\/cerebra-nootropics.com\/#\/schema\/logo\/image\/"},"sameAs":["https:\/\/www.facebook.com\/CerebraNootropics\/","https:\/\/www.instagram.com\/cerebra.nootropics\/"]}]}},"_links":{"self":[{"href":"https:\/\/cerebra-nootropics.com\/es\/wp-json\/wp\/v2\/product\/124600","targetHints":{"allow":["GET"]}}],"collection":[{"href":"https:\/\/cerebra-nootropics.com\/es\/wp-json\/wp\/v2\/product"}],"about":[{"href":"https:\/\/cerebra-nootropics.com\/es\/wp-json\/wp\/v2\/types\/product"}],"replies":[{"embeddable":true,"href":"https:\/\/cerebra-nootropics.com\/es\/wp-json\/wp\/v2\/comments?post=124600"}],"wp:featuredmedia":[{"embeddable":true,"href":"https:\/\/cerebra-nootropics.com\/es\/wp-json\/wp\/v2\/media\/146013"}],"wp:attachment":[{"href":"https:\/\/cerebra-nootropics.com\/es\/wp-json\/wp\/v2\/media?parent=124600"}],"wp:term":[{"taxonomy":"product_brand","embeddable":true,"href":"https:\/\/cerebra-nootropics.com\/es\/wp-json\/wp\/v2\/product_brand?post=124600"},{"taxonomy":"product_cat","embeddable":true,"href":"https:\/\/cerebra-nootropics.com\/es\/wp-json\/wp\/v2\/product_cat?post=124600"},{"taxonomy":"product_tag","embeddable":true,"href":"https:\/\/cerebra-nootropics.com\/es\/wp-json\/wp\/v2\/product_tag?post=124600"}],"curies":[{"name":"wp","href":"https:\/\/api.w.org\/{rel}","templated":true}]}}