{"id":124782,"date":"2023-01-24T01:05:50","date_gmt":"2023-01-24T01:05:50","guid":{"rendered":"https:\/\/bigdavecbd.com\/?post_type=product&#038;p=124782"},"modified":"2026-02-05T11:57:28","modified_gmt":"2026-02-05T11:57:28","slug":"dihidromiricetina-dhm","status":"publish","type":"product","link":"https:\/\/cerebra-nootropics.com\/es\/product\/dihidromiricetina-dhm\/","title":{"rendered":"Dihidromiricetina DHM"},"content":{"rendered":"<h2><span style=\"font-weight: 400;\">\u00bfQu\u00e9 es DHM?\u00a0\u00a0<\/span><\/h2>\n<p><span style=\"font-weight: 400;\">Dihydromyricetina (DHM), tambi\u00e9n conocido como ampelopsina, es un compuesto flavonoide que se encuentra de forma natural en las hojas de la planta H<\/span><i><span style=\"font-weight: 400;\">ovenia dulcis<\/span><\/i><span style=\"font-weight: 400;\">, tambi\u00e9n conocida como \u201cpasas hovenia\u201d en Jap\u00f3n. Este compuesto se ha utilizado durante siglos en la medicina tradicional en China y Jap\u00f3n debido a sus beneficios para la salud.<\/span><\/p>\n<p>\u00a0<\/p>\n<h2><span style=\"font-weight: 400;\">Dihydromyricetina: remedio contra la resaca\u00a0<\/span><\/h2>\n<p><span style=\"font-weight: 400;\">La dihidromiricetina, tambi\u00e9n conocida como ampelopsina, es elogiada por algunos investigadores como un remedio eficaz contra las resacas. Este componente natural, derivado de las hojas de <\/span><i><span style=\"font-weight: 400;\">Ampelopsis grossedentata<\/span><\/i><span style=\"font-weight: 400;\">, ha sido objeto de estudios exhaustivos en los \u00faltimos a\u00f1os. Se ha utilizado durante siglos en la medicina china, principalmente en China, Jap\u00f3n y Corea. Los efectos de la dihidromiricetina, que ofrecen protecci\u00f3n al h\u00edgado han llamado la atenci\u00f3n de los cient\u00edficos, quienes han investigado su eficacia para combatir los efectos secundarios del alcohol.\u00a0\u00a0<\/span><\/p>\n<p><span style=\"font-weight: 400;\">Las investigaciones en curso sugieren que la dihidromiricetina no solo protege al h\u00edgado de los da\u00f1os causados por el alcohol, sino que tambi\u00e9n reduce los s\u00edntomas de la resaca, como los dolores de cabeza y las n\u00e1useas.<\/span><\/p>\n<p>\u00a0<\/p>\n<h2><span style=\"font-weight: 400;\">Beneficios para la salud de DHM:\u00a0\u00a0<\/span><\/h2>\n<ul>\n<li><span style=\"font-weight: 400;\">Puede reducir el da\u00f1o causado por el alcohol, gracias a sus potentes propiedades antioxidantes.\u00a0\u00a0<\/span><\/li>\n<li><span style=\"font-weight: 400;\">Puede favorecer la eliminaci\u00f3n del alcohol del sistema al estimular la actividad de la enzima alcohol deshidrogenasa.\u00a0\u00a0<\/span><\/li>\n<li><span style=\"font-weight: 400;\">Puede combatir la toxicidad causada por el consumo de alcohol al proteger el h\u00edgado y ayudar en la desintoxicaci\u00f3n.<\/span><\/li>\n<\/ul>\n<p>\u00a0<\/p>\n<h2><span style=\"font-weight: 400;\">Combinando dihidromiricetina con cardo mariano<\/span><\/h2>\n<p><span style=\"font-weight: 400;\">La combinaci\u00f3n de dihidromiricetina (DHM) y <a href=\"https:\/\/cerebra-nootropics.com\/es\/product\/milk-thistle-extract\/\">cardo mariano<\/a> ofrece un enfoque prometedor para apoyar la salud del h\u00edgado y combatir los efectos perjudiciales del alcohol. La dihidromiricetina es conocida por sus propiedades protectoras del h\u00edgado y antioxidantes, lo que la hace efectiva para reducir el da\u00f1o relacionado con el alcohol y aliviar los s\u00edntomas de la resaca. El <a href=\"https:\/\/cerebra-nootropics.com\/es\/product\/milk-thistle-extract\/\">cardo mariano<\/a>, con su componente activo silimarina, ha sido reconocido durante mucho tiempo por su capacidad para desintoxicar el h\u00edgado y protegerlo de las toxinas. Cuando se combinan estos dos potentes suplementos naturales, pueden trabajar sin\u00e9rgicamente para apoyar el h\u00edgado, promover la regeneraci\u00f3n de las c\u00e9lulas hep\u00e1ticas y mejorar la funci\u00f3n hep\u00e1tica en general. Esta combinaci\u00f3n puede ser particularmente \u00fatil para las personas que consumen alcohol regularmente y desean optimizar la salud de su h\u00edgado.<\/span><\/p>\n<p>\u00a0<\/p>\n<h2><span style=\"font-weight: 400;\">Combinando DHM con L-glutamina\u00a0\u00a0<\/span><\/h2>\n<p><span style=\"font-weight: 400;\">DHM a menudo se combina con L-glutamina para mejorar la recuperaci\u00f3n despu\u00e9s del consumo de alcohol. DHM ayuda a acelerar la descomposici\u00f3n del alcohol y puede reducir los efectos de una resaca, mientras que la L-glutamina apoya el h\u00edgado y ayuda en la recuperaci\u00f3n de energ\u00eda despu\u00e9s del consumo de alcohol. Juntos, ofrecen una poderosa combinaci\u00f3n para proteger y restaurar el cuerpo.<\/span><\/p>\n<p>\u00a0<\/p>\n<h2><span style=\"font-weight: 400;\">Comprar DHM en Cerebra\u00a0\u00a0<\/span><\/h2>\n<p><span style=\"font-weight: 400;\">Nuestras c\u00e1psulas de DHM son de la m\u00e1s alta calidad y provienen de proveedores confiables. Aseguramos que nuestros productos cumplan con estrictos est\u00e1ndares de calidad para que puedas comprarlos con confianza y experimentar sus beneficios. Nuestros productos son sometidos a pruebas de lotes en el laboratorio.<\/span><\/p>\n<p><br \/><br \/><\/p>\n<p><span style=\"font-weight: 400;\">*Exenci\u00f3n de responsabilidad: Pendiente de aprobaci\u00f3n europea.\u00a0\u00a0<\/span><\/p>\n\n\n<p><\/p>\n","protected":false},"excerpt":{"rendered":"<p>\u00a1Descubre el poder de la DHM para una vida despreocupada! Con la DHM, tambi\u00e9n conocida como Dihidromiricetina, puedes disfrutar plenamente de la vida sin los efectos negativos del alcohol. Explora nuestros suplementos de DHM, una fascinante adici\u00f3n a nuestra gama. La DHM es un compuesto que llama la atenci\u00f3n debido a su estructura qu\u00edmica y sus propiedades \u00fanicas. \u00a0<\/p>\n<ul>\n<li>Pedido antes de las 3:00 p. m., \u00a1enviado hoy mismo!<\/li>\n<li>Tu pedido cabe en tu buz\u00f3n.<\/li>\n<li>\u00a1Estamos aqu\u00ed para brindar asesoramiento!<\/li>\n<\/ul>\n","protected":false},"featured_media":145963,"comment_status":"closed","ping_status":"closed","template":"","meta":{"_acf_changed":true},"product_brand":[],"product_cat":[4904,4902],"product_tag":[4946,4959],"class_list":{"0":"post-124782","1":"product","2":"type-product","3":"status-publish","4":"has-post-thumbnail","6":"product_cat-antienvejecimiento","7":"product_cat-digestiva","8":"product_tag-extracto-de-planta","9":"product_tag-mejor-vendido","11":"first","12":"instock","13":"sale","14":"taxable","15":"shipping-taxable","16":"purchasable","17":"product-type-simple"},"acf":[],"yoast_head":"<!-- This site is optimized with the Yoast SEO plugin v25.7 - https:\/\/yoast.com\/wordpress\/plugins\/seo\/ -->\n<title>Comprar Dihidromiricetina C\u00e1psulas | Env\u00edo Gratuito en la UE<\/title>\n<meta name=\"description\" content=\"Experimenta los beneficios de Dihidromiricetina C\u00e1psulas de 400mg, disponibles en l\u00ednea en la UE. Env\u00edo r\u00e1pido y gratuito. \u00a1Compra ahora para incre\u00edbles ahorros!\" \/>\n<meta name=\"robots\" content=\"index, follow, max-snippet:-1, max-image-preview:large, max-video-preview:-1\" \/>\n<link rel=\"canonical\" href=\"https:\/\/cerebra-nootropics.com\/es\/product\/dihidromiricetina-dhm\/\" \/>\n<meta property=\"og:locale\" content=\"es_ES\" \/>\n<meta property=\"og:type\" content=\"article\" \/>\n<meta property=\"og:title\" content=\"Comprar Dihidromiricetina C\u00e1psulas | Env\u00edo Gratuito en la UE\" \/>\n<meta property=\"og:description\" content=\"Experimenta los beneficios de Dihidromiricetina C\u00e1psulas de 400mg, disponibles en l\u00ednea en la UE. Env\u00edo r\u00e1pido y gratuito. \u00a1Compra ahora para incre\u00edbles ahorros!\" \/>\n<meta property=\"og:url\" content=\"https:\/\/cerebra-nootropics.com\/es\/product\/dihidromiricetina-dhm\/\" \/>\n<meta property=\"og:site_name\" content=\"cerebra-nootropics.com\" \/>\n<meta property=\"article:publisher\" content=\"https:\/\/www.facebook.com\/CerebraNootropics\/\" \/>\n<meta property=\"article:modified_time\" content=\"2026-02-05T11:57:28+00:00\" \/>\n<meta property=\"og:image\" content=\"https:\/\/cerebra-nootropics.com\/wp-content\/uploads\/2023\/01\/DHM-1-product-3D.jpg\" \/>\n\t<meta property=\"og:image:width\" content=\"1080\" \/>\n\t<meta property=\"og:image:height\" content=\"1080\" \/>\n\t<meta property=\"og:image:type\" content=\"image\/jpeg\" \/>\n<meta name=\"twitter:card\" content=\"summary_large_image\" \/>\n<meta name=\"twitter:label1\" content=\"Tiempo de lectura\" \/>\n\t<meta name=\"twitter:data1\" content=\"3 minutos\" \/>\n<script type=\"application\/ld+json\" class=\"yoast-schema-graph\">{\"@context\":\"https:\/\/schema.org\",\"@graph\":[{\"@type\":\"WebPage\",\"@id\":\"https:\/\/cerebra-nootropics.com\/es\/product\/dihidromiricetina-dhm\/\",\"url\":\"https:\/\/cerebra-nootropics.com\/es\/product\/dihidromiricetina-dhm\/\",\"name\":\"Comprar Dihidromiricetina C\u00e1psulas | Env\u00edo Gratuito en la UE\",\"isPartOf\":{\"@id\":\"https:\/\/cerebra-nootropics.com\/#website\"},\"primaryImageOfPage\":{\"@id\":\"https:\/\/cerebra-nootropics.com\/es\/product\/dihidromiricetina-dhm\/#primaryimage\"},\"image\":{\"@id\":\"https:\/\/cerebra-nootropics.com\/es\/product\/dihidromiricetina-dhm\/#primaryimage\"},\"thumbnailUrl\":\"https:\/\/cerebra-nootropics.com\/wp-content\/uploads\/2023\/01\/DHM-1-product-3D.jpg\",\"datePublished\":\"2023-01-24T01:05:50+00:00\",\"dateModified\":\"2026-02-05T11:57:28+00:00\",\"description\":\"Experimenta los beneficios de Dihidromiricetina C\u00e1psulas de 400mg, disponibles en l\u00ednea en la UE. Env\u00edo r\u00e1pido y gratuito. \u00a1Compra ahora para incre\u00edbles ahorros!\",\"breadcrumb\":{\"@id\":\"https:\/\/cerebra-nootropics.com\/es\/product\/dihidromiricetina-dhm\/#breadcrumb\"},\"inLanguage\":\"es\",\"potentialAction\":[{\"@type\":\"ReadAction\",\"target\":[\"https:\/\/cerebra-nootropics.com\/es\/product\/dihidromiricetina-dhm\/\"]}]},{\"@type\":\"ImageObject\",\"inLanguage\":\"es\",\"@id\":\"https:\/\/cerebra-nootropics.com\/es\/product\/dihidromiricetina-dhm\/#primaryimage\",\"url\":\"https:\/\/cerebra-nootropics.com\/wp-content\/uploads\/2023\/01\/DHM-1-product-3D.jpg\",\"contentUrl\":\"https:\/\/cerebra-nootropics.com\/wp-content\/uploads\/2023\/01\/DHM-1-product-3D.jpg\",\"width\":1080,\"height\":1080},{\"@type\":\"BreadcrumbList\",\"@id\":\"https:\/\/cerebra-nootropics.com\/es\/product\/dihidromiricetina-dhm\/#breadcrumb\",\"itemListElement\":[{\"@type\":\"ListItem\",\"position\":1,\"name\":\"Home\",\"item\":\"https:\/\/cerebra-nootropics.com\/\"},{\"@type\":\"ListItem\",\"position\":2,\"name\":\"Shop\",\"item\":\"https:\/\/cerebra-nootropics.com\/shop-all\/\"},{\"@type\":\"ListItem\",\"position\":3,\"name\":\"Dihidromiricetina DHM\"}]},{\"@type\":\"WebSite\",\"@id\":\"https:\/\/cerebra-nootropics.com\/#website\",\"url\":\"https:\/\/cerebra-nootropics.com\/\",\"name\":\"Cerebra Nootropics\",\"description\":\"\",\"publisher\":{\"@id\":\"https:\/\/cerebra-nootropics.com\/#organization\"},\"alternateName\":\"Cerebra\",\"potentialAction\":[{\"@type\":\"SearchAction\",\"target\":{\"@type\":\"EntryPoint\",\"urlTemplate\":\"https:\/\/cerebra-nootropics.com\/?s={search_term_string}\"},\"query-input\":{\"@type\":\"PropertyValueSpecification\",\"valueRequired\":true,\"valueName\":\"search_term_string\"}}],\"inLanguage\":\"es\"},{\"@type\":\"Organization\",\"@id\":\"https:\/\/cerebra-nootropics.com\/#organization\",\"name\":\"Cerebra Nootropics\",\"alternateName\":\"Cerebra\",\"url\":\"https:\/\/cerebra-nootropics.com\/\",\"logo\":{\"@type\":\"ImageObject\",\"inLanguage\":\"es\",\"@id\":\"https:\/\/cerebra-nootropics.com\/#\/schema\/logo\/image\/\",\"url\":\"https:\/\/cerebra-nootropics.com\/wp-content\/uploads\/2023\/04\/LOGO_WEB.png\",\"contentUrl\":\"https:\/\/cerebra-nootropics.com\/wp-content\/uploads\/2023\/04\/LOGO_WEB.png\",\"width\":569,\"height\":121,\"caption\":\"Cerebra Nootropics\"},\"image\":{\"@id\":\"https:\/\/cerebra-nootropics.com\/#\/schema\/logo\/image\/\"},\"sameAs\":[\"https:\/\/www.facebook.com\/CerebraNootropics\/\",\"https:\/\/www.instagram.com\/cerebra.nootropics\/\"]}]}<\/script>\n<!-- \/ Yoast SEO plugin. -->","yoast_head_json":{"title":"Comprar Dihidromiricetina C\u00e1psulas | Env\u00edo Gratuito en la UE","description":"Experimenta los beneficios de Dihidromiricetina C\u00e1psulas de 400mg, disponibles en l\u00ednea en la UE. Env\u00edo r\u00e1pido y gratuito. \u00a1Compra ahora para incre\u00edbles ahorros!","robots":{"index":"index","follow":"follow","max-snippet":"max-snippet:-1","max-image-preview":"max-image-preview:large","max-video-preview":"max-video-preview:-1"},"canonical":"https:\/\/cerebra-nootropics.com\/es\/product\/dihidromiricetina-dhm\/","og_locale":"es_ES","og_type":"article","og_title":"Comprar Dihidromiricetina C\u00e1psulas | Env\u00edo Gratuito en la UE","og_description":"Experimenta los beneficios de Dihidromiricetina C\u00e1psulas de 400mg, disponibles en l\u00ednea en la UE. Env\u00edo r\u00e1pido y gratuito. \u00a1Compra ahora para incre\u00edbles ahorros!","og_url":"https:\/\/cerebra-nootropics.com\/es\/product\/dihidromiricetina-dhm\/","og_site_name":"cerebra-nootropics.com","article_publisher":"https:\/\/www.facebook.com\/CerebraNootropics\/","article_modified_time":"2026-02-05T11:57:28+00:00","og_image":[{"width":1080,"height":1080,"url":"https:\/\/cerebra-nootropics.com\/wp-content\/uploads\/2023\/01\/DHM-1-product-3D.jpg","type":"image\/jpeg"}],"twitter_card":"summary_large_image","twitter_misc":{"Tiempo de lectura":"3 minutos"},"schema":{"@context":"https:\/\/schema.org","@graph":[{"@type":"WebPage","@id":"https:\/\/cerebra-nootropics.com\/es\/product\/dihidromiricetina-dhm\/","url":"https:\/\/cerebra-nootropics.com\/es\/product\/dihidromiricetina-dhm\/","name":"Comprar Dihidromiricetina C\u00e1psulas | Env\u00edo Gratuito en la UE","isPartOf":{"@id":"https:\/\/cerebra-nootropics.com\/#website"},"primaryImageOfPage":{"@id":"https:\/\/cerebra-nootropics.com\/es\/product\/dihidromiricetina-dhm\/#primaryimage"},"image":{"@id":"https:\/\/cerebra-nootropics.com\/es\/product\/dihidromiricetina-dhm\/#primaryimage"},"thumbnailUrl":"https:\/\/cerebra-nootropics.com\/wp-content\/uploads\/2023\/01\/DHM-1-product-3D.jpg","datePublished":"2023-01-24T01:05:50+00:00","dateModified":"2026-02-05T11:57:28+00:00","description":"Experimenta los beneficios de Dihidromiricetina C\u00e1psulas de 400mg, disponibles en l\u00ednea en la UE. Env\u00edo r\u00e1pido y gratuito. \u00a1Compra ahora para incre\u00edbles ahorros!","breadcrumb":{"@id":"https:\/\/cerebra-nootropics.com\/es\/product\/dihidromiricetina-dhm\/#breadcrumb"},"inLanguage":"es","potentialAction":[{"@type":"ReadAction","target":["https:\/\/cerebra-nootropics.com\/es\/product\/dihidromiricetina-dhm\/"]}]},{"@type":"ImageObject","inLanguage":"es","@id":"https:\/\/cerebra-nootropics.com\/es\/product\/dihidromiricetina-dhm\/#primaryimage","url":"https:\/\/cerebra-nootropics.com\/wp-content\/uploads\/2023\/01\/DHM-1-product-3D.jpg","contentUrl":"https:\/\/cerebra-nootropics.com\/wp-content\/uploads\/2023\/01\/DHM-1-product-3D.jpg","width":1080,"height":1080},{"@type":"BreadcrumbList","@id":"https:\/\/cerebra-nootropics.com\/es\/product\/dihidromiricetina-dhm\/#breadcrumb","itemListElement":[{"@type":"ListItem","position":1,"name":"Home","item":"https:\/\/cerebra-nootropics.com\/"},{"@type":"ListItem","position":2,"name":"Shop","item":"https:\/\/cerebra-nootropics.com\/shop-all\/"},{"@type":"ListItem","position":3,"name":"Dihidromiricetina DHM"}]},{"@type":"WebSite","@id":"https:\/\/cerebra-nootropics.com\/#website","url":"https:\/\/cerebra-nootropics.com\/","name":"Cerebra Nootropics","description":"","publisher":{"@id":"https:\/\/cerebra-nootropics.com\/#organization"},"alternateName":"Cerebra","potentialAction":[{"@type":"SearchAction","target":{"@type":"EntryPoint","urlTemplate":"https:\/\/cerebra-nootropics.com\/?s={search_term_string}"},"query-input":{"@type":"PropertyValueSpecification","valueRequired":true,"valueName":"search_term_string"}}],"inLanguage":"es"},{"@type":"Organization","@id":"https:\/\/cerebra-nootropics.com\/#organization","name":"Cerebra Nootropics","alternateName":"Cerebra","url":"https:\/\/cerebra-nootropics.com\/","logo":{"@type":"ImageObject","inLanguage":"es","@id":"https:\/\/cerebra-nootropics.com\/#\/schema\/logo\/image\/","url":"https:\/\/cerebra-nootropics.com\/wp-content\/uploads\/2023\/04\/LOGO_WEB.png","contentUrl":"https:\/\/cerebra-nootropics.com\/wp-content\/uploads\/2023\/04\/LOGO_WEB.png","width":569,"height":121,"caption":"Cerebra Nootropics"},"image":{"@id":"https:\/\/cerebra-nootropics.com\/#\/schema\/logo\/image\/"},"sameAs":["https:\/\/www.facebook.com\/CerebraNootropics\/","https:\/\/www.instagram.com\/cerebra.nootropics\/"]}]}},"_links":{"self":[{"href":"https:\/\/cerebra-nootropics.com\/es\/wp-json\/wp\/v2\/product\/124782","targetHints":{"allow":["GET"]}}],"collection":[{"href":"https:\/\/cerebra-nootropics.com\/es\/wp-json\/wp\/v2\/product"}],"about":[{"href":"https:\/\/cerebra-nootropics.com\/es\/wp-json\/wp\/v2\/types\/product"}],"replies":[{"embeddable":true,"href":"https:\/\/cerebra-nootropics.com\/es\/wp-json\/wp\/v2\/comments?post=124782"}],"wp:featuredmedia":[{"embeddable":true,"href":"https:\/\/cerebra-nootropics.com\/es\/wp-json\/wp\/v2\/media\/145963"}],"wp:attachment":[{"href":"https:\/\/cerebra-nootropics.com\/es\/wp-json\/wp\/v2\/media?parent=124782"}],"wp:term":[{"taxonomy":"product_brand","embeddable":true,"href":"https:\/\/cerebra-nootropics.com\/es\/wp-json\/wp\/v2\/product_brand?post=124782"},{"taxonomy":"product_cat","embeddable":true,"href":"https:\/\/cerebra-nootropics.com\/es\/wp-json\/wp\/v2\/product_cat?post=124782"},{"taxonomy":"product_tag","embeddable":true,"href":"https:\/\/cerebra-nootropics.com\/es\/wp-json\/wp\/v2\/product_tag?post=124782"}],"curies":[{"name":"wp","href":"https:\/\/api.w.org\/{rel}","templated":true}]}}